	{"id":10124,"date":"2018-01-26T14:11:32","date_gmt":"2018-01-26T13:11:32","guid":{"rendered":"http:\/\/bonycom.hu\/?page_id=10124"},"modified":"2018-01-26T14:29:46","modified_gmt":"2018-01-26T13:29:46","slug":"kozbeszerzesi-tervek","status":"publish","type":"page","link":"http:\/\/bonycom.hu\/old\/kozbeszerzesi-tervek\/","title":{"rendered":"K\u00f6zbeszerz\u00e9si tervek"},"content":{"rendered":"<p><a href=\"http:\/\/bonycom.hu\/wp-content\/uploads\/2018\/01\/20170901_melleklet-koezbeszerzesi-terv-2017_bonycom.pdf\" target=\"_blank\">K\u00f6zbeszerz\u00e9si terv 2017. \u00e9vi mell\u00e9klet <\/a><\/p>\r\n<p><a href=\"http:\/\/bonycom.hu\/wp-content\/uploads\/2018\/01\/20180126_melleklet-koezbeszerzesi-terv-2018_bonycom.pdf\" target=\"_blank\">K\u00f6zbeszerz\u00e9si terv 2018. \u00e9vi mell\u00e9klet <\/a><\/p>","protected":false},"excerpt":{"rendered":"K\u00f6zbeszerz\u00e9si terv 2017. \u00e9vi mell\u00e9klet K\u00f6zbeszerz\u00e9si terv 2018. \u00e9vi mell\u00e9klet","protected":false},"author":8,"featured_media":0,"parent":0,"menu_order":0,"comment_status":"closed","ping_status":"closed","template":"","meta":{"_monsterinsights_skip_tracking":false,"_monsterinsights_sitenote_active":false,"_monsterinsights_sitenote_note":"","_monsterinsights_sitenote_category":0,"footnotes":""},"class_list":["post-10124","page","type-page","status-publish","hentry"],"yoast_head":"<!-- This site is optimized with the Yoast SEO plugin v26.6 - https:\/\/yoast.com\/wordpress\/plugins\/seo\/ -->\n<title>K\u00f6zbeszerz\u00e9si tervek - Bonycom - Bonyh\u00e1di K\u00f6z\u00fczemi Nonprofit Kft.<\/title>\n<meta name=\"robots\" content=\"index, follow, max-snippet:-1, max-image-preview:large, max-video-preview:-1\" \/>\n<link rel=\"canonical\" href=\"http:\/\/bonycom.hu\/old\/kozbeszerzesi-tervek\/\" \/>\n<meta property=\"og:locale\" content=\"hu_HU\" \/>\n<meta property=\"og:type\" content=\"article\" \/>\n<meta property=\"og:title\" content=\"K\u00f6zbeszerz\u00e9si tervek - Bonycom - Bonyh\u00e1di K\u00f6z\u00fczemi Nonprofit Kft.\" \/>\n<meta property=\"og:description\" content=\"K\u00f6zbeszerz\u00e9si terv 2017. \u00e9vi mell\u00e9klet K\u00f6zbeszerz\u00e9si terv 2018. \u00e9vi mell\u00e9klet\" \/>\n<meta property=\"og:url\" content=\"http:\/\/bonycom.hu\/old\/kozbeszerzesi-tervek\/\" \/>\n<meta property=\"og:site_name\" content=\"Bonycom - Bonyh\u00e1di K\u00f6z\u00fczemi Nonprofit Kft.\" \/>\n<meta property=\"article:modified_time\" content=\"2018-01-26T13:29:46+00:00\" \/>\n<!-- \/ Yoast SEO plugin. -->","yoast_head_json":{"title":"K\u00f6zbeszerz\u00e9si tervek - Bonycom - Bonyh\u00e1di K\u00f6z\u00fczemi Nonprofit Kft.","robots":{"index":"index","follow":"follow","max-snippet":"max-snippet:-1","max-image-preview":"max-image-preview:large","max-video-preview":"max-video-preview:-1"},"canonical":"http:\/\/bonycom.hu\/old\/kozbeszerzesi-tervek\/","og_locale":"hu_HU","og_type":"article","og_title":"K\u00f6zbeszerz\u00e9si tervek - Bonycom - Bonyh\u00e1di K\u00f6z\u00fczemi Nonprofit Kft.","og_description":"K\u00f6zbeszerz\u00e9si terv 2017. \u00e9vi mell\u00e9klet K\u00f6zbeszerz\u00e9si terv 2018. \u00e9vi mell\u00e9klet","og_url":"http:\/\/bonycom.hu\/old\/kozbeszerzesi-tervek\/","og_site_name":"Bonycom - Bonyh\u00e1di K\u00f6z\u00fczemi Nonprofit Kft.","article_modified_time":"2018-01-26T13:29:46+00:00","schema":{"@context":"https:\/\/schema.org","@graph":[{"@type":"WebPage","@id":"http:\/\/bonycom.hu\/old\/kozbeszerzesi-tervek\/","url":"http:\/\/bonycom.hu\/old\/kozbeszerzesi-tervek\/","name":"K\u00f6zbeszerz\u00e9si tervek - Bonycom - Bonyh\u00e1di K\u00f6z\u00fczemi Nonprofit Kft.","isPartOf":{"@id":"https:\/\/bonycom.hu\/old\/#website"},"datePublished":"2018-01-26T13:11:32+00:00","dateModified":"2018-01-26T13:29:46+00:00","breadcrumb":{"@id":"http:\/\/bonycom.hu\/old\/kozbeszerzesi-tervek\/#breadcrumb"},"inLanguage":"hu","potentialAction":[{"@type":"ReadAction","target":["http:\/\/bonycom.hu\/old\/kozbeszerzesi-tervek\/"]}]},{"@type":"BreadcrumbList","@id":"http:\/\/bonycom.hu\/old\/kozbeszerzesi-tervek\/#breadcrumb","itemListElement":[{"@type":"ListItem","position":1,"name":"Home","item":"https:\/\/bonycom.hu\/old\/"},{"@type":"ListItem","position":2,"name":"K\u00f6zbeszerz\u00e9si tervek"}]},{"@type":"WebSite","@id":"https:\/\/bonycom.hu\/old\/#website","url":"https:\/\/bonycom.hu\/old\/","name":"Bonycom - Bonyh\u00e1di K\u00f6z\u00fczemi Nonprofit Kft.","description":"","inLanguage":"hu"}]}},"_links":{"self":[{"href":"http:\/\/bonycom.hu\/old\/wp-json\/wp\/v2\/pages\/10124","targetHints":{"allow":["GET"]}}],"collection":[{"href":"http:\/\/bonycom.hu\/old\/wp-json\/wp\/v2\/pages"}],"about":[{"href":"http:\/\/bonycom.hu\/old\/wp-json\/wp\/v2\/types\/page"}],"author":[{"embeddable":true,"href":"http:\/\/bonycom.hu\/old\/wp-json\/wp\/v2\/users\/8"}],"replies":[{"embeddable":true,"href":"http:\/\/bonycom.hu\/old\/wp-json\/wp\/v2\/comments?post=10124"}],"version-history":[{"count":5,"href":"http:\/\/bonycom.hu\/old\/wp-json\/wp\/v2\/pages\/10124\/revisions"}],"predecessor-version":[{"id":10150,"href":"http:\/\/bonycom.hu\/old\/wp-json\/wp\/v2\/pages\/10124\/revisions\/10150"}],"wp:attachment":[{"href":"http:\/\/bonycom.hu\/old\/wp-json\/wp\/v2\/media?parent=10124"}],"curies":[{"name":"wp","href":"https:\/\/api.w.org\/{rel}","templated":true}]}}