	{"id":10219,"date":"2019-04-24T12:49:15","date_gmt":"2019-04-24T10:49:15","guid":{"rendered":"http:\/\/bonycom.hu\/?page_id=10219"},"modified":"2019-04-24T13:17:04","modified_gmt":"2019-04-24T11:17:04","slug":"adatkezelesi-szabalyzat","status":"publish","type":"page","link":"http:\/\/bonycom.hu\/old\/bonycom-kft\/adatkezelesi-szabalyzat\/","title":{"rendered":"Adatkezel\u00e9si szab\u00e1lyzat"},"content":{"rendered":"<p>Az adatkezel\u00e9si szab\u00e1lyzat megtekinthet\u0151 \u00e9s let\u00f6lthet\u0151 az al\u00e1bbi linken.<\/p>\r\n<p><a href=\"http:\/\/bonycom.hu\/wp-content\/uploads\/2019\/04\/adatkezelesi_szabalyzat.pdf\" target=\"_blank\">Adatkezel\u00e9si szab\u00e1lyzat<\/a><\/p>","protected":false},"excerpt":{"rendered":"Az adatkezel\u00e9si szab\u00e1lyzat megtekinthet\u0151 \u00e9s let\u00f6lthet\u0151 az al\u00e1bbi linken. Adatkezel\u00e9si szab\u00e1lyzat","protected":false},"author":8,"featured_media":0,"parent":9,"menu_order":0,"comment_status":"closed","ping_status":"closed","template":"","meta":{"_monsterinsights_skip_tracking":false,"_monsterinsights_sitenote_active":false,"_monsterinsights_sitenote_note":"","_monsterinsights_sitenote_category":0,"footnotes":""},"class_list":["post-10219","page","type-page","status-publish","hentry"],"yoast_head":"<!-- This site is optimized with the Yoast SEO plugin v26.6 - https:\/\/yoast.com\/wordpress\/plugins\/seo\/ -->\n<title>Adatkezel\u00e9si szab\u00e1lyzat - Bonycom - Bonyh\u00e1di K\u00f6z\u00fczemi Nonprofit Kft.<\/title>\n<meta name=\"robots\" content=\"index, follow, max-snippet:-1, max-image-preview:large, max-video-preview:-1\" \/>\n<link rel=\"canonical\" href=\"http:\/\/bonycom.hu\/old\/bonycom-kft\/adatkezelesi-szabalyzat\/\" \/>\n<meta property=\"og:locale\" content=\"hu_HU\" \/>\n<meta property=\"og:type\" content=\"article\" \/>\n<meta property=\"og:title\" content=\"Adatkezel\u00e9si szab\u00e1lyzat - Bonycom - Bonyh\u00e1di K\u00f6z\u00fczemi Nonprofit Kft.\" \/>\n<meta property=\"og:description\" content=\"Az adatkezel\u00e9si szab\u00e1lyzat megtekinthet\u0151 \u00e9s let\u00f6lthet\u0151 az al\u00e1bbi linken. Adatkezel\u00e9si szab\u00e1lyzat\" \/>\n<meta property=\"og:url\" content=\"http:\/\/bonycom.hu\/old\/bonycom-kft\/adatkezelesi-szabalyzat\/\" \/>\n<meta property=\"og:site_name\" content=\"Bonycom - Bonyh\u00e1di K\u00f6z\u00fczemi Nonprofit Kft.\" \/>\n<meta property=\"article:modified_time\" content=\"2019-04-24T11:17:04+00:00\" \/>\n<!-- \/ Yoast SEO plugin. -->","yoast_head_json":{"title":"Adatkezel\u00e9si szab\u00e1lyzat - Bonycom - Bonyh\u00e1di K\u00f6z\u00fczemi Nonprofit Kft.","robots":{"index":"index","follow":"follow","max-snippet":"max-snippet:-1","max-image-preview":"max-image-preview:large","max-video-preview":"max-video-preview:-1"},"canonical":"http:\/\/bonycom.hu\/old\/bonycom-kft\/adatkezelesi-szabalyzat\/","og_locale":"hu_HU","og_type":"article","og_title":"Adatkezel\u00e9si szab\u00e1lyzat - Bonycom - Bonyh\u00e1di K\u00f6z\u00fczemi Nonprofit Kft.","og_description":"Az adatkezel\u00e9si szab\u00e1lyzat megtekinthet\u0151 \u00e9s let\u00f6lthet\u0151 az al\u00e1bbi linken. Adatkezel\u00e9si szab\u00e1lyzat","og_url":"http:\/\/bonycom.hu\/old\/bonycom-kft\/adatkezelesi-szabalyzat\/","og_site_name":"Bonycom - Bonyh\u00e1di K\u00f6z\u00fczemi Nonprofit Kft.","article_modified_time":"2019-04-24T11:17:04+00:00","schema":{"@context":"https:\/\/schema.org","@graph":[{"@type":"WebPage","@id":"http:\/\/bonycom.hu\/old\/bonycom-kft\/adatkezelesi-szabalyzat\/","url":"http:\/\/bonycom.hu\/old\/bonycom-kft\/adatkezelesi-szabalyzat\/","name":"Adatkezel\u00e9si szab\u00e1lyzat - Bonycom - Bonyh\u00e1di K\u00f6z\u00fczemi Nonprofit Kft.","isPartOf":{"@id":"https:\/\/bonycom.hu\/old\/#website"},"datePublished":"2019-04-24T10:49:15+00:00","dateModified":"2019-04-24T11:17:04+00:00","breadcrumb":{"@id":"http:\/\/bonycom.hu\/old\/bonycom-kft\/adatkezelesi-szabalyzat\/#breadcrumb"},"inLanguage":"hu","potentialAction":[{"@type":"ReadAction","target":["http:\/\/bonycom.hu\/old\/bonycom-kft\/adatkezelesi-szabalyzat\/"]}]},{"@type":"BreadcrumbList","@id":"http:\/\/bonycom.hu\/old\/bonycom-kft\/adatkezelesi-szabalyzat\/#breadcrumb","itemListElement":[{"@type":"ListItem","position":1,"name":"Home","item":"https:\/\/bonycom.hu\/old\/"},{"@type":"ListItem","position":2,"name":"Bonycom NKft","item":"https:\/\/bonycom.hu\/old\/bonycom-kft\/"},{"@type":"ListItem","position":3,"name":"Adatkezel\u00e9si szab\u00e1lyzat"}]},{"@type":"WebSite","@id":"https:\/\/bonycom.hu\/old\/#website","url":"https:\/\/bonycom.hu\/old\/","name":"Bonycom - Bonyh\u00e1di K\u00f6z\u00fczemi Nonprofit Kft.","description":"","inLanguage":"hu"}]}},"_links":{"self":[{"href":"http:\/\/bonycom.hu\/old\/wp-json\/wp\/v2\/pages\/10219","targetHints":{"allow":["GET"]}}],"collection":[{"href":"http:\/\/bonycom.hu\/old\/wp-json\/wp\/v2\/pages"}],"about":[{"href":"http:\/\/bonycom.hu\/old\/wp-json\/wp\/v2\/types\/page"}],"author":[{"embeddable":true,"href":"http:\/\/bonycom.hu\/old\/wp-json\/wp\/v2\/users\/8"}],"replies":[{"embeddable":true,"href":"http:\/\/bonycom.hu\/old\/wp-json\/wp\/v2\/comments?post=10219"}],"version-history":[{"count":4,"href":"http:\/\/bonycom.hu\/old\/wp-json\/wp\/v2\/pages\/10219\/revisions"}],"predecessor-version":[{"id":10226,"href":"http:\/\/bonycom.hu\/old\/wp-json\/wp\/v2\/pages\/10219\/revisions\/10226"}],"up":[{"embeddable":true,"href":"http:\/\/bonycom.hu\/old\/wp-json\/wp\/v2\/pages\/9"}],"wp:attachment":[{"href":"http:\/\/bonycom.hu\/old\/wp-json\/wp\/v2\/media?parent=10219"}],"curies":[{"name":"wp","href":"https:\/\/api.w.org\/{rel}","templated":true}]}}