	{"id":140,"date":"2013-01-17T19:09:54","date_gmt":"2013-01-17T18:09:54","guid":{"rendered":"http:\/\/bonycom.hu\/?page_id=140"},"modified":"2017-11-19T09:57:25","modified_gmt":"2017-11-19T08:57:25","slug":"dijaink","status":"publish","type":"page","link":"http:\/\/bonycom.hu\/old\/dijaink\/","title":{"rendered":"D\u00edjaink"},"content":{"rendered":"<ul>\r\n\t<li><a href=\"http:\/\/bonycom.hu\/\/dijaink\/termalfurdo\/\">Term\u00e1lf\u00fcrd\u0151<\/a><\/li>\r\n\t<li><a href=\"http:\/\/bonycom.hu\/\/dijaink\/tanuszoda\/\" title=\"Lakoss\u00e1gi hullad\u00e9ksz\u00e1ll\u00edt\u00e1s\">Tanuszoda<\/a><\/li>\r\n\t<li><a href=\"http:\/\/bonycom.hu\/dijaink\/temeto\/\" title=\"Temet\u0151\">Temet\u0151<\/a><\/li>\r\n\t<li><a href=\"http:\/\/bonycom.hu\/dijaink\/berlemenyek\/\" title=\"B\u00e9rlem\u00e9nyek\">B\u00e9rlem\u00e9nyek<\/a><\/li>\r\n<\/ul>","protected":false},"excerpt":{"rendered":"Term\u00e1lf\u00fcrd\u0151 Tanuszoda Temet\u0151 B\u00e9rlem\u00e9nyek","protected":false},"author":3,"featured_media":0,"parent":0,"menu_order":0,"comment_status":"closed","ping_status":"closed","template":"","meta":{"_monsterinsights_skip_tracking":false,"_monsterinsights_sitenote_active":false,"_monsterinsights_sitenote_note":"","_monsterinsights_sitenote_category":0,"footnotes":""},"class_list":["post-140","page","type-page","status-publish","hentry"],"yoast_head":"<!-- This site is optimized with the Yoast SEO plugin v26.6 - https:\/\/yoast.com\/wordpress\/plugins\/seo\/ -->\n<title>D\u00edjaink - Bonycom - Bonyh\u00e1di K\u00f6z\u00fczemi Nonprofit Kft.<\/title>\n<meta name=\"robots\" content=\"index, follow, max-snippet:-1, max-image-preview:large, max-video-preview:-1\" \/>\n<link rel=\"canonical\" href=\"http:\/\/bonycom.hu\/old\/dijaink\/\" \/>\n<meta property=\"og:locale\" content=\"hu_HU\" \/>\n<meta property=\"og:type\" content=\"article\" \/>\n<meta property=\"og:title\" content=\"D\u00edjaink - Bonycom - Bonyh\u00e1di K\u00f6z\u00fczemi Nonprofit Kft.\" \/>\n<meta property=\"og:description\" content=\"Term\u00e1lf\u00fcrd\u0151 Tanuszoda Temet\u0151 B\u00e9rlem\u00e9nyek\" \/>\n<meta property=\"og:url\" content=\"http:\/\/bonycom.hu\/old\/dijaink\/\" \/>\n<meta property=\"og:site_name\" content=\"Bonycom - Bonyh\u00e1di K\u00f6z\u00fczemi Nonprofit Kft.\" \/>\n<meta property=\"article:modified_time\" content=\"2017-11-19T08:57:25+00:00\" \/>\n<!-- \/ Yoast SEO plugin. -->","yoast_head_json":{"title":"D\u00edjaink - Bonycom - Bonyh\u00e1di K\u00f6z\u00fczemi Nonprofit Kft.","robots":{"index":"index","follow":"follow","max-snippet":"max-snippet:-1","max-image-preview":"max-image-preview:large","max-video-preview":"max-video-preview:-1"},"canonical":"http:\/\/bonycom.hu\/old\/dijaink\/","og_locale":"hu_HU","og_type":"article","og_title":"D\u00edjaink - Bonycom - Bonyh\u00e1di K\u00f6z\u00fczemi Nonprofit Kft.","og_description":"Term\u00e1lf\u00fcrd\u0151 Tanuszoda Temet\u0151 B\u00e9rlem\u00e9nyek","og_url":"http:\/\/bonycom.hu\/old\/dijaink\/","og_site_name":"Bonycom - Bonyh\u00e1di K\u00f6z\u00fczemi Nonprofit Kft.","article_modified_time":"2017-11-19T08:57:25+00:00","schema":{"@context":"https:\/\/schema.org","@graph":[{"@type":"WebPage","@id":"http:\/\/bonycom.hu\/old\/dijaink\/","url":"http:\/\/bonycom.hu\/old\/dijaink\/","name":"D\u00edjaink - Bonycom - Bonyh\u00e1di K\u00f6z\u00fczemi Nonprofit Kft.","isPartOf":{"@id":"https:\/\/bonycom.hu\/old\/#website"},"datePublished":"2013-01-17T18:09:54+00:00","dateModified":"2017-11-19T08:57:25+00:00","breadcrumb":{"@id":"http:\/\/bonycom.hu\/old\/dijaink\/#breadcrumb"},"inLanguage":"hu","potentialAction":[{"@type":"ReadAction","target":["http:\/\/bonycom.hu\/old\/dijaink\/"]}]},{"@type":"BreadcrumbList","@id":"http:\/\/bonycom.hu\/old\/dijaink\/#breadcrumb","itemListElement":[{"@type":"ListItem","position":1,"name":"Home","item":"https:\/\/bonycom.hu\/old\/"},{"@type":"ListItem","position":2,"name":"D\u00edjaink"}]},{"@type":"WebSite","@id":"https:\/\/bonycom.hu\/old\/#website","url":"https:\/\/bonycom.hu\/old\/","name":"Bonycom - Bonyh\u00e1di K\u00f6z\u00fczemi Nonprofit Kft.","description":"","inLanguage":"hu"}]}},"_links":{"self":[{"href":"http:\/\/bonycom.hu\/old\/wp-json\/wp\/v2\/pages\/140","targetHints":{"allow":["GET"]}}],"collection":[{"href":"http:\/\/bonycom.hu\/old\/wp-json\/wp\/v2\/pages"}],"about":[{"href":"http:\/\/bonycom.hu\/old\/wp-json\/wp\/v2\/types\/page"}],"author":[{"embeddable":true,"href":"http:\/\/bonycom.hu\/old\/wp-json\/wp\/v2\/users\/3"}],"replies":[{"embeddable":true,"href":"http:\/\/bonycom.hu\/old\/wp-json\/wp\/v2\/comments?post=140"}],"version-history":[{"count":21,"href":"http:\/\/bonycom.hu\/old\/wp-json\/wp\/v2\/pages\/140\/revisions"}],"predecessor-version":[{"id":10068,"href":"http:\/\/bonycom.hu\/old\/wp-json\/wp\/v2\/pages\/140\/revisions\/10068"}],"wp:attachment":[{"href":"http:\/\/bonycom.hu\/old\/wp-json\/wp\/v2\/media?parent=140"}],"curies":[{"name":"wp","href":"https:\/\/api.w.org\/{rel}","templated":true}]}}