	{"id":174,"date":"2013-01-18T19:37:34","date_gmt":"2013-01-18T18:37:34","guid":{"rendered":"http:\/\/bonycom.hu\/?page_id=174"},"modified":"2025-04-14T14:36:43","modified_gmt":"2025-04-14T12:36:43","slug":"tevekenysegeink","status":"publish","type":"page","link":"http:\/\/bonycom.hu\/old\/tevekenysegeink\/","title":{"rendered":"Tev\u00e9kenys\u00e9geink"},"content":{"rendered":"<ul>\r\n\t<li><a href=\"http:\/\/bonycom.hu\/tevekenysegeink\/csapadekviz-elvezetesek-karbantartasa\/\" title=\"Csapad\u00e9kv\u00edz elvezet\u00e9sek karbantart\u00e1sa\">Csapad\u00e9kv\u00edz elvezet\u00e9sek karbantart\u00e1sa<\/a><\/li>\r\n\t<li><a href=\"http:\/\/bonycom.hu\/tevekenysegeink\/hoeltakaritas-sikossagmentesites\/\" title=\"H\u00f3eltakar\u00edt\u00e1s, s\u00edkoss\u00e1gmentes\u00edt\u00e9s\">H\u00f3eltakar\u00edt\u00e1s, s\u00edkoss\u00e1gmentes\u00edt\u00e9s<\/a><\/li>\r\n\t<li><a href=\"http:\/\/bonycom.hu\/tevekenysegeink\/ingatlankezeles\/\" title=\"Ingatlankezel\u00e9s\">Ingatlankezel\u00e9s<\/a><\/li>\r\n\t<li><a href=\"http:\/\/bonycom.hu\/tevekenysegeink\/kozterulet-fenntartas\/\" title=\"K\u00f6zter\u00fclet fenntart\u00e1s\">K\u00f6zter\u00fclet fenntart\u00e1s<\/a><\/li>\r\n\t<li><a href=\"http:\/\/bonycom.hu\/tevekenysegeink\/lakossagi-hulladekudvar-uzemeltetese\/\" title=\"Lakoss\u00e1gi hullad\u00e9kudvar \u00fczemeltet\u00e9se\">Lakoss\u00e1gi hullad\u00e9kudvar \u00fczemeltet\u00e9se<\/a><\/li>\r\n\t<li><a href=\"http:\/\/bonycom.hu\/tevekenysegeink\/park-gondozas\/\" title=\"Park gondoz\u00e1s\">Park gondoz\u00e1s<\/a><\/li>\r\n\t<li><a href=\"http:\/\/bonycom.hu\/tevekenysegeink\/piac-uzemeltetes\/\" title=\"Piac \u00fczemeltet\u00e9s\">Piac \u00fczemeltet\u00e9s<\/a><\/li>\r\n\t<li><a href=\"http:\/\/bonycom.hu\/tevekenysegeink\/tanuszoda-uzemeltetese\/\" title=\"Tanuszoda \u00fczemeltet\u00e9se\">Tanuszoda \u00fczemeltet\u00e9se<\/a><\/li>\r\n\t<li><a href=\"http:\/\/bonycom.hu\/tevekenysegeink\/termalfurdo-uzemeltetes\/\" title=\"Term\u00e1lf\u00fcrd\u0151 \u00fczemeltet\u00e9s\">Term\u00e1lf\u00fcrd\u0151 \u00fczemeltet\u00e9s<\/a><\/li>\r\n\t<li><a href=\"http:\/\/bonycom.hu\/tevekenysegeink\/piaci-hazirend\/\" title=\"Piaci h\u00e1zirend\">Temet\u0151 gondoz\u00e1s<\/a><\/li>\r\n<\/ul>\r\n<p>&nbsp;<\/p>","protected":false},"excerpt":{"rendered":"Csapad\u00e9kv\u00edz elvezet\u00e9sek karbantart\u00e1sa H\u00f3eltakar\u00edt\u00e1s, s\u00edkoss\u00e1gmentes\u00edt\u00e9s Ingatlankezel\u00e9s K\u00f6zter\u00fclet fenntart\u00e1s Lakoss\u00e1gi hullad\u00e9kudvar \u00fczemeltet\u00e9se Park gondoz\u00e1s Piac \u00fczemeltet\u00e9s Tanuszoda \u00fczemeltet\u00e9se Term\u00e1lf\u00fcrd\u0151 \u00fczemeltet\u00e9s Temet\u0151 gondoz\u00e1s &nbsp;","protected":false},"author":3,"featured_media":0,"parent":0,"menu_order":0,"comment_status":"closed","ping_status":"closed","template":"","meta":{"_monsterinsights_skip_tracking":false,"_monsterinsights_sitenote_active":false,"_monsterinsights_sitenote_note":"","_monsterinsights_sitenote_category":0,"footnotes":""},"class_list":["post-174","page","type-page","status-publish","hentry"],"yoast_head":"<!-- This site is optimized with the Yoast SEO plugin v26.6 - https:\/\/yoast.com\/wordpress\/plugins\/seo\/ -->\n<title>Tev\u00e9kenys\u00e9geink - Bonycom - Bonyh\u00e1di K\u00f6z\u00fczemi Nonprofit Kft.<\/title>\n<meta name=\"robots\" content=\"index, follow, max-snippet:-1, max-image-preview:large, max-video-preview:-1\" \/>\n<link rel=\"canonical\" href=\"https:\/\/bonycom.hu\/old\/tevekenysegeink\/\" \/>\n<meta property=\"og:locale\" content=\"hu_HU\" \/>\n<meta property=\"og:type\" content=\"article\" \/>\n<meta property=\"og:title\" content=\"Tev\u00e9kenys\u00e9geink - Bonycom - Bonyh\u00e1di K\u00f6z\u00fczemi Nonprofit Kft.\" \/>\n<meta property=\"og:description\" content=\"Csapad\u00e9kv\u00edz elvezet\u00e9sek karbantart\u00e1sa H\u00f3eltakar\u00edt\u00e1s, s\u00edkoss\u00e1gmentes\u00edt\u00e9s Ingatlankezel\u00e9s K\u00f6zter\u00fclet fenntart\u00e1s Lakoss\u00e1gi hullad\u00e9kudvar \u00fczemeltet\u00e9se Park gondoz\u00e1s Piac \u00fczemeltet\u00e9s Tanuszoda \u00fczemeltet\u00e9se Term\u00e1lf\u00fcrd\u0151 \u00fczemeltet\u00e9s Temet\u0151 gondoz\u00e1s &nbsp;\" \/>\n<meta property=\"og:url\" content=\"https:\/\/bonycom.hu\/old\/tevekenysegeink\/\" \/>\n<meta property=\"og:site_name\" content=\"Bonycom - Bonyh\u00e1di K\u00f6z\u00fczemi Nonprofit Kft.\" \/>\n<meta property=\"article:modified_time\" content=\"2025-04-14T12:36:43+00:00\" \/>\n<!-- \/ Yoast SEO plugin. -->","yoast_head_json":{"title":"Tev\u00e9kenys\u00e9geink - Bonycom - Bonyh\u00e1di K\u00f6z\u00fczemi Nonprofit Kft.","robots":{"index":"index","follow":"follow","max-snippet":"max-snippet:-1","max-image-preview":"max-image-preview:large","max-video-preview":"max-video-preview:-1"},"canonical":"https:\/\/bonycom.hu\/old\/tevekenysegeink\/","og_locale":"hu_HU","og_type":"article","og_title":"Tev\u00e9kenys\u00e9geink - Bonycom - Bonyh\u00e1di K\u00f6z\u00fczemi Nonprofit Kft.","og_description":"Csapad\u00e9kv\u00edz elvezet\u00e9sek karbantart\u00e1sa H\u00f3eltakar\u00edt\u00e1s, s\u00edkoss\u00e1gmentes\u00edt\u00e9s Ingatlankezel\u00e9s K\u00f6zter\u00fclet fenntart\u00e1s Lakoss\u00e1gi hullad\u00e9kudvar \u00fczemeltet\u00e9se Park gondoz\u00e1s Piac \u00fczemeltet\u00e9s Tanuszoda \u00fczemeltet\u00e9se Term\u00e1lf\u00fcrd\u0151 \u00fczemeltet\u00e9s Temet\u0151 gondoz\u00e1s &nbsp;","og_url":"https:\/\/bonycom.hu\/old\/tevekenysegeink\/","og_site_name":"Bonycom - Bonyh\u00e1di K\u00f6z\u00fczemi Nonprofit Kft.","article_modified_time":"2025-04-14T12:36:43+00:00","schema":{"@context":"https:\/\/schema.org","@graph":[{"@type":"WebPage","@id":"https:\/\/bonycom.hu\/old\/tevekenysegeink\/","url":"https:\/\/bonycom.hu\/old\/tevekenysegeink\/","name":"Tev\u00e9kenys\u00e9geink - Bonycom - Bonyh\u00e1di K\u00f6z\u00fczemi Nonprofit Kft.","isPartOf":{"@id":"https:\/\/bonycom.hu\/old\/#website"},"datePublished":"2013-01-18T18:37:34+00:00","dateModified":"2025-04-14T12:36:43+00:00","breadcrumb":{"@id":"https:\/\/bonycom.hu\/old\/tevekenysegeink\/#breadcrumb"},"inLanguage":"hu","potentialAction":[{"@type":"ReadAction","target":["https:\/\/bonycom.hu\/old\/tevekenysegeink\/"]}]},{"@type":"BreadcrumbList","@id":"https:\/\/bonycom.hu\/old\/tevekenysegeink\/#breadcrumb","itemListElement":[{"@type":"ListItem","position":1,"name":"Home","item":"https:\/\/bonycom.hu\/old\/"},{"@type":"ListItem","position":2,"name":"Tev\u00e9kenys\u00e9geink"}]},{"@type":"WebSite","@id":"https:\/\/bonycom.hu\/old\/#website","url":"https:\/\/bonycom.hu\/old\/","name":"Bonycom - Bonyh\u00e1di K\u00f6z\u00fczemi Nonprofit Kft.","description":"","inLanguage":"hu"}]}},"_links":{"self":[{"href":"http:\/\/bonycom.hu\/old\/wp-json\/wp\/v2\/pages\/174","targetHints":{"allow":["GET"]}}],"collection":[{"href":"http:\/\/bonycom.hu\/old\/wp-json\/wp\/v2\/pages"}],"about":[{"href":"http:\/\/bonycom.hu\/old\/wp-json\/wp\/v2\/types\/page"}],"author":[{"embeddable":true,"href":"http:\/\/bonycom.hu\/old\/wp-json\/wp\/v2\/users\/3"}],"replies":[{"embeddable":true,"href":"http:\/\/bonycom.hu\/old\/wp-json\/wp\/v2\/comments?post=174"}],"version-history":[{"count":13,"href":"http:\/\/bonycom.hu\/old\/wp-json\/wp\/v2\/pages\/174\/revisions"}],"predecessor-version":[{"id":10412,"href":"http:\/\/bonycom.hu\/old\/wp-json\/wp\/v2\/pages\/174\/revisions\/10412"}],"wp:attachment":[{"href":"http:\/\/bonycom.hu\/old\/wp-json\/wp\/v2\/media?parent=174"}],"curies":[{"name":"wp","href":"https:\/\/api.w.org\/{rel}","templated":true}]}}