	{"id":179,"date":"2013-01-18T19:38:46","date_gmt":"2013-01-18T18:38:46","guid":{"rendered":"http:\/\/bonycom.hu\/?page_id=179"},"modified":"2013-03-27T13:28:56","modified_gmt":"2013-03-27T12:28:56","slug":"ingatlanok-kezelese-berbeadasa","status":"publish","type":"page","link":"http:\/\/bonycom.hu\/old\/tevekenysegeink\/ingatlanok-kezelese-berbeadasa\/","title":{"rendered":"Ingatlanok kezel\u00e9se, b\u00e9rbead\u00e1sa"},"content":{"rendered":"<p>Ingatlankezel\u00e9s feladatai:<\/p>\r\n<p>A munk\u00e1k r\u00e9szletez\u00e9se: a BONYCOM Kft. kezel\u00e9s\u00e9be adott \u00f6nkorm\u00e1nyzati tulajdon\u00fa ingatlanok kezel\u00e9si feladatainak elv\u00e9gz\u00e9se.\u00a0<\/p>\r\n<ul>\r\n<li>Az ingatlanok nyilv\u00e1ntart\u00e1s\u00e1nak vezet\u00e9se, rendszeres ellen\u0151rz\u00e9se, kimutat\u00e1sok, list\u00e1k, statisztik\u00e1k elk\u00e9sz\u00edt\u00e9se, naprak\u00e9sz \u00e1llapotban tart\u00e1sa.<\/li>\r\n<li>A P\u00e9nz\u00fcgyi Oszt\u00e1ly \u00e1ltal v\u00e9gzett havi sz\u00e1ml\u00e1z\u00e1sok el\u0151k\u00e9sz\u00edt\u00e9se (adatszolg\u00e1ltat\u00e1s), a befizet\u00e9sek kontroll k\u00f6nyvel\u00e9se, egyenleg k\u00e9sz\u00edt\u00e9s, egyeztet\u00e9s havi rendszeress\u00e9ggel<\/li>\r\n<li>A rendelkez\u00e9sre \u00e1ll\u00f3 tervanyagok, fel\u00faj\u00edt\u00e1si tervek kezel\u00e9se, ingatlanfelm\u00e9r\u00e9sek \u00e9s a sz\u00fcks\u00e9ges tervek elk\u00e9sz\u00edt\u00e9se.<\/li>\r\n<li>Vegyes \u00e9s teljes tulajdon\u00fa t\u00e1rsash\u00e1zak m\u0171k\u00f6d\u00e9s\u00e9nek fel\u00fcgyelete egy\u00fcttm\u0171k\u00f6d\u00e9s a k\u00f6z\u00f6s k\u00e9pvisel\u0151i feladatokat ell\u00e1t\u00f3 szervezettel.<\/li>\r\n<li>A b\u00e9rl\u0151k \u00e1ltal saj\u00e1t k\u00f6lts\u00e9g\u00fck\u00f6n (el\u0151zetes egyeztet\u00e9s ut\u00e1n) elv\u00e9gzett fel\u00faj\u00edt\u00e1sok elsz\u00e1mol\u00e1s\u00e1ra beny\u00fajtott B\u00c9RBESZ\u00c1M\u00cdT\u00c1SI k\u00e9relmek (kisebb \u00f6sszegben elb\u00edr\u00e1l\u00e1sa) nagyobb \u00f6sszegben k\u00f6zrem\u0171k\u00f6d\u00e9s a V\u00e1ros\u00fczemeltet\u00e9si Oszt\u00e1llyal, az elb\u00edr\u00e1l\u00e1s \u00e9s enged\u00e9lyez\u00e9s t\u00e1rgy\u00e1ban. (El\u0151k\u00e9sz\u00edt\u00e9s, k\u00f6lts\u00e9gkalkul\u00e1ci\u00f3k, kivitelez\u00e9s ellen\u0151rz\u00e9s)<\/li>\r\n<li>Az enged\u00e9lyezett \u201eB\u00e9rbesz\u00e1m\u00edt\u00e1s\u201d-ok nyilv\u00e1ntart\u00e1sa, a b\u00e9rbesz\u00e1m\u00edt\u00e1sok elsz\u00e1mol\u00e1sa, bizonylatol\u00e1s.<\/li>\r\n<li>Szem\u00e9lyes kapcsolattart\u00e1s a b\u00e9rl\u0151kkel, a b\u00e9rlem\u00e9nyek t\u00f6rv\u00e9nyben el\u0151\u00edrt (min. 2 \u00e9v) ill. alkalomszer\u0171 ellen\u0151rz\u00e9se m\u0171szaki \u00e9s haszn\u00e1lati szempontb\u00f3l.<\/li>\r\n<li>A b\u00e9rl\u0151k bejelent\u00e9seinek (jav\u00edt\u00e1s, karbantart\u00e1si, sz\u00e1ml\u00e1z\u00e1s) ellen\u0151rz\u00e9se.<\/li>\r\n<li>Jav\u00edt\u00e1si-, karbantart\u00e1si hibabejelent\u00e9sek elb\u00edr\u00e1l\u00e1sa (b\u00e9rbead\u00f3i, b\u00e9rl\u0151i szempontb\u00f3l.)<\/li>\r\n<li>A b\u00e9rbead\u00f3t terhel\u0151 halaszthatatlan, azonnali int\u00e9zked\u00e9st ig\u00e9nyl\u0151 (pl.: \u00e9let-, \u00e9s k\u00f6zvetlen balesetvesz\u00e9lyt jelent\u0151) munk\u00e1k eset\u00e9n azonnali int\u00e9zked\u00e9s saj\u00e1t g\u00e9pi- \u00e9s hum\u00e1ner\u0151forr\u00e1sok ig\u00e9nybev\u00e9tel\u00e9vel vagy alv\u00e1llalkoz\u00f3kn\u00e1l azonnali megrendel\u00e9ssel. Ezekben az esetekben is a lehet\u0151 legr\u00f6videbb id\u0151n bel\u00fcl egyeztetni kell a tulajdonossal.<\/li>\r\n<li>El\u0151re tervezett, kalkul\u00e1lt karbantart\u00e1si \u00e9s fel\u00faj\u00edt\u00e1si munk\u00e1k elv\u00e9gz\u00e9s\u00e9re javaslat \u00f6ssze\u00e1ll\u00edt\u00e1sa a V\u00e1ros\u00fczemeltet\u00e9si Oszt\u00e1llyal egyeztetve.<\/li>\r\n<li>Saj\u00e1t hat\u00e1sk\u00f6rben (BONYCOM Kft. \u00e1ltal) vagy a szerz\u0151d\u00f6tt alv\u00e1llalkoz\u00f3kkal elv\u00e9gzett, elv\u00e9geztetett munk\u00e1k p\u00e9nz\u00fcgyi elsz\u00e1mol\u00e1sa, sz\u00e1ml\u00e1z\u00e1sa.<\/li>\r\n<li>H\u00e1zmesterekkel, a b\u00e9rl\u0151k \u00e1ltal k\u00f6z\u00f6sen haszn\u00e1lt ter\u00fcletek terek \u00e9s k\u00f6zleked\u0151k takar\u00edt\u00e1s\u00e1nak elv\u00e9geztet\u00e9se r\u00e9sz\u00fckre az eszk\u00f6z\u00f6k biztos\u00edt\u00e1sa.<\/li>\r\n<li>B\u00e9rl\u0151v\u00e1ltoz\u00e1sok eset\u00e9n a meg\u00fcresedett lak\u00e1sok \u00e1tv\u00e9tele m\u0171szaki szempontb\u00f3l a V\u00e1ros\u00fczemeltet\u00e9si Oszt\u00e1ly k\u00e9pvisel\u0151j\u00e9nek bevon\u00e1s\u00e1val.<\/li>\r\n<li>Kiutalt lak\u00e1sok \u00e1tad\u00e1sa az \u00faj b\u00e9rl\u0151k r\u00e9sz\u00e9re, vel\u00fck a B\u00e9rleti Szerz\u0151d\u00e9sek kiutal\u00e1s szerinti elk\u00e9sz\u00edt\u00e9se.<\/li>\r\n<li>Naprak\u00e9szen ellen\u0151rzi a b\u00e9rleti d\u00edjak befizet\u00e9s\u00e9t, figyelemmel k\u00eds\u00e9ri a d\u00edjh\u00e1tral\u00e9kok alakul\u00e1s\u00e1t, h\u00e1tral\u00e9kosokn\u00e1l int\u00e9zkedik a felsz\u00f3l\u00edt\u00e1sok kik\u00fcld\u00e9s\u00e9r\u0151l esetlegesen a b\u00e9rleti szerz\u0151d\u00e9sek felmond\u00e1s\u00e1r\u00f3l a jogszab\u00e1lyoknak megfelel\u0151en, a fel\u00fcgyeleti szervekkel egyeztetve.<\/li>\r\n<li>Az \u00fcres b\u00e9rlem\u00e9nyek, lak\u00e1sok \u00e1llapot\u00e1t folyamatosan figyelemmel k\u00eds\u00e9ri, a kulcsok rendezett t\u00e1rol\u00e1s\u00e1r\u00f3l fegyelmi felel\u0151ss\u00e9g terhe mellett gondoskodik.<\/li>\r\n<li>Az \u00d6nkorm\u00e1nyzat K\u00f6ztisztas\u00e1gi rendelete szerint (szerz\u0151d\u00e9si k\u00f6telezetts\u00e9g alapj\u00e1n) elv\u00e9gezteti a b\u00e9rl\u0151kkel az egyes b\u00e9rlem\u00e9nyek \u00e9s Ingatlanok k\u00f6zvetlen k\u00f6rnyezet\u00e9hez tartoz\u00f3 z\u00f6ldter\u00fcletek karbantart\u00e1s\u00e1t, a t\u00e9li h\u00f3eltakar\u00edt\u00e1st ill. s\u00edkoss\u00e1gmentes\u00edt\u00e9s\u00e9t, ellen\u0151rzi azok elv\u00e9gz\u00e9s\u00e9t.<\/li>\r\n<\/ul>","protected":false},"excerpt":{"rendered":"Ingatlankezel\u00e9s feladatai: A munk\u00e1k r\u00e9szletez\u00e9se: a BONYCOM Kft. kezel\u00e9s\u00e9be adott \u00f6nkorm\u00e1nyzati tulajdon\u00fa ingatlanok kezel\u00e9si feladatainak elv\u00e9gz\u00e9se.\u00a0 Az ingatlanok nyilv\u00e1ntart\u00e1s\u00e1nak vezet\u00e9se, rendszeres ellen\u0151rz\u00e9se, kimutat\u00e1sok, list\u00e1k, statisztik\u00e1k elk\u00e9sz\u00edt\u00e9se, naprak\u00e9sz \u00e1llapotban tart\u00e1sa. A P\u00e9nz\u00fcgyi Oszt\u00e1ly \u00e1ltal v\u00e9gzett havi sz\u00e1ml\u00e1z\u00e1sok el\u0151k\u00e9sz\u00edt\u00e9se (adatszolg\u00e1ltat\u00e1s), a befizet\u00e9sek<span class=\"ellipsis\">&hellip;<\/span><div class=\"read-more\"><a href=\"http:\/\/bonycom.hu\/old\/tevekenysegeink\/ingatlanok-kezelese-berbeadasa\/\">Tov\u00e1bb \u203a<\/a><\/div><!-- end of .read-more -->","protected":false},"author":3,"featured_media":0,"parent":174,"menu_order":0,"comment_status":"closed","ping_status":"closed","template":"","meta":{"_monsterinsights_skip_tracking":false,"_monsterinsights_sitenote_active":false,"_monsterinsights_sitenote_note":"","_monsterinsights_sitenote_category":0,"footnotes":""},"class_list":["post-179","page","type-page","status-publish","hentry"],"yoast_head":"<!-- This site is optimized with the Yoast SEO plugin v26.6 - https:\/\/yoast.com\/wordpress\/plugins\/seo\/ -->\n<title>Ingatlanok kezel\u00e9se, b\u00e9rbead\u00e1sa - Bonycom - Bonyh\u00e1di K\u00f6z\u00fczemi Nonprofit Kft.<\/title>\n<meta name=\"robots\" content=\"index, follow, max-snippet:-1, max-image-preview:large, max-video-preview:-1\" \/>\n<link rel=\"canonical\" href=\"http:\/\/bonycom.hu\/old\/tevekenysegeink\/ingatlanok-kezelese-berbeadasa\/\" \/>\n<meta property=\"og:locale\" content=\"hu_HU\" \/>\n<meta property=\"og:type\" content=\"article\" \/>\n<meta property=\"og:title\" content=\"Ingatlanok kezel\u00e9se, b\u00e9rbead\u00e1sa - Bonycom - Bonyh\u00e1di K\u00f6z\u00fczemi Nonprofit Kft.\" \/>\n<meta property=\"og:description\" content=\"Ingatlankezel\u00e9s feladatai: A munk\u00e1k r\u00e9szletez\u00e9se: a BONYCOM Kft. kezel\u00e9s\u00e9be adott \u00f6nkorm\u00e1nyzati tulajdon\u00fa ingatlanok kezel\u00e9si feladatainak elv\u00e9gz\u00e9se.\u00a0 Az ingatlanok nyilv\u00e1ntart\u00e1s\u00e1nak vezet\u00e9se, rendszeres ellen\u0151rz\u00e9se, kimutat\u00e1sok, list\u00e1k, statisztik\u00e1k elk\u00e9sz\u00edt\u00e9se, naprak\u00e9sz \u00e1llapotban tart\u00e1sa. A P\u00e9nz\u00fcgyi Oszt\u00e1ly \u00e1ltal v\u00e9gzett havi sz\u00e1ml\u00e1z\u00e1sok el\u0151k\u00e9sz\u00edt\u00e9se (adatszolg\u00e1ltat\u00e1s), a befizet\u00e9sek&hellip;Tov\u00e1bb \u203a\" \/>\n<meta property=\"og:url\" content=\"http:\/\/bonycom.hu\/old\/tevekenysegeink\/ingatlanok-kezelese-berbeadasa\/\" \/>\n<meta property=\"og:site_name\" content=\"Bonycom - Bonyh\u00e1di K\u00f6z\u00fczemi Nonprofit Kft.\" \/>\n<meta property=\"article:modified_time\" content=\"2013-03-27T12:28:56+00:00\" \/>\n<meta name=\"twitter:label1\" content=\"Becs\u00fclt olvas\u00e1si id\u0151\" \/>\n\t<meta name=\"twitter:data1\" content=\"3 perc\" \/>\n<!-- \/ Yoast SEO plugin. -->","yoast_head_json":{"title":"Ingatlanok kezel\u00e9se, b\u00e9rbead\u00e1sa - Bonycom - Bonyh\u00e1di K\u00f6z\u00fczemi Nonprofit Kft.","robots":{"index":"index","follow":"follow","max-snippet":"max-snippet:-1","max-image-preview":"max-image-preview:large","max-video-preview":"max-video-preview:-1"},"canonical":"http:\/\/bonycom.hu\/old\/tevekenysegeink\/ingatlanok-kezelese-berbeadasa\/","og_locale":"hu_HU","og_type":"article","og_title":"Ingatlanok kezel\u00e9se, b\u00e9rbead\u00e1sa - Bonycom - Bonyh\u00e1di K\u00f6z\u00fczemi Nonprofit Kft.","og_description":"Ingatlankezel\u00e9s feladatai: A munk\u00e1k r\u00e9szletez\u00e9se: a BONYCOM Kft. kezel\u00e9s\u00e9be adott \u00f6nkorm\u00e1nyzati tulajdon\u00fa ingatlanok kezel\u00e9si feladatainak elv\u00e9gz\u00e9se.\u00a0 Az ingatlanok nyilv\u00e1ntart\u00e1s\u00e1nak vezet\u00e9se, rendszeres ellen\u0151rz\u00e9se, kimutat\u00e1sok, list\u00e1k, statisztik\u00e1k elk\u00e9sz\u00edt\u00e9se, naprak\u00e9sz \u00e1llapotban tart\u00e1sa. A P\u00e9nz\u00fcgyi Oszt\u00e1ly \u00e1ltal v\u00e9gzett havi sz\u00e1ml\u00e1z\u00e1sok el\u0151k\u00e9sz\u00edt\u00e9se (adatszolg\u00e1ltat\u00e1s), a befizet\u00e9sek&hellip;Tov\u00e1bb \u203a","og_url":"http:\/\/bonycom.hu\/old\/tevekenysegeink\/ingatlanok-kezelese-berbeadasa\/","og_site_name":"Bonycom - Bonyh\u00e1di K\u00f6z\u00fczemi Nonprofit Kft.","article_modified_time":"2013-03-27T12:28:56+00:00","twitter_misc":{"Becs\u00fclt olvas\u00e1si id\u0151":"3 perc"},"schema":{"@context":"https:\/\/schema.org","@graph":[{"@type":"WebPage","@id":"http:\/\/bonycom.hu\/old\/tevekenysegeink\/ingatlanok-kezelese-berbeadasa\/","url":"http:\/\/bonycom.hu\/old\/tevekenysegeink\/ingatlanok-kezelese-berbeadasa\/","name":"Ingatlanok kezel\u00e9se, b\u00e9rbead\u00e1sa - Bonycom - Bonyh\u00e1di K\u00f6z\u00fczemi Nonprofit Kft.","isPartOf":{"@id":"https:\/\/bonycom.hu\/old\/#website"},"datePublished":"2013-01-18T18:38:46+00:00","dateModified":"2013-03-27T12:28:56+00:00","breadcrumb":{"@id":"http:\/\/bonycom.hu\/old\/tevekenysegeink\/ingatlanok-kezelese-berbeadasa\/#breadcrumb"},"inLanguage":"hu","potentialAction":[{"@type":"ReadAction","target":["http:\/\/bonycom.hu\/old\/tevekenysegeink\/ingatlanok-kezelese-berbeadasa\/"]}]},{"@type":"BreadcrumbList","@id":"http:\/\/bonycom.hu\/old\/tevekenysegeink\/ingatlanok-kezelese-berbeadasa\/#breadcrumb","itemListElement":[{"@type":"ListItem","position":1,"name":"Home","item":"https:\/\/bonycom.hu\/old\/"},{"@type":"ListItem","position":2,"name":"Tev\u00e9kenys\u00e9geink","item":"https:\/\/bonycom.hu\/old\/tevekenysegeink\/"},{"@type":"ListItem","position":3,"name":"Ingatlanok kezel\u00e9se, b\u00e9rbead\u00e1sa"}]},{"@type":"WebSite","@id":"https:\/\/bonycom.hu\/old\/#website","url":"https:\/\/bonycom.hu\/old\/","name":"Bonycom - Bonyh\u00e1di K\u00f6z\u00fczemi Nonprofit Kft.","description":"","inLanguage":"hu"}]}},"_links":{"self":[{"href":"http:\/\/bonycom.hu\/old\/wp-json\/wp\/v2\/pages\/179","targetHints":{"allow":["GET"]}}],"collection":[{"href":"http:\/\/bonycom.hu\/old\/wp-json\/wp\/v2\/pages"}],"about":[{"href":"http:\/\/bonycom.hu\/old\/wp-json\/wp\/v2\/types\/page"}],"author":[{"embeddable":true,"href":"http:\/\/bonycom.hu\/old\/wp-json\/wp\/v2\/users\/3"}],"replies":[{"embeddable":true,"href":"http:\/\/bonycom.hu\/old\/wp-json\/wp\/v2\/comments?post=179"}],"version-history":[{"count":5,"href":"http:\/\/bonycom.hu\/old\/wp-json\/wp\/v2\/pages\/179\/revisions"}],"predecessor-version":[{"id":519,"href":"http:\/\/bonycom.hu\/old\/wp-json\/wp\/v2\/pages\/179\/revisions\/519"}],"up":[{"embeddable":true,"href":"http:\/\/bonycom.hu\/old\/wp-json\/wp\/v2\/pages\/174"}],"wp:attachment":[{"href":"http:\/\/bonycom.hu\/old\/wp-json\/wp\/v2\/media?parent=179"}],"curies":[{"name":"wp","href":"https:\/\/api.w.org\/{rel}","templated":true}]}}