	{"id":181,"date":"2013-01-18T19:39:09","date_gmt":"2013-01-18T18:39:09","guid":{"rendered":"http:\/\/bonycom.hu\/?page_id=181"},"modified":"2013-03-27T13:32:10","modified_gmt":"2013-03-27T12:32:10","slug":"kozteruletek-fenntartasa-gondozasa","status":"publish","type":"page","link":"http:\/\/bonycom.hu\/old\/tevekenysegeink\/kozteruletek-fenntartasa-gondozasa\/","title":{"rendered":"K\u00f6zter\u00fcletek fenntart\u00e1sa, gondoz\u00e1sa"},"content":{"rendered":"<h3>Parkfenntart\u00e1s<\/h3>\r\n<ul>\r\n<li>P\u00e1zsit \u00e9s gyepfel\u00fclet rendszeres ny\u00edr\u00e1sa, kasz\u00e1l\u00e9k \u00f6sszeszed\u00e9se,<\/li>\r\n<li>Cserj\u00e9k, s\u00f6v\u00e9nyek metsz\u00e9se, k\u00f6zt\u00e9ri f\u00e1k gallyaz\u00e1sa, kezel\u00e9se,<\/li>\r\n<li>Vir\u00e1g\u00e1gyak be\u00fcltet\u00e9se, fa \u00e9s k\u0151t\u00e1lak, fahord\u00f3k be\u00fcltet\u00e9se, gondoz\u00e1sa,<\/li>\r\n<li>Padok, j\u00e1tsz\u00f3t\u00e9ri kell\u00e9kek karbantart\u00e1sa,<\/li>\r\n<li>Eml\u00e9km\u0171vek \u00e9s k\u00f6rny\u00e9k\u00fck rendbentart\u00e1sa, kertmozi ter\u00fclet\u00e9nek rendbentart\u00e1sa, v\u00e1rosi \u00fcnnepekre, egy\u00e9b rendezv\u00e9nyekre val\u00f3 el\u0151k\u00e9sz\u00fcletek,<\/li>\r\n<li>\u0150szi lombfelszed\u00e9s \u00e9s elsz\u00e1ll\u00edt\u00e1s.<\/li>\r\n<\/ul>\r\n<h3>K\u00f6ztisztas\u00e1g<\/h3>\r\n<ul>\r\n<li>J\u00e1rd\u00e1k k\u00e9zi tiszt\u00edt\u00e1sa (azokon a helyeken, ahol mindk\u00e9t oldalr\u00f3l k\u00f6zter\u00fcletek hat\u00e1rolj\u00e1k),<\/li>\r\n<li>K\u00f6zter\u00fcleti hullad\u00e9kgy\u0171jt\u0151 ed\u00e9nyek rendszeres \u00fcr\u00edt\u00e9se (198 db hullad\u00e9kgy\u0171jt\u0151),<\/li>\r\n<li>K\u00f6zter\u00fcleten elsz\u00f3rt szem\u00e9t, let\u00f6rt fa\u00e1gak \u00f6sszeszed\u00e9se,<\/li>\r\n<li>T\u00e9len s\u00edkoss\u00e1gmentes\u00edt\u00e9s, h\u00f3eltakar\u00edt\u00e1s j\u00e1rd\u00e1kr\u00f3l, gyalog\u00e1tkel\u0151kr\u0151l,<\/li>\r\n<li>Buszmeg\u00e1ll\u00f3k takar\u00edt\u00e1sa,<\/li>\r\n<li>K\u00e9zi \u00fattiszt\u00edt\u00e1s,<\/li>\r\n<li>Tavaszi saral\u00e1si munk\u00e1k elv\u00e9gz\u00e9se,<\/li>\r\n<li>G\u00e9pi \u00fattiszt\u00edt\u00e1s (IFA W 50 L\/KM t\u00edp. sepr\u0151g\u00e9p \u00fczemeltet\u00e9s\u00e9vel),<\/li>\r\n<li>K\u00f6zter\u00fcleten tal\u00e1lt \u00e1llati hull\u00e1k d\u00f6gt\u00e1rol\u00f3 helyre sz\u00e1ll\u00edt\u00e1sa,<\/li>\r\n<li>Buszv\u00e1r\u00f3k takar\u00edt\u00e1sa,<\/li>\r\n<li>Nemzeti \u00fcnnepekre k\u00f6zter\u00fcletek fellobog\u00f3z\u00e1sa.<\/li>\r\n<\/ul>","protected":false},"excerpt":{"rendered":"Parkfenntart\u00e1s P\u00e1zsit \u00e9s gyepfel\u00fclet rendszeres ny\u00edr\u00e1sa, kasz\u00e1l\u00e9k \u00f6sszeszed\u00e9se, Cserj\u00e9k, s\u00f6v\u00e9nyek metsz\u00e9se, k\u00f6zt\u00e9ri f\u00e1k gallyaz\u00e1sa, kezel\u00e9se, Vir\u00e1g\u00e1gyak be\u00fcltet\u00e9se, fa \u00e9s k\u0151t\u00e1lak, fahord\u00f3k be\u00fcltet\u00e9se, gondoz\u00e1sa, Padok, j\u00e1tsz\u00f3t\u00e9ri kell\u00e9kek karbantart\u00e1sa, Eml\u00e9km\u0171vek \u00e9s k\u00f6rny\u00e9k\u00fck rendbentart\u00e1sa, kertmozi ter\u00fclet\u00e9nek rendbentart\u00e1sa, v\u00e1rosi \u00fcnnepekre, egy\u00e9b rendezv\u00e9nyekre val\u00f3 el\u0151k\u00e9sz\u00fcletek,<span class=\"ellipsis\">&hellip;<\/span><div class=\"read-more\"><a href=\"http:\/\/bonycom.hu\/old\/tevekenysegeink\/kozteruletek-fenntartasa-gondozasa\/\">Tov\u00e1bb \u203a<\/a><\/div><!-- end of .read-more -->","protected":false},"author":3,"featured_media":0,"parent":174,"menu_order":0,"comment_status":"closed","ping_status":"closed","template":"","meta":{"_monsterinsights_skip_tracking":false,"_monsterinsights_sitenote_active":false,"_monsterinsights_sitenote_note":"","_monsterinsights_sitenote_category":0,"footnotes":""},"class_list":["post-181","page","type-page","status-publish","hentry"],"yoast_head":"<!-- This site is optimized with the Yoast SEO plugin v26.6 - https:\/\/yoast.com\/wordpress\/plugins\/seo\/ -->\n<title>K\u00f6zter\u00fcletek fenntart\u00e1sa, gondoz\u00e1sa - Bonycom - Bonyh\u00e1di K\u00f6z\u00fczemi Nonprofit Kft.<\/title>\n<meta name=\"robots\" content=\"index, follow, max-snippet:-1, max-image-preview:large, max-video-preview:-1\" \/>\n<link rel=\"canonical\" href=\"http:\/\/bonycom.hu\/old\/tevekenysegeink\/kozteruletek-fenntartasa-gondozasa\/\" \/>\n<meta property=\"og:locale\" content=\"hu_HU\" \/>\n<meta property=\"og:type\" content=\"article\" \/>\n<meta property=\"og:title\" content=\"K\u00f6zter\u00fcletek fenntart\u00e1sa, gondoz\u00e1sa - Bonycom - Bonyh\u00e1di K\u00f6z\u00fczemi Nonprofit Kft.\" \/>\n<meta property=\"og:description\" content=\"Parkfenntart\u00e1s P\u00e1zsit \u00e9s gyepfel\u00fclet rendszeres ny\u00edr\u00e1sa, kasz\u00e1l\u00e9k \u00f6sszeszed\u00e9se, Cserj\u00e9k, s\u00f6v\u00e9nyek metsz\u00e9se, k\u00f6zt\u00e9ri f\u00e1k gallyaz\u00e1sa, kezel\u00e9se, Vir\u00e1g\u00e1gyak be\u00fcltet\u00e9se, fa \u00e9s k\u0151t\u00e1lak, fahord\u00f3k be\u00fcltet\u00e9se, gondoz\u00e1sa, Padok, j\u00e1tsz\u00f3t\u00e9ri kell\u00e9kek karbantart\u00e1sa, Eml\u00e9km\u0171vek \u00e9s k\u00f6rny\u00e9k\u00fck rendbentart\u00e1sa, kertmozi ter\u00fclet\u00e9nek rendbentart\u00e1sa, v\u00e1rosi \u00fcnnepekre, egy\u00e9b rendezv\u00e9nyekre val\u00f3 el\u0151k\u00e9sz\u00fcletek,&hellip;Tov\u00e1bb \u203a\" \/>\n<meta property=\"og:url\" content=\"http:\/\/bonycom.hu\/old\/tevekenysegeink\/kozteruletek-fenntartasa-gondozasa\/\" \/>\n<meta property=\"og:site_name\" content=\"Bonycom - Bonyh\u00e1di K\u00f6z\u00fczemi Nonprofit Kft.\" \/>\n<meta property=\"article:modified_time\" content=\"2013-03-27T12:32:10+00:00\" \/>\n<meta name=\"twitter:label1\" content=\"Becs\u00fclt olvas\u00e1si id\u0151\" \/>\n\t<meta name=\"twitter:data1\" content=\"1 perc\" \/>\n<!-- \/ Yoast SEO plugin. -->","yoast_head_json":{"title":"K\u00f6zter\u00fcletek fenntart\u00e1sa, gondoz\u00e1sa - Bonycom - Bonyh\u00e1di K\u00f6z\u00fczemi Nonprofit Kft.","robots":{"index":"index","follow":"follow","max-snippet":"max-snippet:-1","max-image-preview":"max-image-preview:large","max-video-preview":"max-video-preview:-1"},"canonical":"http:\/\/bonycom.hu\/old\/tevekenysegeink\/kozteruletek-fenntartasa-gondozasa\/","og_locale":"hu_HU","og_type":"article","og_title":"K\u00f6zter\u00fcletek fenntart\u00e1sa, gondoz\u00e1sa - Bonycom - Bonyh\u00e1di K\u00f6z\u00fczemi Nonprofit Kft.","og_description":"Parkfenntart\u00e1s P\u00e1zsit \u00e9s gyepfel\u00fclet rendszeres ny\u00edr\u00e1sa, kasz\u00e1l\u00e9k \u00f6sszeszed\u00e9se, Cserj\u00e9k, s\u00f6v\u00e9nyek metsz\u00e9se, k\u00f6zt\u00e9ri f\u00e1k gallyaz\u00e1sa, kezel\u00e9se, Vir\u00e1g\u00e1gyak be\u00fcltet\u00e9se, fa \u00e9s k\u0151t\u00e1lak, fahord\u00f3k be\u00fcltet\u00e9se, gondoz\u00e1sa, Padok, j\u00e1tsz\u00f3t\u00e9ri kell\u00e9kek karbantart\u00e1sa, Eml\u00e9km\u0171vek \u00e9s k\u00f6rny\u00e9k\u00fck rendbentart\u00e1sa, kertmozi ter\u00fclet\u00e9nek rendbentart\u00e1sa, v\u00e1rosi \u00fcnnepekre, egy\u00e9b rendezv\u00e9nyekre val\u00f3 el\u0151k\u00e9sz\u00fcletek,&hellip;Tov\u00e1bb \u203a","og_url":"http:\/\/bonycom.hu\/old\/tevekenysegeink\/kozteruletek-fenntartasa-gondozasa\/","og_site_name":"Bonycom - Bonyh\u00e1di K\u00f6z\u00fczemi Nonprofit Kft.","article_modified_time":"2013-03-27T12:32:10+00:00","twitter_misc":{"Becs\u00fclt olvas\u00e1si id\u0151":"1 perc"},"schema":{"@context":"https:\/\/schema.org","@graph":[{"@type":"WebPage","@id":"http:\/\/bonycom.hu\/old\/tevekenysegeink\/kozteruletek-fenntartasa-gondozasa\/","url":"http:\/\/bonycom.hu\/old\/tevekenysegeink\/kozteruletek-fenntartasa-gondozasa\/","name":"K\u00f6zter\u00fcletek fenntart\u00e1sa, gondoz\u00e1sa - Bonycom - Bonyh\u00e1di K\u00f6z\u00fczemi Nonprofit Kft.","isPartOf":{"@id":"https:\/\/bonycom.hu\/old\/#website"},"datePublished":"2013-01-18T18:39:09+00:00","dateModified":"2013-03-27T12:32:10+00:00","breadcrumb":{"@id":"http:\/\/bonycom.hu\/old\/tevekenysegeink\/kozteruletek-fenntartasa-gondozasa\/#breadcrumb"},"inLanguage":"hu","potentialAction":[{"@type":"ReadAction","target":["http:\/\/bonycom.hu\/old\/tevekenysegeink\/kozteruletek-fenntartasa-gondozasa\/"]}]},{"@type":"BreadcrumbList","@id":"http:\/\/bonycom.hu\/old\/tevekenysegeink\/kozteruletek-fenntartasa-gondozasa\/#breadcrumb","itemListElement":[{"@type":"ListItem","position":1,"name":"Home","item":"https:\/\/bonycom.hu\/old\/"},{"@type":"ListItem","position":2,"name":"Tev\u00e9kenys\u00e9geink","item":"https:\/\/bonycom.hu\/old\/tevekenysegeink\/"},{"@type":"ListItem","position":3,"name":"K\u00f6zter\u00fcletek fenntart\u00e1sa, gondoz\u00e1sa"}]},{"@type":"WebSite","@id":"https:\/\/bonycom.hu\/old\/#website","url":"https:\/\/bonycom.hu\/old\/","name":"Bonycom - Bonyh\u00e1di K\u00f6z\u00fczemi Nonprofit Kft.","description":"","inLanguage":"hu"}]}},"_links":{"self":[{"href":"http:\/\/bonycom.hu\/old\/wp-json\/wp\/v2\/pages\/181","targetHints":{"allow":["GET"]}}],"collection":[{"href":"http:\/\/bonycom.hu\/old\/wp-json\/wp\/v2\/pages"}],"about":[{"href":"http:\/\/bonycom.hu\/old\/wp-json\/wp\/v2\/types\/page"}],"author":[{"embeddable":true,"href":"http:\/\/bonycom.hu\/old\/wp-json\/wp\/v2\/users\/3"}],"replies":[{"embeddable":true,"href":"http:\/\/bonycom.hu\/old\/wp-json\/wp\/v2\/comments?post=181"}],"version-history":[{"count":4,"href":"http:\/\/bonycom.hu\/old\/wp-json\/wp\/v2\/pages\/181\/revisions"}],"predecessor-version":[{"id":522,"href":"http:\/\/bonycom.hu\/old\/wp-json\/wp\/v2\/pages\/181\/revisions\/522"}],"up":[{"embeddable":true,"href":"http:\/\/bonycom.hu\/old\/wp-json\/wp\/v2\/pages\/174"}],"wp:attachment":[{"href":"http:\/\/bonycom.hu\/old\/wp-json\/wp\/v2\/media?parent=181"}],"curies":[{"name":"wp","href":"https:\/\/api.w.org\/{rel}","templated":true}]}}