	{"id":183,"date":"2013-01-18T19:39:43","date_gmt":"2013-01-18T18:39:43","guid":{"rendered":"http:\/\/bonycom.hu\/?page_id=183"},"modified":"2023-05-31T11:24:15","modified_gmt":"2023-05-31T09:24:15","slug":"temetok-uzemeltetese","status":"publish","type":"page","link":"http:\/\/bonycom.hu\/old\/tevekenysegeink\/temetok-uzemeltetese\/","title":{"rendered":"Temet\u0151k \u00fczemeltet\u00e9se"},"content":{"rendered":"<p>&nbsp;<\/p>\r\n<p><a href=\"http:\/\/bonycom.hu\/tevekenysegeink\/temetok-uzemeltetese\/temetoi-ugyintezessel-kapcsolatos-nyomtatvanyok\/\" title=\"Temet\u0151i \u00fcgyint\u00e9z\u00e9ssel kapcsolatos nyomtatv\u00e1nyok\">Temet\u0151i \u00fcgyint\u00e9z\u00e9ssel kapcsolatos nyomtatv\u00e1nyok<\/a><\/p>\r\n<p>&nbsp;<\/p>\r\n<p>A Bonyh\u00e1di K\u00f6ztemet\u0151, a Bonyh\u00e1di R\u00f3mai Katolikus Temet\u0151 \u00e9s a Bonyh\u00e1d-Majosi K\u00f6ztemet\u0151 \u00fczemeltet\u00e9si\u00a0feladatainak ell\u00e1t\u00e1sa.<\/p>\r\n<p><span style=\"text-decoration: underline;\">TEMET\u0150GONDNOK:<\/span>\u00a0 Kaszonics Tam\u00e1s<\/p>\r\n<p><span style=\"text-decoration: underline;\">Temet\u00e9ssel, s\u00edrhelyekkel kapcsolatos \u00fcgyint\u00e9z\u00e9s:<\/span><\/p>\r\n<p>7150. Bonyh\u00e1d, V\u00f6r\u00f6smarty t\u00e9r 19.<\/p>\r\n<p>Telefon\/Fax: 74\/456-884<\/p>\r\n<p>\u00dcgyf\u00e9lfogad\u00e1si id\u0151: h\u00e9tf\u0151t\u0151l \u2013 p\u00e9ntekig 8.00 \u2013 16.00 \u00f3ra k\u00f6z\u00f6tt<\/p>\r\n<p><span style=\"text-decoration: underline;\">Az \u00fczemeltet\u0151 el\u00e9rhet\u0151s\u00e9gei:<\/span><span style=\"text-decoration: underline;\"><\/span><\/p>\r\n<p>BONYCOM Bonyh\u00e1di K\u00f6z\u00fczemi Nonprofit Kft.<br \/>\r\n 7150. Bonyh\u00e1d, Mikes utca 3.<br \/>\r\n Telefon: 74\/451-701<\/p>\r\n<p>Fax: 74\/451-807<\/p>\r\n<p>E-mail: <a href=\"mailto:info@bonycom.hu\">info@bonycom.hu<\/a><\/p>\r\n<p>\u00dcgyf\u00e9lfogad\u00e1si id\u0151: h\u00e9tf\u0151t\u0151l \u2013 p\u00e9ntekig 7.00 \u2013 15.30 \u00f3ra k\u00f6z\u00f6tt<\/p>\r\n<p><span style=\"text-decoration: underline;\">Temet\u0151k nyitvatart\u00e1si ideje:<\/span><\/p>\r\n<p>m\u00e1rcius 01-t\u0151l \u2013 okt\u00f3ber 29-ig: \u00a0\u00a0\u00a0\u00a0\u00a0\u00a0\u00a0\u00a0 7.00 \u00f3r\u00e1t\u00f3l \u2013 20.00 \u00f3r\u00e1ig<\/p>\r\n<p>okt\u00f3ber 30-t\u00f3l \u2013 november 03-ig: \u00a0\u00a0\u00a0\u00a0 7.00 \u00f3r\u00e1t\u00f3l \u2013 21.00 \u00f3r\u00e1ig<\/p>\r\n<p>november 04-t\u0151l \u2013 febru\u00e1r 28-ig:\u00a0 \u00a0\u00a0\u00a0\u00a0 7.00 \u00f3r\u00e1t\u00f3l \u2013 18.00 \u00f3r\u00e1ig<\/p>\r\n<p><span style=\"text-decoration: underline;\">A temet\u0151k \u00e1ltal\u00e1nos rendje:<\/span><\/p>\r\n<p>Temet\u0151i Szab\u00e1lyzat 4.\u00a7 (1) \u2013 (31) bek. szerint.<\/p>\r\n<p><span style=\"text-decoration: underline;\">A temet\u0151i munkav\u00e9gz\u00e9s rendje:<\/span><\/p>\r\n<p>Temet\u0151i Szab\u00e1lyzat 5.\u00a7 (1) \u2013 (30) bek. szerint.<\/p>\r\n<p><span style=\"text-decoration: underline;\">A temet\u00e9sre vonatkoz\u00f3 szab\u00e1lyok:<\/span><\/p>\r\n<p>Temet\u0151i Szab\u00e1lyzat 6.\u00a7 \u2013 8.\u00a7 szerint.<\/p>\r\n<p>&nbsp;<\/p>\r\n<a href=\"http:\/\/bonycom.hu\/old\/?ddownload=5900\" title=\"Temet\u0151i Szab\u00e1lyzat\" rel=\"nofollow\" class=\"ddownload-button button-green id-5900 ext-pdf\">Temet\u0151i Szab\u00e1lyzat<\/a>\r\n<p>&nbsp;<\/p>\r\n<p align=\"center\"><strong><span style=\"color: #000000;\">S\u00cdRGONDOZ\u00c1SI SZOLG\u00c1LTAT\u00c1SOK<\/span><\/strong><\/p>\r\n<p>&nbsp;<\/p>\r\n<p style=\"text-align: justify;\"><span style=\"color: #000000;\">Ha k\u00f6r\u00fcltekint\u00fcnk a temet\u0151ben, l\u00e1that\u00f3 mennyi az elhanyagolt, gondozatlan s\u00edrhely, az elkoszol\u00f3dott, kopott, t\u00f6r\u00f6tt s\u00edrk\u0151. <\/span><span style=\"color: #000000;\">Sokan csak halottak napj\u00e1n mennek ki a temet\u0151be, a s\u00edrokat felveri a gyom, jobb esetben valamilyen burj\u00e1nz\u00f3 \u00f6r\u00f6kz\u00f6lddel futtatj\u00e1k be \u0151ket, amit elfelejtenek megny\u00edrni.<\/span><span style=\"color: #000000;\">\u00a0 <\/span><span style=\"color: #000000;\">A t\u00e1volban, k\u00fclf\u00f6ld\u00f6n \u00e9l\u0151knek gyakran megoldhatatlan gondot jelent hozz\u00e1tartoz\u00f3ik s\u00edrj\u00e1nak gondoz\u00e1sa, az \u00fcnnepekr\u0151l, \u00e9vfordul\u00f3kr\u00f3l val\u00f3 megeml\u00e9kez\u00e9s. El\u0151fordul, hogy nem is ismerik pontosan szeretteik temetkez\u00e9si hely\u00e9t, nem tudtak r\u00e9szt venni a temet\u00e9s\u00fck\u00f6n, de most, \u00e9vek m\u00falva szeretn\u00e9k ler\u00f3ni kegyelet\u00fcket m\u00e9lt\u00f3 s\u00edreml\u00e9k \u00e1ll\u00edt\u00e1s\u00e1val, annak folyamatos rendben tart\u00e1s\u00e1val. Ez azonban t\u00f6bb sz\u00e1z, t\u00f6bb ezer kilom\u00e9ter t\u00e1vols\u00e1gb\u00f3l neh\u00e9zs\u00e9gbe \u00fctk\u00f6zik, szinte lehetetlen. E probl\u00e9m\u00e1k megold\u00e1s\u00e1ban tud seg\u00edts\u00e9get ny\u00fajtani t\u00e1rsas\u00e1gunk. V\u00e1llaljuk a folyamatos vagy megadott d\u00e1tumokhoz kapcsol\u00f3d\u00f3 s\u00edrgondoz\u00e1st.<\/span><strong><span style=\"color: #000000;\"> <\/span><\/strong><\/p>\r\n<p style=\"text-align: justify;\"><a href=\"http:\/\/bonycom.hu\/old\/?ddownload=5902\" title=\"S\u00edrgondoz\u00e1si szolg\u00e1ltat\u00e1sok 2015.\" rel=\"nofollow\" class=\"ddownload-button button-green id-5902 ext-pdf\">S\u00edrgondoz\u00e1si szolg\u00e1ltat\u00e1sok 2015.<\/a><\/p>\r\n<p><strong><span style=\"color: #000000;\">\u00a0<\/span><\/strong><\/p>\r\n<p><em><span style=\"text-decoration: underline;\"><span style=\"color: #000000;\">S\u00edrgondoz\u00e1si szolg\u00e1ltat\u00e1saink:<\/span><\/span><\/em><\/p>\r\n<p><span style=\"color: #000000;\">Urn\u00e1s \u00e9s kopors\u00f3s s\u00edrhelyek gondoz\u00e1sa. <\/span><\/p>\r\n<ul>\r\n\t<li>\r\n<p>S\u00edrhelyek k\u00f6zvetlen k\u00f6rnyezet\u00e9nek gyomtalan\u00edt\u00e1sa, kasz\u00e1l\u00e1sa, tiszt\u00e1ntart\u00e1sa;<\/p>\r\n<\/li>\r\n\t<li>\r\n<p>K\u0151szeg\u00e9lyes vagy hantos s\u00edrok fel\u00fclet\u00e9nek id\u00e9nyvir\u00e1gokkal t\u00f6rt\u00e9n\u0151 be\u00fcltet\u00e9se \u00e9s rendszeres gondoz\u00e1sa;<\/p>\r\n<\/li>\r\n\t<li>\r\n<p>Vir\u00e1gcsokrok, koszor\u00fak elhelyez\u00e9se a s\u00edrokon a k\u00edv\u00e1nt rendszeress\u00e9ggel vagy alkalmakhoz kapcsol\u00f3d\u00f3an;<\/p>\r\n<\/li>\r\n\t<li>\r\n<p>M\u00e9csesek elhelyez\u00e9se;<\/p>\r\n<\/li>\r\n<\/ul>\r\n<ul>\r\n\t<li>\r\n<p>Fedlapos s\u00edreml\u00e9kek megtiszt\u00edt\u00e1sa, gondoz\u00e1sa.<\/p>\r\n<p>&nbsp;<\/p>\r\n<p>B\u00e1rmit \u00fcltet\u00fcnk, azt gondozni kell. A ki\u00fcltet\u00e9seket \u00f6nt\u00f6zni, gyoml\u00e1lni, kap\u00e1lni, ny\u00edrni kell. Akiknek nincs idej\u00fck rendszeresen kil\u00e1togatni a temet\u0151be, ig\u00e9nybe vehetik egyszeri, vagy eg\u00e9sz \u00e9vre sz\u00f3l\u00f3 s\u00edrgondoz\u00e1si szolg\u00e1ltat\u00e1sunkat.<\/p>\r\n<p>&nbsp;<\/p>\r\n<p><em><span style=\"text-decoration: underline;\">S\u00edrok egyszeri tiszt\u00edt\u00e1sa:<\/span><\/em><\/p>\r\n<p>S\u00edrok gyomn\u00f6v\u00e9nyekt\u0151l, elburj\u00e1nzott n\u00f6v\u00e9nyzett\u0151l val\u00f3 tiszt\u00edt\u00e1sa, rendbet\u00e9tele, egy alkalommal.<\/p>\r\n<p>&nbsp;<\/p>\r\n<p><em><span style=\"text-decoration: underline;\">S\u00edrgondoz\u00e1s:<\/span><\/em><\/p>\r\n<p>Egy\u00e9ni megrendel\u00e9s alapj\u00e1n eg\u00e9sz \u00e9vben folyamatosan rendben tartjuk a s\u00edrt. Rendszeresen kigyoml\u00e1ljuk, megkap\u00e1ljuk, gerebly\u00e9zz\u00fck, leseperj\u00fck, lemossuk, att\u00f3l f\u00fcgg\u0151en, hogy milyen s\u00edrr\u00f3l van sz\u00f3. Vir\u00e1ggal, vir\u00e1gk\u00f6t\u00e9szeti term\u00e9kkel d\u00edsz\u00edtj\u00fck a s\u00edrt.<\/p>\r\n<p>\u00a0K\u00e9r\u00e9sre a s\u00edrr\u00f3l f\u00e9nyk\u00e9pfelv\u00e9telt k\u00e9sz\u00edt\u00fcnk, melyet tov\u00e1bb\u00edtunk a megrendel\u0151nek, aki a l\u00e1tottak alapj\u00e1n megv\u00e1lasztja, hogy mely egy\u00e9b szolg\u00e1ltat\u00e1sunkra tart ig\u00e9nyt.<br \/>\r\n A munka elv\u00e9gz\u00e9s\u00e9t k\u00f6vet\u0151en k\u00e9r\u00e9sre \u00fajabb f\u00e9nyk\u00e9pfelv\u00e9telt k\u00e9sz\u00edt\u00fcnk \u00e9s tov\u00e1bb\u00edtunk a m\u00e1r fel\u00faj\u00edtott, \u00e1polt, gondozott s\u00edreml\u00e9kr\u0151l. Term\u00e9szetesen folyamatosan egyeztet\u00fcnk a megrendel\u0151 ig\u00e9nyeir\u0151l, el\u00e9gedetts\u00e9g\u00e9r\u0151l, az esetlegesen elv\u00e1rt tov\u00e1bbi tennival\u00f3kr\u00f3l.<\/p>\r\n<\/li>\r\n<\/ul>\r\n<p>&nbsp;<\/p>\r\n<p style=\"text-align: justify;\">Szerencs\u00e9re egyre t\u00f6bben ford\u00edtanak nagyobb gondot a s\u00edrok gondoz\u00e1s\u00e1ra, s a j\u00f3 p\u00e9ld\u00e1nak akadnak k\u00f6vet\u0151i. K\u00e9r\u00fcnk mindenkit, hogy tekintse a temet\u0151ket kegyeleti helynek, \u00e9s gondozza\/gondoztassa hozz\u00e1tartoz\u00f3i s\u00edrjait. Amennyiben nem \u00e1ll m\u00f3dj\u00e1ban a szem\u00e9lyes s\u00edrgondoz\u00e1s megrendelhet\u0151 t\u00e9r\u00edt\u00e9s ellen\u00e9ben a BONYCOM Nonprofit Kft-t\u0151l.<\/p>\r\n<p style=\"text-align: justify;\"><span style=\"color: #000000; font-family: Times New Roman; font-size: medium;\">\u00a0<\/span><\/p>\r\n<p style=\"text-align: justify;\"><span style=\"color: #000000; font-family: Times New Roman; font-size: medium;\">Mivel minden munka egy\u00e9ni ig\u00e9ny alapj\u00e1n k\u00e9sz\u00fcl el, \u00e9s mert nincsen k\u00e9t egyforma s\u00edr sem, ez\u00e9rt \u00e1raink fel\u0151l \u00e9rdekl\u0151dj\u00f6n szem\u00e9lyesen (7150 Bonyh\u00e1d, Mikes u. 3.),\u00a0 telefonon a <\/span><span style=\"color: #000000; font-family: Times New Roman; font-size: medium;\">74\/451-701-es telefonsz\u00e1mon, vagy <\/span><span style=\"color: #000000;\"><span style=\"color: #000000; font-family: Times New Roman; font-size: medium;\">e-mail-ben<\/span><\/span><span style=\"color: #000000; font-family: Times New Roman; font-size: medium;\"> (info@bonycom.hu). <\/span><\/p>\r\n<p><span style=\"color: #000000; font-family: Times New Roman; font-size: medium;\">\u00a0<\/span><\/p>\r\n<p><span style=\"color: #000000; font-family: Times New Roman; font-size: medium;\">\u00a0<\/span><\/p>\r\n<p><span style=\"color: #000000;\">\u00a0<\/span><\/p>\r\n<p>&nbsp;<\/p>\r\n<p>&nbsp;<\/p>\r\n<p>&nbsp;<\/p>","protected":false},"excerpt":{"rendered":"&nbsp; Temet\u0151i \u00fcgyint\u00e9z\u00e9ssel kapcsolatos nyomtatv\u00e1nyok &nbsp; A Bonyh\u00e1di K\u00f6ztemet\u0151, a Bonyh\u00e1di R\u00f3mai Katolikus Temet\u0151 \u00e9s a Bonyh\u00e1d-Majosi K\u00f6ztemet\u0151 \u00fczemeltet\u00e9si\u00a0feladatainak ell\u00e1t\u00e1sa. TEMET\u0150GONDNOK:\u00a0 Kaszonics Tam\u00e1s Temet\u00e9ssel, s\u00edrhelyekkel kapcsolatos \u00fcgyint\u00e9z\u00e9s: 7150. Bonyh\u00e1d, V\u00f6r\u00f6smarty t\u00e9r 19. Telefon\/Fax: 74\/456-884 \u00dcgyf\u00e9lfogad\u00e1si id\u0151: h\u00e9tf\u0151t\u0151l \u2013 p\u00e9ntekig 8.00<span class=\"ellipsis\">&hellip;<\/span><div class=\"read-more\"><a href=\"http:\/\/bonycom.hu\/old\/tevekenysegeink\/temetok-uzemeltetese\/\">Tov\u00e1bb \u203a<\/a><\/div><!-- end of .read-more -->","protected":false},"author":3,"featured_media":0,"parent":174,"menu_order":0,"comment_status":"closed","ping_status":"closed","template":"","meta":{"_monsterinsights_skip_tracking":false,"_monsterinsights_sitenote_active":false,"_monsterinsights_sitenote_note":"","_monsterinsights_sitenote_category":0,"footnotes":""},"class_list":["post-183","page","type-page","status-publish","hentry"],"yoast_head":"<!-- This site is optimized with the Yoast SEO plugin v26.6 - https:\/\/yoast.com\/wordpress\/plugins\/seo\/ -->\n<title>Temet\u0151k \u00fczemeltet\u00e9se - Bonycom - Bonyh\u00e1di K\u00f6z\u00fczemi Nonprofit Kft.<\/title>\n<meta name=\"robots\" content=\"index, follow, max-snippet:-1, max-image-preview:large, max-video-preview:-1\" \/>\n<link rel=\"canonical\" href=\"https:\/\/bonycom.hu\/old\/tevekenysegeink\/temetok-uzemeltetese\/\" \/>\n<meta property=\"og:locale\" content=\"hu_HU\" \/>\n<meta property=\"og:type\" content=\"article\" \/>\n<meta property=\"og:title\" content=\"Temet\u0151k \u00fczemeltet\u00e9se - Bonycom - Bonyh\u00e1di K\u00f6z\u00fczemi Nonprofit Kft.\" \/>\n<meta property=\"og:description\" content=\"&nbsp; Temet\u0151i \u00fcgyint\u00e9z\u00e9ssel kapcsolatos nyomtatv\u00e1nyok &nbsp; A Bonyh\u00e1di K\u00f6ztemet\u0151, a Bonyh\u00e1di R\u00f3mai Katolikus Temet\u0151 \u00e9s a Bonyh\u00e1d-Majosi K\u00f6ztemet\u0151 \u00fczemeltet\u00e9si\u00a0feladatainak ell\u00e1t\u00e1sa. TEMET\u0150GONDNOK:\u00a0 Kaszonics Tam\u00e1s Temet\u00e9ssel, s\u00edrhelyekkel kapcsolatos \u00fcgyint\u00e9z\u00e9s: 7150. Bonyh\u00e1d, V\u00f6r\u00f6smarty t\u00e9r 19. Telefon\/Fax: 74\/456-884 \u00dcgyf\u00e9lfogad\u00e1si id\u0151: h\u00e9tf\u0151t\u0151l \u2013 p\u00e9ntekig 8.00&hellip;Tov\u00e1bb \u203a\" \/>\n<meta property=\"og:url\" content=\"https:\/\/bonycom.hu\/old\/tevekenysegeink\/temetok-uzemeltetese\/\" \/>\n<meta property=\"og:site_name\" content=\"Bonycom - Bonyh\u00e1di K\u00f6z\u00fczemi Nonprofit Kft.\" \/>\n<meta property=\"article:modified_time\" content=\"2023-05-31T09:24:15+00:00\" \/>\n<meta name=\"twitter:label1\" content=\"Becs\u00fclt olvas\u00e1si id\u0151\" \/>\n\t<meta name=\"twitter:data1\" content=\"4 perc\" \/>\n<!-- \/ Yoast SEO plugin. -->","yoast_head_json":{"title":"Temet\u0151k \u00fczemeltet\u00e9se - Bonycom - Bonyh\u00e1di K\u00f6z\u00fczemi Nonprofit Kft.","robots":{"index":"index","follow":"follow","max-snippet":"max-snippet:-1","max-image-preview":"max-image-preview:large","max-video-preview":"max-video-preview:-1"},"canonical":"https:\/\/bonycom.hu\/old\/tevekenysegeink\/temetok-uzemeltetese\/","og_locale":"hu_HU","og_type":"article","og_title":"Temet\u0151k \u00fczemeltet\u00e9se - Bonycom - Bonyh\u00e1di K\u00f6z\u00fczemi Nonprofit Kft.","og_description":"&nbsp; Temet\u0151i \u00fcgyint\u00e9z\u00e9ssel kapcsolatos nyomtatv\u00e1nyok &nbsp; A Bonyh\u00e1di K\u00f6ztemet\u0151, a Bonyh\u00e1di R\u00f3mai Katolikus Temet\u0151 \u00e9s a Bonyh\u00e1d-Majosi K\u00f6ztemet\u0151 \u00fczemeltet\u00e9si\u00a0feladatainak ell\u00e1t\u00e1sa. TEMET\u0150GONDNOK:\u00a0 Kaszonics Tam\u00e1s Temet\u00e9ssel, s\u00edrhelyekkel kapcsolatos \u00fcgyint\u00e9z\u00e9s: 7150. Bonyh\u00e1d, V\u00f6r\u00f6smarty t\u00e9r 19. Telefon\/Fax: 74\/456-884 \u00dcgyf\u00e9lfogad\u00e1si id\u0151: h\u00e9tf\u0151t\u0151l \u2013 p\u00e9ntekig 8.00&hellip;Tov\u00e1bb \u203a","og_url":"https:\/\/bonycom.hu\/old\/tevekenysegeink\/temetok-uzemeltetese\/","og_site_name":"Bonycom - Bonyh\u00e1di K\u00f6z\u00fczemi Nonprofit Kft.","article_modified_time":"2023-05-31T09:24:15+00:00","twitter_misc":{"Becs\u00fclt olvas\u00e1si id\u0151":"4 perc"},"schema":{"@context":"https:\/\/schema.org","@graph":[{"@type":"WebPage","@id":"https:\/\/bonycom.hu\/old\/tevekenysegeink\/temetok-uzemeltetese\/","url":"https:\/\/bonycom.hu\/old\/tevekenysegeink\/temetok-uzemeltetese\/","name":"Temet\u0151k \u00fczemeltet\u00e9se - Bonycom - Bonyh\u00e1di K\u00f6z\u00fczemi Nonprofit Kft.","isPartOf":{"@id":"https:\/\/bonycom.hu\/old\/#website"},"datePublished":"2013-01-18T18:39:43+00:00","dateModified":"2023-05-31T09:24:15+00:00","breadcrumb":{"@id":"https:\/\/bonycom.hu\/old\/tevekenysegeink\/temetok-uzemeltetese\/#breadcrumb"},"inLanguage":"hu","potentialAction":[{"@type":"ReadAction","target":["https:\/\/bonycom.hu\/old\/tevekenysegeink\/temetok-uzemeltetese\/"]}]},{"@type":"BreadcrumbList","@id":"https:\/\/bonycom.hu\/old\/tevekenysegeink\/temetok-uzemeltetese\/#breadcrumb","itemListElement":[{"@type":"ListItem","position":1,"name":"Home","item":"https:\/\/bonycom.hu\/old\/"},{"@type":"ListItem","position":2,"name":"Tev\u00e9kenys\u00e9geink","item":"https:\/\/bonycom.hu\/old\/tevekenysegeink\/"},{"@type":"ListItem","position":3,"name":"Temet\u0151k \u00fczemeltet\u00e9se"}]},{"@type":"WebSite","@id":"https:\/\/bonycom.hu\/old\/#website","url":"https:\/\/bonycom.hu\/old\/","name":"Bonycom - Bonyh\u00e1di K\u00f6z\u00fczemi Nonprofit Kft.","description":"","inLanguage":"hu"}]}},"_links":{"self":[{"href":"http:\/\/bonycom.hu\/old\/wp-json\/wp\/v2\/pages\/183","targetHints":{"allow":["GET"]}}],"collection":[{"href":"http:\/\/bonycom.hu\/old\/wp-json\/wp\/v2\/pages"}],"about":[{"href":"http:\/\/bonycom.hu\/old\/wp-json\/wp\/v2\/types\/page"}],"author":[{"embeddable":true,"href":"http:\/\/bonycom.hu\/old\/wp-json\/wp\/v2\/users\/3"}],"replies":[{"embeddable":true,"href":"http:\/\/bonycom.hu\/old\/wp-json\/wp\/v2\/comments?post=183"}],"version-history":[{"count":27,"href":"http:\/\/bonycom.hu\/old\/wp-json\/wp\/v2\/pages\/183\/revisions"}],"predecessor-version":[{"id":10331,"href":"http:\/\/bonycom.hu\/old\/wp-json\/wp\/v2\/pages\/183\/revisions\/10331"}],"up":[{"embeddable":true,"href":"http:\/\/bonycom.hu\/old\/wp-json\/wp\/v2\/pages\/174"}],"wp:attachment":[{"href":"http:\/\/bonycom.hu\/old\/wp-json\/wp\/v2\/media?parent=183"}],"curies":[{"name":"wp","href":"https:\/\/api.w.org\/{rel}","templated":true}]}}