	{"id":188,"date":"2017-05-15T14:58:01","date_gmt":"2017-05-15T12:58:01","guid":{"rendered":"http:\/\/bonycom.hu\/?page_id=188"},"modified":"2018-01-26T14:02:17","modified_gmt":"2018-01-26T13:02:17","slug":"ugyfelszolgalat","status":"publish","type":"page","link":"http:\/\/bonycom.hu\/old\/ugyfelszolgalat\/","title":{"rendered":"\u00dcgyf\u00e9lszolg\u00e1lat"},"content":{"rendered":"<ul>\r\n\t<li><a href=\"http:\/\/bonycom.hu\/ugyfelszolgalat\/jogszabalyok\/\" title=\"Jogszab\u00e1lyok\">Jogszab\u00e1lyok<\/a><\/li>\r\n\t<li><a href=\"http:\/\/bonycom.hu\/ugyfelszolgalat\/hiba-bejelentes\/\" title=\"Hiba bejelent\u00e9s\">Hiba bejelent\u00e9s<\/a><\/li>\r\n<\/ul>","protected":false},"excerpt":{"rendered":"Jogszab\u00e1lyok Hiba bejelent\u00e9s","protected":false},"author":3,"featured_media":0,"parent":0,"menu_order":0,"comment_status":"closed","ping_status":"closed","template":"","meta":{"_monsterinsights_skip_tracking":false,"_monsterinsights_sitenote_active":false,"_monsterinsights_sitenote_note":"","_monsterinsights_sitenote_category":0,"footnotes":""},"class_list":["post-188","page","type-page","status-publish","hentry"],"yoast_head":"<!-- This site is optimized with the Yoast SEO plugin v26.6 - https:\/\/yoast.com\/wordpress\/plugins\/seo\/ -->\n<title>\u00dcgyf\u00e9lszolg\u00e1lat - Bonycom - Bonyh\u00e1di K\u00f6z\u00fczemi Nonprofit Kft.<\/title>\n<meta name=\"robots\" content=\"index, follow, max-snippet:-1, max-image-preview:large, max-video-preview:-1\" \/>\n<link rel=\"canonical\" href=\"https:\/\/bonycom.hu\/old\/ugyfelszolgalat\/\" \/>\n<meta property=\"og:locale\" content=\"hu_HU\" \/>\n<meta property=\"og:type\" content=\"article\" \/>\n<meta property=\"og:title\" content=\"\u00dcgyf\u00e9lszolg\u00e1lat - Bonycom - Bonyh\u00e1di K\u00f6z\u00fczemi Nonprofit Kft.\" \/>\n<meta property=\"og:description\" content=\"Jogszab\u00e1lyok Hiba bejelent\u00e9s\" \/>\n<meta property=\"og:url\" content=\"https:\/\/bonycom.hu\/old\/ugyfelszolgalat\/\" \/>\n<meta property=\"og:site_name\" content=\"Bonycom - Bonyh\u00e1di K\u00f6z\u00fczemi Nonprofit Kft.\" \/>\n<meta property=\"article:modified_time\" content=\"2018-01-26T13:02:17+00:00\" \/>\n<!-- \/ Yoast SEO plugin. -->","yoast_head_json":{"title":"\u00dcgyf\u00e9lszolg\u00e1lat - Bonycom - Bonyh\u00e1di K\u00f6z\u00fczemi Nonprofit Kft.","robots":{"index":"index","follow":"follow","max-snippet":"max-snippet:-1","max-image-preview":"max-image-preview:large","max-video-preview":"max-video-preview:-1"},"canonical":"https:\/\/bonycom.hu\/old\/ugyfelszolgalat\/","og_locale":"hu_HU","og_type":"article","og_title":"\u00dcgyf\u00e9lszolg\u00e1lat - Bonycom - Bonyh\u00e1di K\u00f6z\u00fczemi Nonprofit Kft.","og_description":"Jogszab\u00e1lyok Hiba bejelent\u00e9s","og_url":"https:\/\/bonycom.hu\/old\/ugyfelszolgalat\/","og_site_name":"Bonycom - Bonyh\u00e1di K\u00f6z\u00fczemi Nonprofit Kft.","article_modified_time":"2018-01-26T13:02:17+00:00","schema":{"@context":"https:\/\/schema.org","@graph":[{"@type":"WebPage","@id":"https:\/\/bonycom.hu\/old\/ugyfelszolgalat\/","url":"https:\/\/bonycom.hu\/old\/ugyfelszolgalat\/","name":"\u00dcgyf\u00e9lszolg\u00e1lat - Bonycom - Bonyh\u00e1di K\u00f6z\u00fczemi Nonprofit Kft.","isPartOf":{"@id":"https:\/\/bonycom.hu\/old\/#website"},"datePublished":"2017-05-15T12:58:01+00:00","dateModified":"2018-01-26T13:02:17+00:00","breadcrumb":{"@id":"https:\/\/bonycom.hu\/old\/ugyfelszolgalat\/#breadcrumb"},"inLanguage":"hu","potentialAction":[{"@type":"ReadAction","target":["https:\/\/bonycom.hu\/old\/ugyfelszolgalat\/"]}]},{"@type":"BreadcrumbList","@id":"https:\/\/bonycom.hu\/old\/ugyfelszolgalat\/#breadcrumb","itemListElement":[{"@type":"ListItem","position":1,"name":"Home","item":"https:\/\/bonycom.hu\/old\/"},{"@type":"ListItem","position":2,"name":"\u00dcgyf\u00e9lszolg\u00e1lat"}]},{"@type":"WebSite","@id":"https:\/\/bonycom.hu\/old\/#website","url":"https:\/\/bonycom.hu\/old\/","name":"Bonycom - Bonyh\u00e1di K\u00f6z\u00fczemi Nonprofit Kft.","description":"","inLanguage":"hu"}]}},"_links":{"self":[{"href":"http:\/\/bonycom.hu\/old\/wp-json\/wp\/v2\/pages\/188","targetHints":{"allow":["GET"]}}],"collection":[{"href":"http:\/\/bonycom.hu\/old\/wp-json\/wp\/v2\/pages"}],"about":[{"href":"http:\/\/bonycom.hu\/old\/wp-json\/wp\/v2\/types\/page"}],"author":[{"embeddable":true,"href":"http:\/\/bonycom.hu\/old\/wp-json\/wp\/v2\/users\/3"}],"replies":[{"embeddable":true,"href":"http:\/\/bonycom.hu\/old\/wp-json\/wp\/v2\/comments?post=188"}],"version-history":[{"count":9,"href":"http:\/\/bonycom.hu\/old\/wp-json\/wp\/v2\/pages\/188\/revisions"}],"predecessor-version":[{"id":9899,"href":"http:\/\/bonycom.hu\/old\/wp-json\/wp\/v2\/pages\/188\/revisions\/9899"}],"wp:attachment":[{"href":"http:\/\/bonycom.hu\/old\/wp-json\/wp\/v2\/media?parent=188"}],"curies":[{"name":"wp","href":"https:\/\/api.w.org\/{rel}","templated":true}]}}