	{"id":194,"date":"2013-01-18T19:45:33","date_gmt":"2013-01-18T18:45:33","guid":{"rendered":"http:\/\/bonycom.hu\/?page_id=194"},"modified":"2017-05-15T15:12:45","modified_gmt":"2017-05-15T13:12:45","slug":"hibabejelentes","status":"publish","type":"page","link":"http:\/\/bonycom.hu\/old\/ugyfelszolgalat\/hibabejelentes\/","title":{"rendered":"Hibabejelent\u00e9s"},"content":{"rendered":"<h4>K\u00f6zponti telep:<\/h4>\r\n<table border=\"0\" style=\"width: 60%;\">\r\n<tbody>\r\n<tr>\r\n<td style=\"width: 25%;\">C\u00edm:<\/td>\r\n<td>7150 Bonyh\u00e1d, Mikes K. utca 3.<\/td>\r\n<\/tr>\r\n<tr style=\"background-color: #f6f6f6;\">\r\n<td>Telefon:<\/td>\r\n<td>+36 &#8211; 74 \/ 451 &#8211; 701<\/td>\r\n<\/tr>\r\n<tr>\r\n<td>Mobil:<\/td>\r\n<td>+36 &#8211; 20 \/ 39 &#8211; 53 &#8211; 377<\/td>\r\n<\/tr>\r\n<tr style=\"background-color: #f6f6f6;\">\r\n<td>Fax:<\/td>\r\n<td>+36 &#8211; 74 \/ 451 &#8211; 807<\/td>\r\n<\/tr>\r\n<tr>\r\n<td>E-mail:<\/td>\r\n<td><a href=\"mailto:info@bonycom.hu\">info@bonycom.hu<\/a><\/td>\r\n<\/tr>\r\n<\/tbody>\r\n<\/table>","protected":false},"excerpt":{"rendered":"K\u00f6zponti telep: C\u00edm: 7150 Bonyh\u00e1d, Mikes K. utca 3. Telefon: +36 &#8211; 74 \/ 451 &#8211; 701 Mobil: +36 &#8211; 20 \/ 39 &#8211; 53 &#8211; 377 Fax: +36 &#8211; 74 \/ 451 &#8211; 807 E-mail: info@bonycom.hu","protected":false},"author":3,"featured_media":0,"parent":188,"menu_order":0,"comment_status":"closed","ping_status":"closed","template":"","meta":{"_monsterinsights_skip_tracking":false,"_monsterinsights_sitenote_active":false,"_monsterinsights_sitenote_note":"","_monsterinsights_sitenote_category":0,"footnotes":""},"class_list":["post-194","page","type-page","status-publish","hentry"],"yoast_head":"<!-- This site is optimized with the Yoast SEO plugin v26.6 - https:\/\/yoast.com\/wordpress\/plugins\/seo\/ -->\n<title>Hibabejelent\u00e9s - Bonycom - Bonyh\u00e1di K\u00f6z\u00fczemi Nonprofit Kft.<\/title>\n<meta name=\"robots\" content=\"index, follow, max-snippet:-1, max-image-preview:large, max-video-preview:-1\" \/>\n<link rel=\"canonical\" href=\"https:\/\/bonycom.hu\/old\/ugyfelszolgalat\/hibabejelentes\/\" \/>\n<meta property=\"og:locale\" content=\"hu_HU\" \/>\n<meta property=\"og:type\" content=\"article\" \/>\n<meta property=\"og:title\" content=\"Hibabejelent\u00e9s - Bonycom - Bonyh\u00e1di K\u00f6z\u00fczemi Nonprofit Kft.\" \/>\n<meta property=\"og:description\" content=\"K\u00f6zponti telep: C\u00edm: 7150 Bonyh\u00e1d, Mikes K. utca 3. Telefon: +36 &#8211; 74 \/ 451 &#8211; 701 Mobil: +36 &#8211; 20 \/ 39 &#8211; 53 &#8211; 377 Fax: +36 &#8211; 74 \/ 451 &#8211; 807 E-mail: info@bonycom.hu\" \/>\n<meta property=\"og:url\" content=\"https:\/\/bonycom.hu\/old\/ugyfelszolgalat\/hibabejelentes\/\" \/>\n<meta property=\"og:site_name\" content=\"Bonycom - Bonyh\u00e1di K\u00f6z\u00fczemi Nonprofit Kft.\" \/>\n<meta property=\"article:modified_time\" content=\"2017-05-15T13:12:45+00:00\" \/>\n<!-- \/ Yoast SEO plugin. -->","yoast_head_json":{"title":"Hibabejelent\u00e9s - Bonycom - Bonyh\u00e1di K\u00f6z\u00fczemi Nonprofit Kft.","robots":{"index":"index","follow":"follow","max-snippet":"max-snippet:-1","max-image-preview":"max-image-preview:large","max-video-preview":"max-video-preview:-1"},"canonical":"https:\/\/bonycom.hu\/old\/ugyfelszolgalat\/hibabejelentes\/","og_locale":"hu_HU","og_type":"article","og_title":"Hibabejelent\u00e9s - Bonycom - Bonyh\u00e1di K\u00f6z\u00fczemi Nonprofit Kft.","og_description":"K\u00f6zponti telep: C\u00edm: 7150 Bonyh\u00e1d, Mikes K. utca 3. Telefon: +36 &#8211; 74 \/ 451 &#8211; 701 Mobil: +36 &#8211; 20 \/ 39 &#8211; 53 &#8211; 377 Fax: +36 &#8211; 74 \/ 451 &#8211; 807 E-mail: info@bonycom.hu","og_url":"https:\/\/bonycom.hu\/old\/ugyfelszolgalat\/hibabejelentes\/","og_site_name":"Bonycom - Bonyh\u00e1di K\u00f6z\u00fczemi Nonprofit Kft.","article_modified_time":"2017-05-15T13:12:45+00:00","schema":{"@context":"https:\/\/schema.org","@graph":[{"@type":"WebPage","@id":"https:\/\/bonycom.hu\/old\/ugyfelszolgalat\/hibabejelentes\/","url":"https:\/\/bonycom.hu\/old\/ugyfelszolgalat\/hibabejelentes\/","name":"Hibabejelent\u00e9s - Bonycom - Bonyh\u00e1di K\u00f6z\u00fczemi Nonprofit Kft.","isPartOf":{"@id":"https:\/\/bonycom.hu\/old\/#website"},"datePublished":"2013-01-18T18:45:33+00:00","dateModified":"2017-05-15T13:12:45+00:00","breadcrumb":{"@id":"https:\/\/bonycom.hu\/old\/ugyfelszolgalat\/hibabejelentes\/#breadcrumb"},"inLanguage":"hu","potentialAction":[{"@type":"ReadAction","target":["https:\/\/bonycom.hu\/old\/ugyfelszolgalat\/hibabejelentes\/"]}]},{"@type":"BreadcrumbList","@id":"https:\/\/bonycom.hu\/old\/ugyfelszolgalat\/hibabejelentes\/#breadcrumb","itemListElement":[{"@type":"ListItem","position":1,"name":"Home","item":"https:\/\/bonycom.hu\/old\/"},{"@type":"ListItem","position":2,"name":"\u00dcgyf\u00e9lszolg\u00e1lat","item":"https:\/\/bonycom.hu\/old\/ugyfelszolgalat\/"},{"@type":"ListItem","position":3,"name":"Hibabejelent\u00e9s"}]},{"@type":"WebSite","@id":"https:\/\/bonycom.hu\/old\/#website","url":"https:\/\/bonycom.hu\/old\/","name":"Bonycom - Bonyh\u00e1di K\u00f6z\u00fczemi Nonprofit Kft.","description":"","inLanguage":"hu"}]}},"_links":{"self":[{"href":"http:\/\/bonycom.hu\/old\/wp-json\/wp\/v2\/pages\/194","targetHints":{"allow":["GET"]}}],"collection":[{"href":"http:\/\/bonycom.hu\/old\/wp-json\/wp\/v2\/pages"}],"about":[{"href":"http:\/\/bonycom.hu\/old\/wp-json\/wp\/v2\/types\/page"}],"author":[{"embeddable":true,"href":"http:\/\/bonycom.hu\/old\/wp-json\/wp\/v2\/users\/3"}],"replies":[{"embeddable":true,"href":"http:\/\/bonycom.hu\/old\/wp-json\/wp\/v2\/comments?post=194"}],"version-history":[{"count":6,"href":"http:\/\/bonycom.hu\/old\/wp-json\/wp\/v2\/pages\/194\/revisions"}],"predecessor-version":[{"id":9905,"href":"http:\/\/bonycom.hu\/old\/wp-json\/wp\/v2\/pages\/194\/revisions\/9905"}],"up":[{"embeddable":true,"href":"http:\/\/bonycom.hu\/old\/wp-json\/wp\/v2\/pages\/188"}],"wp:attachment":[{"href":"http:\/\/bonycom.hu\/old\/wp-json\/wp\/v2\/media?parent=194"}],"curies":[{"name":"wp","href":"https:\/\/api.w.org\/{rel}","templated":true}]}}