	{"id":196,"date":"2013-01-18T19:46:06","date_gmt":"2013-01-18T18:46:06","guid":{"rendered":"http:\/\/bonycom.hu\/?page_id=196"},"modified":"2017-05-21T19:26:15","modified_gmt":"2017-05-21T17:26:15","slug":"engedely","status":"publish","type":"page","link":"http:\/\/bonycom.hu\/old\/ugyfelszolgalat\/engedely\/","title":{"rendered":"Enged\u00e9ly"},"content":{"rendered":"<a href=\"http:\/\/bonycom.hu\/old\/?ddownload=5369\" title=\"Hullad\u00e9kgazd\u00e1lkod\u00e1si K\u00f6zszolg\u00e1ltat\u00f3i Enged\u00e9ly\" rel=\"nofollow\" class=\"ddownload-link id-5369 ext-pdf\">Hullad\u00e9kgazd\u00e1lkod\u00e1si K\u00f6zszolg\u00e1ltat\u00f3i Enged\u00e9ly<\/a>\r\n<p>&nbsp;<\/p>","protected":false},"excerpt":{"rendered":"&nbsp;","protected":false},"author":3,"featured_media":0,"parent":188,"menu_order":0,"comment_status":"closed","ping_status":"closed","template":"","meta":{"_monsterinsights_skip_tracking":false,"_monsterinsights_sitenote_active":false,"_monsterinsights_sitenote_note":"","_monsterinsights_sitenote_category":0,"footnotes":""},"class_list":["post-196","page","type-page","status-publish","hentry"],"yoast_head":"<!-- This site is optimized with the Yoast SEO plugin v26.6 - https:\/\/yoast.com\/wordpress\/plugins\/seo\/ -->\n<title>Enged\u00e9ly - Bonycom - Bonyh\u00e1di K\u00f6z\u00fczemi Nonprofit Kft.<\/title>\n<meta name=\"robots\" content=\"index, follow, max-snippet:-1, max-image-preview:large, max-video-preview:-1\" \/>\n<link rel=\"canonical\" href=\"http:\/\/bonycom.hu\/old\/ugyfelszolgalat\/engedely\/\" \/>\n<meta property=\"og:locale\" content=\"hu_HU\" \/>\n<meta property=\"og:type\" content=\"article\" \/>\n<meta property=\"og:title\" content=\"Enged\u00e9ly - Bonycom - Bonyh\u00e1di K\u00f6z\u00fczemi Nonprofit Kft.\" \/>\n<meta property=\"og:description\" content=\"&nbsp;\" \/>\n<meta property=\"og:url\" content=\"http:\/\/bonycom.hu\/old\/ugyfelszolgalat\/engedely\/\" \/>\n<meta property=\"og:site_name\" content=\"Bonycom - Bonyh\u00e1di K\u00f6z\u00fczemi Nonprofit Kft.\" \/>\n<meta property=\"article:modified_time\" content=\"2017-05-21T17:26:15+00:00\" \/>\n<!-- \/ Yoast SEO plugin. -->","yoast_head_json":{"title":"Enged\u00e9ly - Bonycom - Bonyh\u00e1di K\u00f6z\u00fczemi Nonprofit Kft.","robots":{"index":"index","follow":"follow","max-snippet":"max-snippet:-1","max-image-preview":"max-image-preview:large","max-video-preview":"max-video-preview:-1"},"canonical":"http:\/\/bonycom.hu\/old\/ugyfelszolgalat\/engedely\/","og_locale":"hu_HU","og_type":"article","og_title":"Enged\u00e9ly - Bonycom - Bonyh\u00e1di K\u00f6z\u00fczemi Nonprofit Kft.","og_description":"&nbsp;","og_url":"http:\/\/bonycom.hu\/old\/ugyfelszolgalat\/engedely\/","og_site_name":"Bonycom - Bonyh\u00e1di K\u00f6z\u00fczemi Nonprofit Kft.","article_modified_time":"2017-05-21T17:26:15+00:00","schema":{"@context":"https:\/\/schema.org","@graph":[{"@type":"WebPage","@id":"http:\/\/bonycom.hu\/old\/ugyfelszolgalat\/engedely\/","url":"http:\/\/bonycom.hu\/old\/ugyfelszolgalat\/engedely\/","name":"Enged\u00e9ly - Bonycom - Bonyh\u00e1di K\u00f6z\u00fczemi Nonprofit Kft.","isPartOf":{"@id":"https:\/\/bonycom.hu\/old\/#website"},"datePublished":"2013-01-18T18:46:06+00:00","dateModified":"2017-05-21T17:26:15+00:00","breadcrumb":{"@id":"http:\/\/bonycom.hu\/old\/ugyfelszolgalat\/engedely\/#breadcrumb"},"inLanguage":"hu","potentialAction":[{"@type":"ReadAction","target":["http:\/\/bonycom.hu\/old\/ugyfelszolgalat\/engedely\/"]}]},{"@type":"BreadcrumbList","@id":"http:\/\/bonycom.hu\/old\/ugyfelszolgalat\/engedely\/#breadcrumb","itemListElement":[{"@type":"ListItem","position":1,"name":"Home","item":"https:\/\/bonycom.hu\/old\/"},{"@type":"ListItem","position":2,"name":"\u00dcgyf\u00e9lszolg\u00e1lat","item":"https:\/\/bonycom.hu\/old\/ugyfelszolgalat\/"},{"@type":"ListItem","position":3,"name":"Enged\u00e9ly"}]},{"@type":"WebSite","@id":"https:\/\/bonycom.hu\/old\/#website","url":"https:\/\/bonycom.hu\/old\/","name":"Bonycom - Bonyh\u00e1di K\u00f6z\u00fczemi Nonprofit Kft.","description":"","inLanguage":"hu"}]}},"_links":{"self":[{"href":"http:\/\/bonycom.hu\/old\/wp-json\/wp\/v2\/pages\/196","targetHints":{"allow":["GET"]}}],"collection":[{"href":"http:\/\/bonycom.hu\/old\/wp-json\/wp\/v2\/pages"}],"about":[{"href":"http:\/\/bonycom.hu\/old\/wp-json\/wp\/v2\/types\/page"}],"author":[{"embeddable":true,"href":"http:\/\/bonycom.hu\/old\/wp-json\/wp\/v2\/users\/3"}],"replies":[{"embeddable":true,"href":"http:\/\/bonycom.hu\/old\/wp-json\/wp\/v2\/comments?post=196"}],"version-history":[{"count":7,"href":"http:\/\/bonycom.hu\/old\/wp-json\/wp\/v2\/pages\/196\/revisions"}],"predecessor-version":[{"id":9903,"href":"http:\/\/bonycom.hu\/old\/wp-json\/wp\/v2\/pages\/196\/revisions\/9903"}],"up":[{"embeddable":true,"href":"http:\/\/bonycom.hu\/old\/wp-json\/wp\/v2\/pages\/188"}],"wp:attachment":[{"href":"http:\/\/bonycom.hu\/old\/wp-json\/wp\/v2\/media?parent=196"}],"curies":[{"name":"wp","href":"https:\/\/api.w.org\/{rel}","templated":true}]}}