	{"id":215,"date":"2017-05-15T15:15:37","date_gmt":"2017-05-15T13:15:37","guid":{"rendered":"http:\/\/bonycom.hu\/?page_id=215"},"modified":"2025-04-14T14:31:38","modified_gmt":"2025-04-14T12:31:38","slug":"kapcsolat","status":"publish","type":"page","link":"http:\/\/bonycom.hu\/old\/kapcsolat\/","title":{"rendered":"KAPCSOLAT"},"content":{"rendered":"<h4>K\u00d6ZPONTI TELEPHELY:<\/h4>\r\n<table border=\"0\" style=\"width: 60%;\">\r\n<tbody>\r\n<tr>\r\n<td style=\"width: 25%;\">C\u00edm:<\/td>\r\n<td>7150 Bonyh\u00e1d, Mikes K. utca 3.<\/td>\r\n<\/tr>\r\n<tr style=\"background-color: #f6f6f6;\">\r\n<td>Telefon:<\/td>\r\n<td>+36 &#8211; 74 \/ 451 &#8211; 701<\/td>\r\n<\/tr>\r\n<tr>\r\n<td>Mobil:<\/td>\r\n<td>+36 &#8211; 20 \/ 39 &#8211; 53 &#8211; 377<\/td>\r\n<\/tr>\r\n<tr style=\"background-color: #f6f6f6;\">\r\n<td><\/td>\r\n<td><\/td>\r\n<\/tr>\r\n<tr>\r\n<td>E-mail:<\/td>\r\n<td><a href=\"mailto:info@bonycom.hu\">info@bonycom.hu<\/a><\/td>\r\n<\/tr>\r\n<\/tbody>\r\n<\/table>\r\n<h4>BONYH\u00c1D V\u00c1ROSI TANUSZODA:<\/h4>\r\n<table border=\"0\" style=\"width: 60%;\">\r\n<tbody>\r\n<tr>\r\n<td style=\"width: 25%;\">C\u00edm:<\/td>\r\n<td>7150 Bonyh\u00e1d, F\u00e1y ltp. 34.<\/td>\r\n<\/tr>\r\n<tr style=\"background-color: #f6f6f6;\">\r\n<td>Telefon:<\/td>\r\n<td>+36 &#8211; 74 \/ 451 &#8211; 554<\/td>\r\n<\/tr>\r\n<tr>\r\n<td>E-mail:<\/td>\r\n<td><a href=\"mailto:furdo@bonycom.hu\">furdo@bonycom.hu<\/a><\/td>\r\n<\/tr>\r\n<tr style=\"background-color: #f6f6f6;\">\r\n<td>Facebook:<\/td>\r\n<td><a href=\"http:\/\/www.facebook.com\/bonyhaditanuszoda\" target=\"_blank\">www.facebook.com\/bonyhaditanuszoda<\/a><\/td>\r\n<\/tr>\r\n<\/tbody>\r\n<\/table>\r\n<h4>BONYH\u00c1D TERM\u00c1LF\u00dcRD\u0150:<\/h4>\r\n<table border=\"0\" style=\"width: 60%;\">\r\n<tbody>\r\n<tr>\r\n<td style=\"width: 25%;\">C\u00edm:<\/td>\r\n<td>7150 Bonyh\u00e1d, De\u00e1k F. u. 10\/D.<br \/>\r\n (6-os f\u0151\u00fat mellett)<\/td>\r\n<\/tr>\r\n<tr style=\"background-color: #f6f6f6;\">\r\n<td>Telefon:<\/td>\r\n<td>+36 &#8211; 20 \/ 40 &#8211; 96 &#8211; 361<\/td>\r\n<\/tr>\r\n<tr>\r\n<td>E-mail:<\/td>\r\n<td><a href=\"mailto:furdo@bonycom.hu\">furdo@bonycom.hu<\/a><\/td>\r\n<\/tr>\r\n<\/tbody>\r\n<\/table>","protected":false},"excerpt":{"rendered":"K\u00d6ZPONTI TELEPHELY: C\u00edm: 7150 Bonyh\u00e1d, Mikes K. utca 3. Telefon: +36 &#8211; 74 \/ 451 &#8211; 701 Mobil: +36 &#8211; 20 \/ 39 &#8211; 53 &#8211; 377 E-mail: info@bonycom.hu BONYH\u00c1D V\u00c1ROSI TANUSZODA: C\u00edm: 7150 Bonyh\u00e1d, F\u00e1y ltp. 34. Telefon: +36<span class=\"ellipsis\">&hellip;<\/span><div class=\"read-more\"><a href=\"http:\/\/bonycom.hu\/old\/kapcsolat\/\">Tov\u00e1bb \u203a<\/a><\/div><!-- end of .read-more -->","protected":false},"author":3,"featured_media":0,"parent":0,"menu_order":0,"comment_status":"closed","ping_status":"closed","template":"","meta":{"_monsterinsights_skip_tracking":false,"_monsterinsights_sitenote_active":false,"_monsterinsights_sitenote_note":"","_monsterinsights_sitenote_category":0,"footnotes":""},"class_list":["post-215","page","type-page","status-publish","hentry"],"yoast_head":"<!-- This site is optimized with the Yoast SEO plugin v26.6 - https:\/\/yoast.com\/wordpress\/plugins\/seo\/ -->\n<title>KAPCSOLAT - Bonycom - Bonyh\u00e1di K\u00f6z\u00fczemi Nonprofit Kft.<\/title>\n<meta name=\"robots\" content=\"index, follow, max-snippet:-1, max-image-preview:large, max-video-preview:-1\" \/>\n<link rel=\"canonical\" href=\"https:\/\/bonycom.hu\/old\/kapcsolat\/\" \/>\n<meta property=\"og:locale\" content=\"hu_HU\" \/>\n<meta property=\"og:type\" content=\"article\" \/>\n<meta property=\"og:title\" content=\"KAPCSOLAT - Bonycom - Bonyh\u00e1di K\u00f6z\u00fczemi Nonprofit Kft.\" \/>\n<meta property=\"og:description\" content=\"K\u00d6ZPONTI TELEPHELY: C\u00edm: 7150 Bonyh\u00e1d, Mikes K. utca 3. Telefon: +36 &#8211; 74 \/ 451 &#8211; 701 Mobil: +36 &#8211; 20 \/ 39 &#8211; 53 &#8211; 377 E-mail: info@bonycom.hu BONYH\u00c1D V\u00c1ROSI TANUSZODA: C\u00edm: 7150 Bonyh\u00e1d, F\u00e1y ltp. 34. Telefon: +36&hellip;Tov\u00e1bb \u203a\" \/>\n<meta property=\"og:url\" content=\"https:\/\/bonycom.hu\/old\/kapcsolat\/\" \/>\n<meta property=\"og:site_name\" content=\"Bonycom - Bonyh\u00e1di K\u00f6z\u00fczemi Nonprofit Kft.\" \/>\n<meta property=\"article:modified_time\" content=\"2025-04-14T12:31:38+00:00\" \/>\n<!-- \/ Yoast SEO plugin. -->","yoast_head_json":{"title":"KAPCSOLAT - Bonycom - Bonyh\u00e1di K\u00f6z\u00fczemi Nonprofit Kft.","robots":{"index":"index","follow":"follow","max-snippet":"max-snippet:-1","max-image-preview":"max-image-preview:large","max-video-preview":"max-video-preview:-1"},"canonical":"https:\/\/bonycom.hu\/old\/kapcsolat\/","og_locale":"hu_HU","og_type":"article","og_title":"KAPCSOLAT - Bonycom - Bonyh\u00e1di K\u00f6z\u00fczemi Nonprofit Kft.","og_description":"K\u00d6ZPONTI TELEPHELY: C\u00edm: 7150 Bonyh\u00e1d, Mikes K. utca 3. Telefon: +36 &#8211; 74 \/ 451 &#8211; 701 Mobil: +36 &#8211; 20 \/ 39 &#8211; 53 &#8211; 377 E-mail: info@bonycom.hu BONYH\u00c1D V\u00c1ROSI TANUSZODA: C\u00edm: 7150 Bonyh\u00e1d, F\u00e1y ltp. 34. Telefon: +36&hellip;Tov\u00e1bb \u203a","og_url":"https:\/\/bonycom.hu\/old\/kapcsolat\/","og_site_name":"Bonycom - Bonyh\u00e1di K\u00f6z\u00fczemi Nonprofit Kft.","article_modified_time":"2025-04-14T12:31:38+00:00","schema":{"@context":"https:\/\/schema.org","@graph":[{"@type":"WebPage","@id":"https:\/\/bonycom.hu\/old\/kapcsolat\/","url":"https:\/\/bonycom.hu\/old\/kapcsolat\/","name":"KAPCSOLAT - Bonycom - Bonyh\u00e1di K\u00f6z\u00fczemi Nonprofit Kft.","isPartOf":{"@id":"https:\/\/bonycom.hu\/old\/#website"},"datePublished":"2017-05-15T13:15:37+00:00","dateModified":"2025-04-14T12:31:38+00:00","breadcrumb":{"@id":"https:\/\/bonycom.hu\/old\/kapcsolat\/#breadcrumb"},"inLanguage":"hu","potentialAction":[{"@type":"ReadAction","target":["https:\/\/bonycom.hu\/old\/kapcsolat\/"]}]},{"@type":"BreadcrumbList","@id":"https:\/\/bonycom.hu\/old\/kapcsolat\/#breadcrumb","itemListElement":[{"@type":"ListItem","position":1,"name":"Home","item":"https:\/\/bonycom.hu\/old\/"},{"@type":"ListItem","position":2,"name":"KAPCSOLAT"}]},{"@type":"WebSite","@id":"https:\/\/bonycom.hu\/old\/#website","url":"https:\/\/bonycom.hu\/old\/","name":"Bonycom - Bonyh\u00e1di K\u00f6z\u00fczemi Nonprofit Kft.","description":"","inLanguage":"hu"}]}},"_links":{"self":[{"href":"http:\/\/bonycom.hu\/old\/wp-json\/wp\/v2\/pages\/215","targetHints":{"allow":["GET"]}}],"collection":[{"href":"http:\/\/bonycom.hu\/old\/wp-json\/wp\/v2\/pages"}],"about":[{"href":"http:\/\/bonycom.hu\/old\/wp-json\/wp\/v2\/types\/page"}],"author":[{"embeddable":true,"href":"http:\/\/bonycom.hu\/old\/wp-json\/wp\/v2\/users\/3"}],"replies":[{"embeddable":true,"href":"http:\/\/bonycom.hu\/old\/wp-json\/wp\/v2\/comments?post=215"}],"version-history":[{"count":45,"href":"http:\/\/bonycom.hu\/old\/wp-json\/wp\/v2\/pages\/215\/revisions"}],"predecessor-version":[{"id":10411,"href":"http:\/\/bonycom.hu\/old\/wp-json\/wp\/v2\/pages\/215\/revisions\/10411"}],"wp:attachment":[{"href":"http:\/\/bonycom.hu\/old\/wp-json\/wp\/v2\/media?parent=215"}],"curies":[{"name":"wp","href":"https:\/\/api.w.org\/{rel}","templated":true}]}}