	{"id":316,"date":"2017-05-15T14:49:36","date_gmt":"2017-05-15T12:49:36","guid":{"rendered":"http:\/\/bonycom.hu\/?page_id=316"},"modified":"2025-04-14T14:29:26","modified_gmt":"2025-04-14T12:29:26","slug":"telephelyek","status":"publish","type":"page","link":"http:\/\/bonycom.hu\/old\/bonycom-kft\/telephelyek\/","title":{"rendered":"Telephelyek"},"content":{"rendered":"<h4><span style=\"text-decoration: underline;\">BONYCOM NONPROFIT KFT. K\u00d6ZPONTI TELEPHELY<\/span><\/h4>\r\n<table border=\"0\" style=\"width: 60%;\">\r\n<tbody>\r\n<tr>\r\n<td style=\"width: 25%;\">C\u00edm:<\/td>\r\n<td>7150 Bonyh\u00e1d, Mikes K. utca 3.<\/td>\r\n<\/tr>\r\n<tr style=\"background-color: #f6f6f6;\">\r\n<td>Telefon:<\/td>\r\n<td>+36 &#8211; 74 \/ 451 &#8211; 701<\/td>\r\n<\/tr>\r\n<tr>\r\n<td>Mobil:<\/td>\r\n<td>+36 &#8211; 20 \/ 39 &#8211; 53 &#8211; 377<\/td>\r\n<\/tr>\r\n<tr style=\"background-color: #f6f6f6;\">\r\n<td><\/td>\r\n<td><\/td>\r\n<\/tr>\r\n<tr>\r\n<td>E-mail:<\/td>\r\n<td><a href=\"mailto:info@bonycom.hu\">info@bonycom.hu<\/a><\/td>\r\n<\/tr>\r\n<\/tbody>\r\n<\/table>\r\n<h4 style=\"text-align: justify;\"><span style=\"text-decoration: underline;\"><span style=\"font-size: 14px;\"><strong><\/strong><\/span><\/span><span style=\"text-decoration: underline;\"><span style=\"font-size: 14px;\"><strong><\/strong><\/span><\/span><\/h4>","protected":false},"excerpt":{"rendered":"BONYCOM NONPROFIT KFT. K\u00d6ZPONTI TELEPHELY C\u00edm: 7150 Bonyh\u00e1d, Mikes K. utca 3. Telefon: +36 &#8211; 74 \/ 451 &#8211; 701 Mobil: +36 &#8211; 20 \/ 39 &#8211; 53 &#8211; 377 E-mail: info@bonycom.hu","protected":false},"author":4,"featured_media":0,"parent":9,"menu_order":0,"comment_status":"closed","ping_status":"closed","template":"","meta":{"_monsterinsights_skip_tracking":false,"_monsterinsights_sitenote_active":false,"_monsterinsights_sitenote_note":"","_monsterinsights_sitenote_category":0,"footnotes":""},"class_list":["post-316","page","type-page","status-publish","hentry"],"yoast_head":"<!-- This site is optimized with the Yoast SEO plugin v26.6 - https:\/\/yoast.com\/wordpress\/plugins\/seo\/ -->\n<title>Telephelyek - Bonycom - Bonyh\u00e1di K\u00f6z\u00fczemi Nonprofit Kft.<\/title>\n<meta name=\"robots\" content=\"index, follow, max-snippet:-1, max-image-preview:large, max-video-preview:-1\" \/>\n<link rel=\"canonical\" href=\"http:\/\/bonycom.hu\/old\/bonycom-kft\/telephelyek\/\" \/>\n<meta property=\"og:locale\" content=\"hu_HU\" \/>\n<meta property=\"og:type\" content=\"article\" \/>\n<meta property=\"og:title\" content=\"Telephelyek - Bonycom - Bonyh\u00e1di K\u00f6z\u00fczemi Nonprofit Kft.\" \/>\n<meta property=\"og:description\" content=\"BONYCOM NONPROFIT KFT. K\u00d6ZPONTI TELEPHELY C\u00edm: 7150 Bonyh\u00e1d, Mikes K. utca 3. Telefon: +36 &#8211; 74 \/ 451 &#8211; 701 Mobil: +36 &#8211; 20 \/ 39 &#8211; 53 &#8211; 377 E-mail: info@bonycom.hu\" \/>\n<meta property=\"og:url\" content=\"http:\/\/bonycom.hu\/old\/bonycom-kft\/telephelyek\/\" \/>\n<meta property=\"og:site_name\" content=\"Bonycom - Bonyh\u00e1di K\u00f6z\u00fczemi Nonprofit Kft.\" \/>\n<meta property=\"article:modified_time\" content=\"2025-04-14T12:29:26+00:00\" \/>\n<!-- \/ Yoast SEO plugin. -->","yoast_head_json":{"title":"Telephelyek - Bonycom - Bonyh\u00e1di K\u00f6z\u00fczemi Nonprofit Kft.","robots":{"index":"index","follow":"follow","max-snippet":"max-snippet:-1","max-image-preview":"max-image-preview:large","max-video-preview":"max-video-preview:-1"},"canonical":"http:\/\/bonycom.hu\/old\/bonycom-kft\/telephelyek\/","og_locale":"hu_HU","og_type":"article","og_title":"Telephelyek - Bonycom - Bonyh\u00e1di K\u00f6z\u00fczemi Nonprofit Kft.","og_description":"BONYCOM NONPROFIT KFT. K\u00d6ZPONTI TELEPHELY C\u00edm: 7150 Bonyh\u00e1d, Mikes K. utca 3. Telefon: +36 &#8211; 74 \/ 451 &#8211; 701 Mobil: +36 &#8211; 20 \/ 39 &#8211; 53 &#8211; 377 E-mail: info@bonycom.hu","og_url":"http:\/\/bonycom.hu\/old\/bonycom-kft\/telephelyek\/","og_site_name":"Bonycom - Bonyh\u00e1di K\u00f6z\u00fczemi Nonprofit Kft.","article_modified_time":"2025-04-14T12:29:26+00:00","schema":{"@context":"https:\/\/schema.org","@graph":[{"@type":"WebPage","@id":"http:\/\/bonycom.hu\/old\/bonycom-kft\/telephelyek\/","url":"http:\/\/bonycom.hu\/old\/bonycom-kft\/telephelyek\/","name":"Telephelyek - Bonycom - Bonyh\u00e1di K\u00f6z\u00fczemi Nonprofit Kft.","isPartOf":{"@id":"https:\/\/bonycom.hu\/old\/#website"},"datePublished":"2017-05-15T12:49:36+00:00","dateModified":"2025-04-14T12:29:26+00:00","breadcrumb":{"@id":"http:\/\/bonycom.hu\/old\/bonycom-kft\/telephelyek\/#breadcrumb"},"inLanguage":"hu","potentialAction":[{"@type":"ReadAction","target":["http:\/\/bonycom.hu\/old\/bonycom-kft\/telephelyek\/"]}]},{"@type":"BreadcrumbList","@id":"http:\/\/bonycom.hu\/old\/bonycom-kft\/telephelyek\/#breadcrumb","itemListElement":[{"@type":"ListItem","position":1,"name":"Home","item":"https:\/\/bonycom.hu\/old\/"},{"@type":"ListItem","position":2,"name":"Bonycom NKft","item":"https:\/\/bonycom.hu\/old\/bonycom-kft\/"},{"@type":"ListItem","position":3,"name":"Telephelyek"}]},{"@type":"WebSite","@id":"https:\/\/bonycom.hu\/old\/#website","url":"https:\/\/bonycom.hu\/old\/","name":"Bonycom - Bonyh\u00e1di K\u00f6z\u00fczemi Nonprofit Kft.","description":"","inLanguage":"hu"}]}},"_links":{"self":[{"href":"http:\/\/bonycom.hu\/old\/wp-json\/wp\/v2\/pages\/316","targetHints":{"allow":["GET"]}}],"collection":[{"href":"http:\/\/bonycom.hu\/old\/wp-json\/wp\/v2\/pages"}],"about":[{"href":"http:\/\/bonycom.hu\/old\/wp-json\/wp\/v2\/types\/page"}],"author":[{"embeddable":true,"href":"http:\/\/bonycom.hu\/old\/wp-json\/wp\/v2\/users\/4"}],"replies":[{"embeddable":true,"href":"http:\/\/bonycom.hu\/old\/wp-json\/wp\/v2\/comments?post=316"}],"version-history":[{"count":23,"href":"http:\/\/bonycom.hu\/old\/wp-json\/wp\/v2\/pages\/316\/revisions"}],"predecessor-version":[{"id":10409,"href":"http:\/\/bonycom.hu\/old\/wp-json\/wp\/v2\/pages\/316\/revisions\/10409"}],"up":[{"embeddable":true,"href":"http:\/\/bonycom.hu\/old\/wp-json\/wp\/v2\/pages\/9"}],"wp:attachment":[{"href":"http:\/\/bonycom.hu\/old\/wp-json\/wp\/v2\/media?parent=316"}],"curies":[{"name":"wp","href":"https:\/\/api.w.org\/{rel}","templated":true}]}}