	{"id":318,"date":"2017-06-19T15:31:03","date_gmt":"2017-06-19T13:31:03","guid":{"rendered":"http:\/\/bonycom.hu\/?page_id=318"},"modified":"2023-07-17T13:06:37","modified_gmt":"2023-07-17T11:06:37","slug":"munkatarsak","status":"publish","type":"page","link":"http:\/\/bonycom.hu\/old\/bonycom-kft\/munkatarsak\/","title":{"rendered":"Munkat\u00e1rsak"},"content":{"rendered":"<table border=\"0\" style=\"width: 100%;\">\r\n<thead>\r\n<tr style=\"font-style: italic; font-weight: bold; height: 24px;\">\r\n<th style=\"height: 24px; width: 25.4493%;\">n\u00e9v<\/th>\r\n<th style=\"height: 24px; width: 34.5507%;\">beoszt\u00e1s<\/th>\r\n<th style=\"height: 24px; width: 34%;\">e-mail<\/th>\r\n<\/tr>\r\n<\/thead>\r\n<tbody>\r\n<tr style=\"height: 24px;\">\r\n<td style=\"height: 24px; width: 25.4493%;\">Dr. Farkas Attila<\/td>\r\n<td style=\"height: 24px; width: 34.5507%;\">\u00dcgyvezet\u0151 igazgat\u00f3<\/td>\r\n<td style=\"height: 24px; width: 34%;\"><a href=\"mailto:farkas.attila@bonycom.hu\">farkas.attila@bonycom.hu<\/a><\/td>\r\n<\/tr>\r\n<tr style=\"background-color: #f6f6f6; height: 24px;\">\r\n<td style=\"height: 24px; width: 25.4493%;\"><span>Darabosn\u00e9 Csiszer Erzs\u00e9bet<\/span><\/td>\r\n<td style=\"height: 24px; width: 34.5507%;\">Gazdas\u00e1gi vezet\u0151<\/td>\r\n<td style=\"height: 24px; width: 34%;\"><a href=\"mailto:darabosne@bonycom.hu\">darabosne@bonycom.hu<\/a><\/td>\r\n<\/tr>\r\n<tr style=\"height: 24px;\">\r\n<td style=\"height: 24px; width: 25.4493%;\">T\u00f3th Bence<\/td>\r\n<td style=\"height: 24px; width: 34.5507%;\">Kommun\u00e1lis \u00e1gazatvezet\u0151<\/td>\r\n<td style=\"height: 24px; width: 34%;\"><a href=\"mailto:toth.bence@bonycom.hu\">toth.bence@bonycom.hu<\/a><\/td>\r\n<\/tr>\r\n<tr style=\"background-color: #f6f6f6; height: 24px;\">\r\n<td style=\"height: 24px; width: 25.4493%;\"><span>Gergely Gell\u00e9rt<\/span><\/td>\r\n<td style=\"height: 24px; width: 34.5507%;\"><span>\u00c9p\u00edt\u00e9si- karbantart\u00e1si r\u00e9szlegvezet\u0151<\/span><\/td>\r\n<td style=\"height: 24px; width: 34%;\"><a href=\"mailto:gergely.gellert@bonycom.hu\">gergely.gellert@bonycom.hu<\/a><\/td>\r\n<\/tr>\r\n<tr style=\"height: 24px;\">\r\n<td style=\"height: 24px; width: 25.4493%;\"><span>Geisz Mih\u00e1ly<\/span><\/td>\r\n<td style=\"height: 24px; width: 34.5507%;\"><span>M\u0171szaki \u00fcgyint\u00e9z\u0151<\/span><\/td>\r\n<td style=\"height: 24px; width: 34%;\"><a href=\"mailto:geisz.mihaly@bonycom.hu\">geisz.mihaly@bonycom.hu<\/a><\/td>\r\n<\/tr>\r\n<tr style=\"height: 24px; background-color: #f6f6f6;\">\r\n<td style=\"height: 24px; width: 25.4493%;\"><span>Salamon Barbara<\/span><\/td>\r\n<td style=\"height: 24px; width: 34.5507%;\"><span>K\u00f6nyvel\u0151<\/span><\/td>\r\n<td style=\"height: 24px; width: 34%;\"><a href=\"mailto:info@bonycom.hu\">info@bonycom.hu<\/a><\/td>\r\n<\/tr>\r\n<tr style=\"height: 24px;\">\r\n<td style=\"height: 24px; width: 25.4493%;\">Szab\u00f3-Ber\u00e9ti Krisztina<\/td>\r\n<td style=\"height: 24px; width: 34.5507%;\">P\u00e9nz\u00fcgyi \u00fcgyint\u00e9z\u0151 \u00e9s t\u00e1rsash\u00e1zkezel\u0151<\/td>\r\n<td style=\"height: 24px; width: 34%;\"><a href=\"mailto:bereti.krisztina@bonycom.hu\">bereti.krisztina@bonycom.hu<\/a><\/td>\r\n<\/tr>\r\n<tr style=\"background-color: #f6f6f6; height: 24px;\">\r\n<td style=\"height: 24px; width: 25.4493%;\"><\/td>\r\n<td style=\"height: 24px; width: 34.5507%;\"><\/td>\r\n<td style=\"height: 24px; width: 34%;\"><\/td>\r\n<\/tr>\r\n<\/tbody>\r\n<\/table>","protected":false},"excerpt":{"rendered":"n\u00e9v beoszt\u00e1s e-mail Dr. Farkas Attila \u00dcgyvezet\u0151 igazgat\u00f3 farkas.attila@bonycom.hu Darabosn\u00e9 Csiszer Erzs\u00e9bet Gazdas\u00e1gi vezet\u0151 darabosne@bonycom.hu T\u00f3th Bence Kommun\u00e1lis \u00e1gazatvezet\u0151 toth.bence@bonycom.hu Gergely Gell\u00e9rt \u00c9p\u00edt\u00e9si- karbantart\u00e1si r\u00e9szlegvezet\u0151 gergely.gellert@bonycom.hu Geisz Mih\u00e1ly M\u0171szaki \u00fcgyint\u00e9z\u0151 geisz.mihaly@bonycom.hu Salamon Barbara K\u00f6nyvel\u0151 info@bonycom.hu Szab\u00f3-Ber\u00e9ti Krisztina P\u00e9nz\u00fcgyi \u00fcgyint\u00e9z\u0151 \u00e9s<span class=\"ellipsis\">&hellip;<\/span><div class=\"read-more\"><a href=\"http:\/\/bonycom.hu\/old\/bonycom-kft\/munkatarsak\/\">Tov\u00e1bb \u203a<\/a><\/div><!-- end of .read-more -->","protected":false},"author":4,"featured_media":0,"parent":9,"menu_order":0,"comment_status":"closed","ping_status":"closed","template":"","meta":{"_monsterinsights_skip_tracking":false,"_monsterinsights_sitenote_active":false,"_monsterinsights_sitenote_note":"","_monsterinsights_sitenote_category":0,"footnotes":""},"class_list":["post-318","page","type-page","status-publish","hentry"],"yoast_head":"<!-- This site is optimized with the Yoast SEO plugin v26.6 - https:\/\/yoast.com\/wordpress\/plugins\/seo\/ -->\n<title>Munkat\u00e1rsak - Bonycom - Bonyh\u00e1di K\u00f6z\u00fczemi Nonprofit Kft.<\/title>\n<meta name=\"robots\" content=\"index, follow, max-snippet:-1, max-image-preview:large, max-video-preview:-1\" \/>\n<link rel=\"canonical\" href=\"https:\/\/bonycom.hu\/old\/bonycom-kft\/munkatarsak\/\" \/>\n<meta property=\"og:locale\" content=\"hu_HU\" \/>\n<meta property=\"og:type\" content=\"article\" \/>\n<meta property=\"og:title\" content=\"Munkat\u00e1rsak - Bonycom - Bonyh\u00e1di K\u00f6z\u00fczemi Nonprofit Kft.\" \/>\n<meta property=\"og:description\" content=\"n\u00e9v beoszt\u00e1s e-mail Dr. Farkas Attila \u00dcgyvezet\u0151 igazgat\u00f3 farkas.attila@bonycom.hu Darabosn\u00e9 Csiszer Erzs\u00e9bet Gazdas\u00e1gi vezet\u0151 darabosne@bonycom.hu T\u00f3th Bence Kommun\u00e1lis \u00e1gazatvezet\u0151 toth.bence@bonycom.hu Gergely Gell\u00e9rt \u00c9p\u00edt\u00e9si- karbantart\u00e1si r\u00e9szlegvezet\u0151 gergely.gellert@bonycom.hu Geisz Mih\u00e1ly M\u0171szaki \u00fcgyint\u00e9z\u0151 geisz.mihaly@bonycom.hu Salamon Barbara K\u00f6nyvel\u0151 info@bonycom.hu Szab\u00f3-Ber\u00e9ti Krisztina P\u00e9nz\u00fcgyi \u00fcgyint\u00e9z\u0151 \u00e9s&hellip;Tov\u00e1bb \u203a\" \/>\n<meta property=\"og:url\" content=\"https:\/\/bonycom.hu\/old\/bonycom-kft\/munkatarsak\/\" \/>\n<meta property=\"og:site_name\" content=\"Bonycom - Bonyh\u00e1di K\u00f6z\u00fczemi Nonprofit Kft.\" \/>\n<meta property=\"article:modified_time\" content=\"2023-07-17T11:06:37+00:00\" \/>\n<!-- \/ Yoast SEO plugin. -->","yoast_head_json":{"title":"Munkat\u00e1rsak - Bonycom - Bonyh\u00e1di K\u00f6z\u00fczemi Nonprofit Kft.","robots":{"index":"index","follow":"follow","max-snippet":"max-snippet:-1","max-image-preview":"max-image-preview:large","max-video-preview":"max-video-preview:-1"},"canonical":"https:\/\/bonycom.hu\/old\/bonycom-kft\/munkatarsak\/","og_locale":"hu_HU","og_type":"article","og_title":"Munkat\u00e1rsak - Bonycom - Bonyh\u00e1di K\u00f6z\u00fczemi Nonprofit Kft.","og_description":"n\u00e9v beoszt\u00e1s e-mail Dr. Farkas Attila \u00dcgyvezet\u0151 igazgat\u00f3 farkas.attila@bonycom.hu Darabosn\u00e9 Csiszer Erzs\u00e9bet Gazdas\u00e1gi vezet\u0151 darabosne@bonycom.hu T\u00f3th Bence Kommun\u00e1lis \u00e1gazatvezet\u0151 toth.bence@bonycom.hu Gergely Gell\u00e9rt \u00c9p\u00edt\u00e9si- karbantart\u00e1si r\u00e9szlegvezet\u0151 gergely.gellert@bonycom.hu Geisz Mih\u00e1ly M\u0171szaki \u00fcgyint\u00e9z\u0151 geisz.mihaly@bonycom.hu Salamon Barbara K\u00f6nyvel\u0151 info@bonycom.hu Szab\u00f3-Ber\u00e9ti Krisztina P\u00e9nz\u00fcgyi \u00fcgyint\u00e9z\u0151 \u00e9s&hellip;Tov\u00e1bb \u203a","og_url":"https:\/\/bonycom.hu\/old\/bonycom-kft\/munkatarsak\/","og_site_name":"Bonycom - Bonyh\u00e1di K\u00f6z\u00fczemi Nonprofit Kft.","article_modified_time":"2023-07-17T11:06:37+00:00","schema":{"@context":"https:\/\/schema.org","@graph":[{"@type":"WebPage","@id":"https:\/\/bonycom.hu\/old\/bonycom-kft\/munkatarsak\/","url":"https:\/\/bonycom.hu\/old\/bonycom-kft\/munkatarsak\/","name":"Munkat\u00e1rsak - Bonycom - Bonyh\u00e1di K\u00f6z\u00fczemi Nonprofit Kft.","isPartOf":{"@id":"https:\/\/bonycom.hu\/old\/#website"},"datePublished":"2017-06-19T13:31:03+00:00","dateModified":"2023-07-17T11:06:37+00:00","breadcrumb":{"@id":"https:\/\/bonycom.hu\/old\/bonycom-kft\/munkatarsak\/#breadcrumb"},"inLanguage":"hu","potentialAction":[{"@type":"ReadAction","target":["https:\/\/bonycom.hu\/old\/bonycom-kft\/munkatarsak\/"]}]},{"@type":"BreadcrumbList","@id":"https:\/\/bonycom.hu\/old\/bonycom-kft\/munkatarsak\/#breadcrumb","itemListElement":[{"@type":"ListItem","position":1,"name":"Home","item":"https:\/\/bonycom.hu\/old\/"},{"@type":"ListItem","position":2,"name":"Bonycom NKft","item":"https:\/\/bonycom.hu\/old\/bonycom-kft\/"},{"@type":"ListItem","position":3,"name":"Munkat\u00e1rsak"}]},{"@type":"WebSite","@id":"https:\/\/bonycom.hu\/old\/#website","url":"https:\/\/bonycom.hu\/old\/","name":"Bonycom - Bonyh\u00e1di K\u00f6z\u00fczemi Nonprofit Kft.","description":"","inLanguage":"hu"}]}},"_links":{"self":[{"href":"http:\/\/bonycom.hu\/old\/wp-json\/wp\/v2\/pages\/318","targetHints":{"allow":["GET"]}}],"collection":[{"href":"http:\/\/bonycom.hu\/old\/wp-json\/wp\/v2\/pages"}],"about":[{"href":"http:\/\/bonycom.hu\/old\/wp-json\/wp\/v2\/types\/page"}],"author":[{"embeddable":true,"href":"http:\/\/bonycom.hu\/old\/wp-json\/wp\/v2\/users\/4"}],"replies":[{"embeddable":true,"href":"http:\/\/bonycom.hu\/old\/wp-json\/wp\/v2\/comments?post=318"}],"version-history":[{"count":55,"href":"http:\/\/bonycom.hu\/old\/wp-json\/wp\/v2\/pages\/318\/revisions"}],"predecessor-version":[{"id":9783,"href":"http:\/\/bonycom.hu\/old\/wp-json\/wp\/v2\/pages\/318\/revisions\/9783"}],"up":[{"embeddable":true,"href":"http:\/\/bonycom.hu\/old\/wp-json\/wp\/v2\/pages\/9"}],"wp:attachment":[{"href":"http:\/\/bonycom.hu\/old\/wp-json\/wp\/v2\/media?parent=318"}],"curies":[{"name":"wp","href":"https:\/\/api.w.org\/{rel}","templated":true}]}}