	{"id":371,"date":"2013-03-12T10:41:02","date_gmt":"2013-03-12T09:41:02","guid":{"rendered":"http:\/\/bonycom.hu\/?page_id=371"},"modified":"2024-11-12T13:32:33","modified_gmt":"2024-11-12T12:32:33","slug":"tanuszoda-uzemeltetese","status":"publish","type":"page","link":"http:\/\/bonycom.hu\/old\/tevekenysegeink\/tanuszoda-uzemeltetese\/","title":{"rendered":"TANUSZODA \u00fczemeltet\u00e9se"},"content":{"rendered":"<p style=\"text-align: justify;\"><a href=\"http:\/\/bonycom.hu\/wp-content\/uploads\/2013\/03\/uszoda.jpg\"><img loading=\"lazy\" decoding=\"async\" alt=\"Tanuszoda\" class=\"alignright  wp-image-404\" height=\"142\" src=\"http:\/\/bonycom.hu\/wp-content\/uploads\/2013\/03\/uszoda-300x225.jpg\" width=\"189\" srcset=\"http:\/\/bonycom.hu\/old\/wp-content\/uploads\/2013\/03\/uszoda-300x225.jpg 300w, http:\/\/bonycom.hu\/old\/wp-content\/uploads\/2013\/03\/uszoda-900x675.jpg 900w, http:\/\/bonycom.hu\/old\/wp-content\/uploads\/2013\/03\/uszoda-200x150.jpg 200w, http:\/\/bonycom.hu\/old\/wp-content\/uploads\/2013\/03\/uszoda-400x300.jpg 400w\" sizes=\"auto, (max-width: 189px) 100vw, 189px\" \/><\/a>A BONYCOM Kft. \u00fczemelteti 2013. m\u00e1rcius 1-j\u00e9t\u0151l &#8211;\u00a02012-ben fel\u00faj\u00edtott\u00a0&#8211; Bonyh\u00e1d V\u00e1rosi Tanuszod\u00e1t. A Bonyh\u00e1d, F\u00e1y ltp. 34. sz\u00e1m alatt tal\u00e1lhat\u00f3 uszod\u00e1ban az \u00fasz\u00f3medenc\u00e9n k\u00edv\u00fcl szauna, mer\u00fcl\u0151medence \u00e9s szol\u00e1rium biztos\u00edtja a l\u00e1togat\u00f3k kikapcsol\u00f3d\u00e1s\u00e1t.<\/p>\r\n<p>Az uszoda el\u00e9rhet\u0151s\u00e9ge:<\/p>\r\n<table border=\"0\" style=\"width: 50%; margin-right: auto; margin-left: auto;\">\r\n<tbody>\r\n<tr>\r\n<td style=\"width: 25%;\">C\u00edm:<\/td>\r\n<td>7150 Bonyh\u00e1d, F\u00e1y ltp. 34.<\/td>\r\n<\/tr>\r\n<tr style=\"background-color: #f6f6f6;\">\r\n<td>Telefon:<\/td>\r\n<td>+36 &#8211; 74 \/ 451 &#8211; 554<\/td>\r\n<\/tr>\r\n<\/tbody>\r\n<\/table>\r\n<p>Az uszoda nyitva tart\u00e1sa:<\/p>\r\n<table border=\"0\" style=\"width: 60%; margin-right: auto; margin-left: auto;\">\r\n<tbody>\r\n<tr>\r\n<td style=\"width: 32.3054%;\">H\u00e9tf\u0151<\/td>\r\n<td style=\"width: 32.3054%; text-align: center;\">6:00 &#8211; 7:30<\/td>\r\n<td style=\"width: 32.4523%; text-align: center;\">17:30 &#8211; 22:00<\/td>\r\n<\/tr>\r\n<tr style=\"background-color: #f6f6f6;\">\r\n<td style=\"width: 32.3054%;\">Kedd<\/td>\r\n<td style=\"text-align: center; width: 32.3054%;\">&#8211;<\/td>\r\n<td style=\"text-align: center; width: 32.4523%;\">17:30 &#8211; 22:00<\/td>\r\n<\/tr>\r\n<tr>\r\n<td style=\"width: 32.3054%;\">Szerda<\/td>\r\n<td style=\"text-align: center; width: 32.3054%;\">6:00 &#8211; 7:30<\/td>\r\n<td style=\"text-align: center; width: 32.4523%;\">17:30 &#8211; 22:00<\/td>\r\n<\/tr>\r\n<tr style=\"background-color: #f6f6f6;\">\r\n<td style=\"width: 32.3054%;\">Cs\u00fct\u00f6rt\u00f6k<\/td>\r\n<td style=\"text-align: center; width: 32.3054%;\">6:00 &#8211; 7:30<\/td>\r\n<td style=\"text-align: center; width: 32.4523%;\">17:30 &#8211; 22:00<\/td>\r\n<\/tr>\r\n<tr>\r\n<td style=\"width: 32.3054%;\">P\u00e9ntek<\/td>\r\n<td style=\"text-align: center; width: 32.3054%;\">6:00 &#8211; 7:30<\/td>\r\n<td style=\"text-align: center; width: 32.4523%;\">17:30 &#8211; 22:00<\/td>\r\n<\/tr>\r\n<tr style=\"background-color: #f6f6f6;\">\r\n<td style=\"width: 32.3054%;\">Szombat<\/td>\r\n<td colspan=\"2\" style=\"text-align: center; width: 64.7577%;\">9:00 &#8211; 18:00<\/td>\r\n<\/tr>\r\n<tr>\r\n<td style=\"width: 32.3054%;\">Vas\u00e1rnap<\/td>\r\n<td colspan=\"2\" style=\"text-align: center; width: 32.3054%;\">9:00 &#8211; 18:00<\/td>\r\n<\/tr>\r\n<\/tbody>\r\n<\/table>\r\n<p style=\"text-align: center;\"><strong>\u00dcNNEPNAPOKON Z\u00c1RVA!<\/strong><\/p>\r\n<p><a href=\"http:\/\/bonycom.hu\/wp-content\/uploads\/2013\/03\/aktualis_uszoda_jegyarak.jpg\"><img loading=\"lazy\" decoding=\"async\" alt=\"EPSON MFP image\" class=\"size-medium wp-image-10367 aligncenter\" height=\"300\" src=\"http:\/\/bonycom.hu\/wp-content\/uploads\/2013\/03\/aktualis_uszoda_jegyarak-238x300.jpg\" width=\"238\" srcset=\"http:\/\/bonycom.hu\/old\/wp-content\/uploads\/2013\/03\/aktualis_uszoda_jegyarak-238x300.jpg 238w, http:\/\/bonycom.hu\/old\/wp-content\/uploads\/2013\/03\/aktualis_uszoda_jegyarak-768x967.jpg 768w, http:\/\/bonycom.hu\/old\/wp-content\/uploads\/2013\/03\/aktualis_uszoda_jegyarak-715x900.jpg 715w, http:\/\/bonycom.hu\/old\/wp-content\/uploads\/2013\/03\/aktualis_uszoda_jegyarak-159x200.jpg 159w, http:\/\/bonycom.hu\/old\/wp-content\/uploads\/2013\/03\/aktualis_uszoda_jegyarak-318x400.jpg 318w\" sizes=\"auto, (max-width: 238px) 100vw, 238px\" \/><\/a><\/p>\r\n<p style=\"text-align: center;\">Az uszod\u00e1val kapcsolatos legfrissebb h\u00edreket a <a href=\"http:\/\/www.facebook.com\/bonyhaditanuszoda\" title=\"facebook - uszoda\" target=\"_blank\">www.facebook.com\/bonyhaditanuszoda<\/a> oldalon olvashatj\u00e1k.<\/p>\r\n<p style=\"text-align: center;\"><\/p>\r\n<p>&nbsp;<\/p>","protected":false},"excerpt":{"rendered":"A BONYCOM Kft. \u00fczemelteti 2013. m\u00e1rcius 1-j\u00e9t\u0151l &#8211;\u00a02012-ben fel\u00faj\u00edtott\u00a0&#8211; Bonyh\u00e1d V\u00e1rosi Tanuszod\u00e1t. A Bonyh\u00e1d, F\u00e1y ltp. 34. sz\u00e1m alatt tal\u00e1lhat\u00f3 uszod\u00e1ban az \u00fasz\u00f3medenc\u00e9n k\u00edv\u00fcl szauna, mer\u00fcl\u0151medence \u00e9s szol\u00e1rium biztos\u00edtja a l\u00e1togat\u00f3k kikapcsol\u00f3d\u00e1s\u00e1t. Az uszoda el\u00e9rhet\u0151s\u00e9ge: C\u00edm: 7150 Bonyh\u00e1d, F\u00e1y ltp.<span class=\"ellipsis\">&hellip;<\/span><div class=\"read-more\"><a href=\"http:\/\/bonycom.hu\/old\/tevekenysegeink\/tanuszoda-uzemeltetese\/\">Tov\u00e1bb \u203a<\/a><\/div><!-- end of .read-more -->","protected":false},"author":4,"featured_media":0,"parent":174,"menu_order":0,"comment_status":"closed","ping_status":"closed","template":"","meta":{"_monsterinsights_skip_tracking":false,"_monsterinsights_sitenote_active":false,"_monsterinsights_sitenote_note":"","_monsterinsights_sitenote_category":0,"footnotes":""},"class_list":["post-371","page","type-page","status-publish","hentry"],"yoast_head":"<!-- This site is optimized with the Yoast SEO plugin v26.6 - https:\/\/yoast.com\/wordpress\/plugins\/seo\/ -->\n<title>TANUSZODA \u00fczemeltet\u00e9se - Bonycom - Bonyh\u00e1di K\u00f6z\u00fczemi Nonprofit Kft.<\/title>\n<meta name=\"robots\" content=\"index, follow, max-snippet:-1, max-image-preview:large, max-video-preview:-1\" \/>\n<link rel=\"canonical\" href=\"http:\/\/bonycom.hu\/old\/tevekenysegeink\/tanuszoda-uzemeltetese\/\" \/>\n<meta property=\"og:locale\" content=\"hu_HU\" \/>\n<meta property=\"og:type\" content=\"article\" \/>\n<meta property=\"og:title\" content=\"TANUSZODA \u00fczemeltet\u00e9se - Bonycom - Bonyh\u00e1di K\u00f6z\u00fczemi Nonprofit Kft.\" \/>\n<meta property=\"og:description\" content=\"A BONYCOM Kft. \u00fczemelteti 2013. m\u00e1rcius 1-j\u00e9t\u0151l &#8211;\u00a02012-ben fel\u00faj\u00edtott\u00a0&#8211; Bonyh\u00e1d V\u00e1rosi Tanuszod\u00e1t. A Bonyh\u00e1d, F\u00e1y ltp. 34. sz\u00e1m alatt tal\u00e1lhat\u00f3 uszod\u00e1ban az \u00fasz\u00f3medenc\u00e9n k\u00edv\u00fcl szauna, mer\u00fcl\u0151medence \u00e9s szol\u00e1rium biztos\u00edtja a l\u00e1togat\u00f3k kikapcsol\u00f3d\u00e1s\u00e1t. Az uszoda el\u00e9rhet\u0151s\u00e9ge: C\u00edm: 7150 Bonyh\u00e1d, F\u00e1y ltp.&hellip;Tov\u00e1bb \u203a\" \/>\n<meta property=\"og:url\" content=\"http:\/\/bonycom.hu\/old\/tevekenysegeink\/tanuszoda-uzemeltetese\/\" \/>\n<meta property=\"og:site_name\" content=\"Bonycom - Bonyh\u00e1di K\u00f6z\u00fczemi Nonprofit Kft.\" \/>\n<meta property=\"article:modified_time\" content=\"2024-11-12T12:32:33+00:00\" \/>\n<meta property=\"og:image\" content=\"http:\/\/bonycom.hu\/wp-content\/uploads\/2013\/03\/uszoda-300x225.jpg\" \/>\n<meta name=\"twitter:label1\" content=\"Becs\u00fclt olvas\u00e1si id\u0151\" \/>\n\t<meta name=\"twitter:data1\" content=\"1 perc\" \/>\n<!-- \/ Yoast SEO plugin. -->","yoast_head_json":{"title":"TANUSZODA \u00fczemeltet\u00e9se - Bonycom - Bonyh\u00e1di K\u00f6z\u00fczemi Nonprofit Kft.","robots":{"index":"index","follow":"follow","max-snippet":"max-snippet:-1","max-image-preview":"max-image-preview:large","max-video-preview":"max-video-preview:-1"},"canonical":"http:\/\/bonycom.hu\/old\/tevekenysegeink\/tanuszoda-uzemeltetese\/","og_locale":"hu_HU","og_type":"article","og_title":"TANUSZODA \u00fczemeltet\u00e9se - Bonycom - Bonyh\u00e1di K\u00f6z\u00fczemi Nonprofit Kft.","og_description":"A BONYCOM Kft. \u00fczemelteti 2013. m\u00e1rcius 1-j\u00e9t\u0151l &#8211;\u00a02012-ben fel\u00faj\u00edtott\u00a0&#8211; Bonyh\u00e1d V\u00e1rosi Tanuszod\u00e1t. A Bonyh\u00e1d, F\u00e1y ltp. 34. sz\u00e1m alatt tal\u00e1lhat\u00f3 uszod\u00e1ban az \u00fasz\u00f3medenc\u00e9n k\u00edv\u00fcl szauna, mer\u00fcl\u0151medence \u00e9s szol\u00e1rium biztos\u00edtja a l\u00e1togat\u00f3k kikapcsol\u00f3d\u00e1s\u00e1t. Az uszoda el\u00e9rhet\u0151s\u00e9ge: C\u00edm: 7150 Bonyh\u00e1d, F\u00e1y ltp.&hellip;Tov\u00e1bb \u203a","og_url":"http:\/\/bonycom.hu\/old\/tevekenysegeink\/tanuszoda-uzemeltetese\/","og_site_name":"Bonycom - Bonyh\u00e1di K\u00f6z\u00fczemi Nonprofit Kft.","article_modified_time":"2024-11-12T12:32:33+00:00","og_image":[{"url":"http:\/\/bonycom.hu\/wp-content\/uploads\/2013\/03\/uszoda-300x225.jpg","type":"","width":"","height":""}],"twitter_misc":{"Becs\u00fclt olvas\u00e1si id\u0151":"1 perc"},"schema":{"@context":"https:\/\/schema.org","@graph":[{"@type":"WebPage","@id":"http:\/\/bonycom.hu\/old\/tevekenysegeink\/tanuszoda-uzemeltetese\/","url":"http:\/\/bonycom.hu\/old\/tevekenysegeink\/tanuszoda-uzemeltetese\/","name":"TANUSZODA \u00fczemeltet\u00e9se - Bonycom - Bonyh\u00e1di K\u00f6z\u00fczemi Nonprofit Kft.","isPartOf":{"@id":"https:\/\/bonycom.hu\/old\/#website"},"primaryImageOfPage":{"@id":"http:\/\/bonycom.hu\/old\/tevekenysegeink\/tanuszoda-uzemeltetese\/#primaryimage"},"image":{"@id":"http:\/\/bonycom.hu\/old\/tevekenysegeink\/tanuszoda-uzemeltetese\/#primaryimage"},"thumbnailUrl":"http:\/\/bonycom.hu\/wp-content\/uploads\/2013\/03\/uszoda-300x225.jpg","datePublished":"2013-03-12T09:41:02+00:00","dateModified":"2024-11-12T12:32:33+00:00","breadcrumb":{"@id":"http:\/\/bonycom.hu\/old\/tevekenysegeink\/tanuszoda-uzemeltetese\/#breadcrumb"},"inLanguage":"hu","potentialAction":[{"@type":"ReadAction","target":["http:\/\/bonycom.hu\/old\/tevekenysegeink\/tanuszoda-uzemeltetese\/"]}]},{"@type":"ImageObject","inLanguage":"hu","@id":"http:\/\/bonycom.hu\/old\/tevekenysegeink\/tanuszoda-uzemeltetese\/#primaryimage","url":"http:\/\/bonycom.hu\/wp-content\/uploads\/2013\/03\/uszoda-300x225.jpg","contentUrl":"http:\/\/bonycom.hu\/wp-content\/uploads\/2013\/03\/uszoda-300x225.jpg"},{"@type":"BreadcrumbList","@id":"http:\/\/bonycom.hu\/old\/tevekenysegeink\/tanuszoda-uzemeltetese\/#breadcrumb","itemListElement":[{"@type":"ListItem","position":1,"name":"Home","item":"https:\/\/bonycom.hu\/old\/"},{"@type":"ListItem","position":2,"name":"Tev\u00e9kenys\u00e9geink","item":"https:\/\/bonycom.hu\/old\/tevekenysegeink\/"},{"@type":"ListItem","position":3,"name":"TANUSZODA \u00fczemeltet\u00e9se"}]},{"@type":"WebSite","@id":"https:\/\/bonycom.hu\/old\/#website","url":"https:\/\/bonycom.hu\/old\/","name":"Bonycom - Bonyh\u00e1di K\u00f6z\u00fczemi Nonprofit Kft.","description":"","inLanguage":"hu"}]}},"_links":{"self":[{"href":"http:\/\/bonycom.hu\/old\/wp-json\/wp\/v2\/pages\/371","targetHints":{"allow":["GET"]}}],"collection":[{"href":"http:\/\/bonycom.hu\/old\/wp-json\/wp\/v2\/pages"}],"about":[{"href":"http:\/\/bonycom.hu\/old\/wp-json\/wp\/v2\/types\/page"}],"author":[{"embeddable":true,"href":"http:\/\/bonycom.hu\/old\/wp-json\/wp\/v2\/users\/4"}],"replies":[{"embeddable":true,"href":"http:\/\/bonycom.hu\/old\/wp-json\/wp\/v2\/comments?post=371"}],"version-history":[{"count":64,"href":"http:\/\/bonycom.hu\/old\/wp-json\/wp\/v2\/pages\/371\/revisions"}],"predecessor-version":[{"id":10375,"href":"http:\/\/bonycom.hu\/old\/wp-json\/wp\/v2\/pages\/371\/revisions\/10375"}],"up":[{"embeddable":true,"href":"http:\/\/bonycom.hu\/old\/wp-json\/wp\/v2\/pages\/174"}],"wp:attachment":[{"href":"http:\/\/bonycom.hu\/old\/wp-json\/wp\/v2\/media?parent=371"}],"curies":[{"name":"wp","href":"https:\/\/api.w.org\/{rel}","templated":true}]}}