	{"id":447,"date":"2013-03-18T09:37:23","date_gmt":"2013-03-18T08:37:23","guid":{"rendered":"http:\/\/bonycom.hu\/?page_id=447"},"modified":"2015-02-06T15:05:49","modified_gmt":"2015-02-06T14:05:49","slug":"hoeltakaritas-sikossagmentesites","status":"publish","type":"page","link":"http:\/\/bonycom.hu\/old\/tevekenysegeink\/hoeltakaritas-sikossagmentesites\/","title":{"rendered":"H\u00f3eltakar\u00edt\u00e1s, s\u00edkoss\u00e1gmentes\u00edt\u00e9s"},"content":{"rendered":"<p style=\"text-align: justify;\">Bonyh\u00e1d V\u00e1ros k\u00f6zigazgat\u00e1si ter\u00fclet\u00e9n bel\u00fcl &#8211; kiv\u00e9ve\u00a0 a f\u0151 k\u00f6zleked\u00e9si \u00fatvonalakat amelyek a Magyar K\u00f6z\u00fat Kht. kezel\u00e9s\u00e9ben vannak &#8211; a BONYCOM Bonh\u00e1di K\u00f6z\u00fczemi Nonprofit Kft. l\u00e1tja el a h\u00f3eltakar\u00edt\u00e1si \u00e9s s\u00edkoss\u00e1gmentes\u00edt\u00e9si feladatokat. A tev\u00e9kenys\u00e9get kidolgozott \u00fctemterv szerint v\u00e9gezi T\u00e1rsas\u00e1gunk, mely szerint priorit\u00e1st \u00e9lveznek a kiemelt objektumok.<\/p>\r\n<p>Takar\u00edt\u00e1si \u00fatvonal:<\/p>\r\n<p>K\u00f6zutakon:<\/p>\r\n<p>I. \u00fctem: Helyi \u00e9s helyk\u00f6zi aut\u00f3buszok \u00e1ltal j\u00e1rt \u00fatvonalak, emelked\u0151k, lejt\u0151k, K\u00f3rh\u00e1z, Ment\u0151\u00e1llom\u00e1s, T\u0171zolt\u00f3s\u00e1g, Rend\u0151rs\u00e9g, ideiglenes parkol\u00f3k<\/p>\r\n<p>II. \u00fctem: V\u00e1roson bel\u00fcli gy\u0171jt\u0151utak<\/p>\r\n<p>III. \u00fctem: V\u00e1roson bel\u00fcli mell\u00e9kutc\u00e1k<\/p>\r\n<p>&nbsp;<\/p>\r\n<p>J\u00e1rd\u00e1kon:<\/p>\r\n<p>&nbsp;<\/p>\r\n<p>I. \u00fctem: Aut\u00f3buszp\u00e1lyaudvart\u00f3l a Perczel M\u00f3r\u00a0 Szakk\u00f6z\u00e9piskol\u00e1ig, Gyalog\u00e1tkel\u0151k, aut\u00f3busz meg\u00e1ll\u00f3k<\/p>\r\n<p>II. \u00fctem: V\u00e1rosk\u00f6zpont, F\u00e1y Ltp. \u00e9s Perczel kert j\u00e1rd\u00e1i. V\u00e1rosk\u00f6zpont \u00fatcsatlakoz\u00e1sai a j\u00e1rd\u00e1k vonal\u00e1ban<\/p>\r\n<p>III. \u00fctem: Forgalmas utc\u00e1k csatlakoz\u00e1sai a j\u00e1rd\u00e1k vonal\u00e1ban\u00a0<\/p>\r\n<p>IV. \u00fctem: Egy\u00e9b \u00fatcsatlakoz\u00e1sok j\u00e1rd\u00e1k vonal\u00e1ban.<\/p>\r\n<p>&nbsp;<\/p>","protected":false},"excerpt":{"rendered":"Bonyh\u00e1d V\u00e1ros k\u00f6zigazgat\u00e1si ter\u00fclet\u00e9n bel\u00fcl &#8211; kiv\u00e9ve\u00a0 a f\u0151 k\u00f6zleked\u00e9si \u00fatvonalakat amelyek a Magyar K\u00f6z\u00fat Kht. kezel\u00e9s\u00e9ben vannak &#8211; a BONYCOM Bonh\u00e1di K\u00f6z\u00fczemi Nonprofit Kft. l\u00e1tja el a h\u00f3eltakar\u00edt\u00e1si \u00e9s s\u00edkoss\u00e1gmentes\u00edt\u00e9si feladatokat. A tev\u00e9kenys\u00e9get kidolgozott \u00fctemterv szerint v\u00e9gezi T\u00e1rsas\u00e1gunk, mely<span class=\"ellipsis\">&hellip;<\/span><div class=\"read-more\"><a href=\"http:\/\/bonycom.hu\/old\/tevekenysegeink\/hoeltakaritas-sikossagmentesites\/\">Tov\u00e1bb \u203a<\/a><\/div><!-- end of .read-more -->","protected":false},"author":4,"featured_media":0,"parent":174,"menu_order":0,"comment_status":"closed","ping_status":"closed","template":"","meta":{"_monsterinsights_skip_tracking":false,"_monsterinsights_sitenote_active":false,"_monsterinsights_sitenote_note":"","_monsterinsights_sitenote_category":0,"footnotes":""},"class_list":["post-447","page","type-page","status-publish","hentry"],"yoast_head":"<!-- This site is optimized with the Yoast SEO plugin v26.6 - https:\/\/yoast.com\/wordpress\/plugins\/seo\/ -->\n<title>H\u00f3eltakar\u00edt\u00e1s, s\u00edkoss\u00e1gmentes\u00edt\u00e9s - Bonycom - Bonyh\u00e1di K\u00f6z\u00fczemi Nonprofit Kft.<\/title>\n<meta name=\"robots\" content=\"index, follow, max-snippet:-1, max-image-preview:large, max-video-preview:-1\" \/>\n<link rel=\"canonical\" href=\"http:\/\/bonycom.hu\/old\/tevekenysegeink\/hoeltakaritas-sikossagmentesites\/\" \/>\n<meta property=\"og:locale\" content=\"hu_HU\" \/>\n<meta property=\"og:type\" content=\"article\" \/>\n<meta property=\"og:title\" content=\"H\u00f3eltakar\u00edt\u00e1s, s\u00edkoss\u00e1gmentes\u00edt\u00e9s - Bonycom - Bonyh\u00e1di K\u00f6z\u00fczemi Nonprofit Kft.\" \/>\n<meta property=\"og:description\" content=\"Bonyh\u00e1d V\u00e1ros k\u00f6zigazgat\u00e1si ter\u00fclet\u00e9n bel\u00fcl &#8211; kiv\u00e9ve\u00a0 a f\u0151 k\u00f6zleked\u00e9si \u00fatvonalakat amelyek a Magyar K\u00f6z\u00fat Kht. kezel\u00e9s\u00e9ben vannak &#8211; a BONYCOM Bonh\u00e1di K\u00f6z\u00fczemi Nonprofit Kft. l\u00e1tja el a h\u00f3eltakar\u00edt\u00e1si \u00e9s s\u00edkoss\u00e1gmentes\u00edt\u00e9si feladatokat. A tev\u00e9kenys\u00e9get kidolgozott \u00fctemterv szerint v\u00e9gezi T\u00e1rsas\u00e1gunk, mely&hellip;Tov\u00e1bb \u203a\" \/>\n<meta property=\"og:url\" content=\"http:\/\/bonycom.hu\/old\/tevekenysegeink\/hoeltakaritas-sikossagmentesites\/\" \/>\n<meta property=\"og:site_name\" content=\"Bonycom - Bonyh\u00e1di K\u00f6z\u00fczemi Nonprofit Kft.\" \/>\n<meta property=\"article:modified_time\" content=\"2015-02-06T14:05:49+00:00\" \/>\n<meta name=\"twitter:label1\" content=\"Becs\u00fclt olvas\u00e1si id\u0151\" \/>\n\t<meta name=\"twitter:data1\" content=\"1 perc\" \/>\n<!-- \/ Yoast SEO plugin. -->","yoast_head_json":{"title":"H\u00f3eltakar\u00edt\u00e1s, s\u00edkoss\u00e1gmentes\u00edt\u00e9s - Bonycom - Bonyh\u00e1di K\u00f6z\u00fczemi Nonprofit Kft.","robots":{"index":"index","follow":"follow","max-snippet":"max-snippet:-1","max-image-preview":"max-image-preview:large","max-video-preview":"max-video-preview:-1"},"canonical":"http:\/\/bonycom.hu\/old\/tevekenysegeink\/hoeltakaritas-sikossagmentesites\/","og_locale":"hu_HU","og_type":"article","og_title":"H\u00f3eltakar\u00edt\u00e1s, s\u00edkoss\u00e1gmentes\u00edt\u00e9s - Bonycom - Bonyh\u00e1di K\u00f6z\u00fczemi Nonprofit Kft.","og_description":"Bonyh\u00e1d V\u00e1ros k\u00f6zigazgat\u00e1si ter\u00fclet\u00e9n bel\u00fcl &#8211; kiv\u00e9ve\u00a0 a f\u0151 k\u00f6zleked\u00e9si \u00fatvonalakat amelyek a Magyar K\u00f6z\u00fat Kht. kezel\u00e9s\u00e9ben vannak &#8211; a BONYCOM Bonh\u00e1di K\u00f6z\u00fczemi Nonprofit Kft. l\u00e1tja el a h\u00f3eltakar\u00edt\u00e1si \u00e9s s\u00edkoss\u00e1gmentes\u00edt\u00e9si feladatokat. A tev\u00e9kenys\u00e9get kidolgozott \u00fctemterv szerint v\u00e9gezi T\u00e1rsas\u00e1gunk, mely&hellip;Tov\u00e1bb \u203a","og_url":"http:\/\/bonycom.hu\/old\/tevekenysegeink\/hoeltakaritas-sikossagmentesites\/","og_site_name":"Bonycom - Bonyh\u00e1di K\u00f6z\u00fczemi Nonprofit Kft.","article_modified_time":"2015-02-06T14:05:49+00:00","twitter_misc":{"Becs\u00fclt olvas\u00e1si id\u0151":"1 perc"},"schema":{"@context":"https:\/\/schema.org","@graph":[{"@type":"WebPage","@id":"http:\/\/bonycom.hu\/old\/tevekenysegeink\/hoeltakaritas-sikossagmentesites\/","url":"http:\/\/bonycom.hu\/old\/tevekenysegeink\/hoeltakaritas-sikossagmentesites\/","name":"H\u00f3eltakar\u00edt\u00e1s, s\u00edkoss\u00e1gmentes\u00edt\u00e9s - Bonycom - Bonyh\u00e1di K\u00f6z\u00fczemi Nonprofit Kft.","isPartOf":{"@id":"https:\/\/bonycom.hu\/old\/#website"},"datePublished":"2013-03-18T08:37:23+00:00","dateModified":"2015-02-06T14:05:49+00:00","breadcrumb":{"@id":"http:\/\/bonycom.hu\/old\/tevekenysegeink\/hoeltakaritas-sikossagmentesites\/#breadcrumb"},"inLanguage":"hu","potentialAction":[{"@type":"ReadAction","target":["http:\/\/bonycom.hu\/old\/tevekenysegeink\/hoeltakaritas-sikossagmentesites\/"]}]},{"@type":"BreadcrumbList","@id":"http:\/\/bonycom.hu\/old\/tevekenysegeink\/hoeltakaritas-sikossagmentesites\/#breadcrumb","itemListElement":[{"@type":"ListItem","position":1,"name":"Home","item":"https:\/\/bonycom.hu\/old\/"},{"@type":"ListItem","position":2,"name":"Tev\u00e9kenys\u00e9geink","item":"https:\/\/bonycom.hu\/old\/tevekenysegeink\/"},{"@type":"ListItem","position":3,"name":"H\u00f3eltakar\u00edt\u00e1s, s\u00edkoss\u00e1gmentes\u00edt\u00e9s"}]},{"@type":"WebSite","@id":"https:\/\/bonycom.hu\/old\/#website","url":"https:\/\/bonycom.hu\/old\/","name":"Bonycom - Bonyh\u00e1di K\u00f6z\u00fczemi Nonprofit Kft.","description":"","inLanguage":"hu"}]}},"_links":{"self":[{"href":"http:\/\/bonycom.hu\/old\/wp-json\/wp\/v2\/pages\/447","targetHints":{"allow":["GET"]}}],"collection":[{"href":"http:\/\/bonycom.hu\/old\/wp-json\/wp\/v2\/pages"}],"about":[{"href":"http:\/\/bonycom.hu\/old\/wp-json\/wp\/v2\/types\/page"}],"author":[{"embeddable":true,"href":"http:\/\/bonycom.hu\/old\/wp-json\/wp\/v2\/users\/4"}],"replies":[{"embeddable":true,"href":"http:\/\/bonycom.hu\/old\/wp-json\/wp\/v2\/comments?post=447"}],"version-history":[{"count":4,"href":"http:\/\/bonycom.hu\/old\/wp-json\/wp\/v2\/pages\/447\/revisions"}],"predecessor-version":[{"id":5544,"href":"http:\/\/bonycom.hu\/old\/wp-json\/wp\/v2\/pages\/447\/revisions\/5544"}],"up":[{"embeddable":true,"href":"http:\/\/bonycom.hu\/old\/wp-json\/wp\/v2\/pages\/174"}],"wp:attachment":[{"href":"http:\/\/bonycom.hu\/old\/wp-json\/wp\/v2\/media?parent=447"}],"curies":[{"name":"wp","href":"https:\/\/api.w.org\/{rel}","templated":true}]}}