	{"id":449,"date":"2017-05-15T14:37:20","date_gmt":"2017-05-15T12:37:20","guid":{"rendered":"http:\/\/bonycom.hu\/?page_id=449"},"modified":"2025-04-14T14:38:11","modified_gmt":"2025-04-14T12:38:11","slug":"lakossagi-hulladekudvar-uzemeltetese","status":"publish","type":"page","link":"http:\/\/bonycom.hu\/old\/tevekenysegeink\/lakossagi-hulladekudvar-uzemeltetese\/","title":{"rendered":"Lakoss\u00e1gi hullad\u00e9kudvar \u00fczemeltet\u00e9se \u00e9s hullad\u00e9ksz\u00e1ll\u00edt\u00e1s"},"content":{"rendered":"<p style=\"text-align: center;\"><span style=\"font-size: 14px;\"><strong>T\u00e1j\u00e9koztatjuk a Tisztelt Lakoss\u00e1got, hogy a HULLAD\u00c9KGY\u0170JT\u0150 UDVAR \u00fczemeltet\u00e9s\u00e9t \u00e9s a HULLAD\u00c9KSZ\u00c1LL\u00cdT\u00c1ST<\/strong><\/span><\/p>\r\n<p style=\"text-align: center;\"><span style=\"font-size: 14px;\"><strong>2017. m\u00e1jus 1. napj\u00e1t\u00f3l a D\u00e9l-Kom Nonprofit Kft. l\u00e1tja el<\/strong>.<\/span><\/p>\r\n<p style=\"text-align: center;\"><strong><em><\/em><\/strong><\/p>","protected":false},"excerpt":{"rendered":"T\u00e1j\u00e9koztatjuk a Tisztelt Lakoss\u00e1got, hogy a HULLAD\u00c9KGY\u0170JT\u0150 UDVAR \u00fczemeltet\u00e9s\u00e9t \u00e9s a HULLAD\u00c9KSZ\u00c1LL\u00cdT\u00c1ST 2017. m\u00e1jus 1. napj\u00e1t\u00f3l a D\u00e9l-Kom Nonprofit Kft. l\u00e1tja el.","protected":false},"author":4,"featured_media":0,"parent":174,"menu_order":0,"comment_status":"closed","ping_status":"closed","template":"","meta":{"_monsterinsights_skip_tracking":false,"_monsterinsights_sitenote_active":false,"_monsterinsights_sitenote_note":"","_monsterinsights_sitenote_category":0,"footnotes":""},"class_list":["post-449","page","type-page","status-publish","hentry"],"yoast_head":"<!-- This site is optimized with the Yoast SEO plugin v26.6 - https:\/\/yoast.com\/wordpress\/plugins\/seo\/ -->\n<title>Lakoss\u00e1gi hullad\u00e9kudvar \u00fczemeltet\u00e9se \u00e9s hullad\u00e9ksz\u00e1ll\u00edt\u00e1s - Bonycom - Bonyh\u00e1di K\u00f6z\u00fczemi Nonprofit Kft.<\/title>\n<meta name=\"robots\" content=\"index, follow, max-snippet:-1, max-image-preview:large, max-video-preview:-1\" \/>\n<link rel=\"canonical\" href=\"https:\/\/bonycom.hu\/old\/tevekenysegeink\/lakossagi-hulladekudvar-uzemeltetese\/\" \/>\n<meta property=\"og:locale\" content=\"hu_HU\" \/>\n<meta property=\"og:type\" content=\"article\" \/>\n<meta property=\"og:title\" content=\"Lakoss\u00e1gi hullad\u00e9kudvar \u00fczemeltet\u00e9se \u00e9s hullad\u00e9ksz\u00e1ll\u00edt\u00e1s - Bonycom - Bonyh\u00e1di K\u00f6z\u00fczemi Nonprofit Kft.\" \/>\n<meta property=\"og:description\" content=\"T\u00e1j\u00e9koztatjuk a Tisztelt Lakoss\u00e1got, hogy a HULLAD\u00c9KGY\u0170JT\u0150 UDVAR \u00fczemeltet\u00e9s\u00e9t \u00e9s a HULLAD\u00c9KSZ\u00c1LL\u00cdT\u00c1ST 2017. m\u00e1jus 1. napj\u00e1t\u00f3l a D\u00e9l-Kom Nonprofit Kft. l\u00e1tja el.\" \/>\n<meta property=\"og:url\" content=\"https:\/\/bonycom.hu\/old\/tevekenysegeink\/lakossagi-hulladekudvar-uzemeltetese\/\" \/>\n<meta property=\"og:site_name\" content=\"Bonycom - Bonyh\u00e1di K\u00f6z\u00fczemi Nonprofit Kft.\" \/>\n<meta property=\"article:modified_time\" content=\"2025-04-14T12:38:11+00:00\" \/>\n<!-- \/ Yoast SEO plugin. -->","yoast_head_json":{"title":"Lakoss\u00e1gi hullad\u00e9kudvar \u00fczemeltet\u00e9se \u00e9s hullad\u00e9ksz\u00e1ll\u00edt\u00e1s - Bonycom - Bonyh\u00e1di K\u00f6z\u00fczemi Nonprofit Kft.","robots":{"index":"index","follow":"follow","max-snippet":"max-snippet:-1","max-image-preview":"max-image-preview:large","max-video-preview":"max-video-preview:-1"},"canonical":"https:\/\/bonycom.hu\/old\/tevekenysegeink\/lakossagi-hulladekudvar-uzemeltetese\/","og_locale":"hu_HU","og_type":"article","og_title":"Lakoss\u00e1gi hullad\u00e9kudvar \u00fczemeltet\u00e9se \u00e9s hullad\u00e9ksz\u00e1ll\u00edt\u00e1s - Bonycom - Bonyh\u00e1di K\u00f6z\u00fczemi Nonprofit Kft.","og_description":"T\u00e1j\u00e9koztatjuk a Tisztelt Lakoss\u00e1got, hogy a HULLAD\u00c9KGY\u0170JT\u0150 UDVAR \u00fczemeltet\u00e9s\u00e9t \u00e9s a HULLAD\u00c9KSZ\u00c1LL\u00cdT\u00c1ST 2017. m\u00e1jus 1. napj\u00e1t\u00f3l a D\u00e9l-Kom Nonprofit Kft. l\u00e1tja el.","og_url":"https:\/\/bonycom.hu\/old\/tevekenysegeink\/lakossagi-hulladekudvar-uzemeltetese\/","og_site_name":"Bonycom - Bonyh\u00e1di K\u00f6z\u00fczemi Nonprofit Kft.","article_modified_time":"2025-04-14T12:38:11+00:00","schema":{"@context":"https:\/\/schema.org","@graph":[{"@type":"WebPage","@id":"https:\/\/bonycom.hu\/old\/tevekenysegeink\/lakossagi-hulladekudvar-uzemeltetese\/","url":"https:\/\/bonycom.hu\/old\/tevekenysegeink\/lakossagi-hulladekudvar-uzemeltetese\/","name":"Lakoss\u00e1gi hullad\u00e9kudvar \u00fczemeltet\u00e9se \u00e9s hullad\u00e9ksz\u00e1ll\u00edt\u00e1s - Bonycom - Bonyh\u00e1di K\u00f6z\u00fczemi Nonprofit Kft.","isPartOf":{"@id":"https:\/\/bonycom.hu\/old\/#website"},"datePublished":"2017-05-15T12:37:20+00:00","dateModified":"2025-04-14T12:38:11+00:00","breadcrumb":{"@id":"https:\/\/bonycom.hu\/old\/tevekenysegeink\/lakossagi-hulladekudvar-uzemeltetese\/#breadcrumb"},"inLanguage":"hu","potentialAction":[{"@type":"ReadAction","target":["https:\/\/bonycom.hu\/old\/tevekenysegeink\/lakossagi-hulladekudvar-uzemeltetese\/"]}]},{"@type":"BreadcrumbList","@id":"https:\/\/bonycom.hu\/old\/tevekenysegeink\/lakossagi-hulladekudvar-uzemeltetese\/#breadcrumb","itemListElement":[{"@type":"ListItem","position":1,"name":"Home","item":"https:\/\/bonycom.hu\/old\/"},{"@type":"ListItem","position":2,"name":"Tev\u00e9kenys\u00e9geink","item":"https:\/\/bonycom.hu\/old\/tevekenysegeink\/"},{"@type":"ListItem","position":3,"name":"Lakoss\u00e1gi hullad\u00e9kudvar \u00fczemeltet\u00e9se \u00e9s hullad\u00e9ksz\u00e1ll\u00edt\u00e1s"}]},{"@type":"WebSite","@id":"https:\/\/bonycom.hu\/old\/#website","url":"https:\/\/bonycom.hu\/old\/","name":"Bonycom - Bonyh\u00e1di K\u00f6z\u00fczemi Nonprofit Kft.","description":"","inLanguage":"hu"}]}},"_links":{"self":[{"href":"http:\/\/bonycom.hu\/old\/wp-json\/wp\/v2\/pages\/449","targetHints":{"allow":["GET"]}}],"collection":[{"href":"http:\/\/bonycom.hu\/old\/wp-json\/wp\/v2\/pages"}],"about":[{"href":"http:\/\/bonycom.hu\/old\/wp-json\/wp\/v2\/types\/page"}],"author":[{"embeddable":true,"href":"http:\/\/bonycom.hu\/old\/wp-json\/wp\/v2\/users\/4"}],"replies":[{"embeddable":true,"href":"http:\/\/bonycom.hu\/old\/wp-json\/wp\/v2\/comments?post=449"}],"version-history":[{"count":30,"href":"http:\/\/bonycom.hu\/old\/wp-json\/wp\/v2\/pages\/449\/revisions"}],"predecessor-version":[{"id":10413,"href":"http:\/\/bonycom.hu\/old\/wp-json\/wp\/v2\/pages\/449\/revisions\/10413"}],"up":[{"embeddable":true,"href":"http:\/\/bonycom.hu\/old\/wp-json\/wp\/v2\/pages\/174"}],"wp:attachment":[{"href":"http:\/\/bonycom.hu\/old\/wp-json\/wp\/v2\/media?parent=449"}],"curies":[{"name":"wp","href":"https:\/\/api.w.org\/{rel}","templated":true}]}}