	{"id":471,"date":"2017-05-15T14:25:59","date_gmt":"2017-05-15T12:25:59","guid":{"rendered":"http:\/\/bonycom.hu\/?page_id=471"},"modified":"2024-11-12T13:27:02","modified_gmt":"2024-11-12T12:27:02","slug":"tanuszoda","status":"publish","type":"page","link":"http:\/\/bonycom.hu\/old\/dijaink\/tanuszoda\/","title":{"rendered":"Tanuszoda"},"content":{"rendered":"<p>Az uszod\u00e1val kapcsolatos legfrissebb h\u00edreket a <a href=\"http:\/\/www.facebook.com\/bonyhaditanuszoda\" title=\"facebook - uszoda\" target=\"_blank\">www.facebook.com\/bonyhaditanuszoda<\/a> oldalon olvashatj\u00e1k.<\/p>\r\n<p>&nbsp;<\/p>\r\n<p style=\"text-align: center;\"><a href=\"http:\/\/bonycom.hu\/wp-content\/uploads\/2017\/05\/nyitvatartas.jpg\"><img loading=\"lazy\" decoding=\"async\" alt=\"\" class=\"alignnone size-medium wp-image-10372\" height=\"300\" src=\"http:\/\/bonycom.hu\/wp-content\/uploads\/2017\/05\/nyitvatartas-237x300.jpg\" width=\"237\" srcset=\"http:\/\/bonycom.hu\/old\/wp-content\/uploads\/2017\/05\/nyitvatartas-237x300.jpg 237w, http:\/\/bonycom.hu\/old\/wp-content\/uploads\/2017\/05\/nyitvatartas-768x970.jpg 768w, http:\/\/bonycom.hu\/old\/wp-content\/uploads\/2017\/05\/nyitvatartas-712x900.jpg 712w, http:\/\/bonycom.hu\/old\/wp-content\/uploads\/2017\/05\/nyitvatartas-158x200.jpg 158w, http:\/\/bonycom.hu\/old\/wp-content\/uploads\/2017\/05\/nyitvatartas-317x400.jpg 317w, http:\/\/bonycom.hu\/old\/wp-content\/uploads\/2017\/05\/nyitvatartas.jpg 1535w\" sizes=\"auto, (max-width: 237px) 100vw, 237px\" \/><\/a><a href=\"http:\/\/bonycom.hu\/wp-content\/uploads\/2017\/05\/uszoda_jegyarak_20240901_.jpg\"><img loading=\"lazy\" decoding=\"async\" alt=\"\" class=\"alignnone size-medium wp-image-10355\" height=\"300\" src=\"http:\/\/bonycom.hu\/wp-content\/uploads\/2017\/05\/uszoda_jegyarak_20240901_-238x300.jpg\" width=\"238\" \/><\/a>\u00a0 \u00a0 \u00a0<\/p>\r\n<p style=\"text-align: center;\">\u00a0\u00a0<\/p>\r\n<p>&nbsp;<\/p>","protected":false},"excerpt":{"rendered":"Az uszod\u00e1val kapcsolatos legfrissebb h\u00edreket a www.facebook.com\/bonyhaditanuszoda oldalon olvashatj\u00e1k. &nbsp; \u00a0 \u00a0 \u00a0 \u00a0\u00a0 &nbsp;","protected":false},"author":4,"featured_media":0,"parent":140,"menu_order":0,"comment_status":"closed","ping_status":"closed","template":"","meta":{"_monsterinsights_skip_tracking":false,"_monsterinsights_sitenote_active":false,"_monsterinsights_sitenote_note":"","_monsterinsights_sitenote_category":0,"footnotes":""},"class_list":["post-471","page","type-page","status-publish","hentry"],"yoast_head":"<!-- This site is optimized with the Yoast SEO plugin v26.6 - https:\/\/yoast.com\/wordpress\/plugins\/seo\/ -->\n<title>Tanuszoda - Bonycom - Bonyh\u00e1di K\u00f6z\u00fczemi Nonprofit Kft.<\/title>\n<meta name=\"robots\" content=\"index, follow, max-snippet:-1, max-image-preview:large, max-video-preview:-1\" \/>\n<link rel=\"canonical\" href=\"http:\/\/bonycom.hu\/old\/dijaink\/tanuszoda\/\" \/>\n<meta property=\"og:locale\" content=\"hu_HU\" \/>\n<meta property=\"og:type\" content=\"article\" \/>\n<meta property=\"og:title\" content=\"Tanuszoda - Bonycom - Bonyh\u00e1di K\u00f6z\u00fczemi Nonprofit Kft.\" \/>\n<meta property=\"og:description\" content=\"Az uszod\u00e1val kapcsolatos legfrissebb h\u00edreket a www.facebook.com\/bonyhaditanuszoda oldalon olvashatj\u00e1k. &nbsp; \u00a0 \u00a0 \u00a0 \u00a0\u00a0 &nbsp;\" \/>\n<meta property=\"og:url\" content=\"http:\/\/bonycom.hu\/old\/dijaink\/tanuszoda\/\" \/>\n<meta property=\"og:site_name\" content=\"Bonycom - Bonyh\u00e1di K\u00f6z\u00fczemi Nonprofit Kft.\" \/>\n<meta property=\"article:modified_time\" content=\"2024-11-12T12:27:02+00:00\" \/>\n<meta property=\"og:image\" content=\"http:\/\/bonycom.hu\/wp-content\/uploads\/2017\/05\/nyitvatartas-237x300.jpg\" \/>\n<!-- \/ Yoast SEO plugin. -->","yoast_head_json":{"title":"Tanuszoda - Bonycom - Bonyh\u00e1di K\u00f6z\u00fczemi Nonprofit Kft.","robots":{"index":"index","follow":"follow","max-snippet":"max-snippet:-1","max-image-preview":"max-image-preview:large","max-video-preview":"max-video-preview:-1"},"canonical":"http:\/\/bonycom.hu\/old\/dijaink\/tanuszoda\/","og_locale":"hu_HU","og_type":"article","og_title":"Tanuszoda - Bonycom - Bonyh\u00e1di K\u00f6z\u00fczemi Nonprofit Kft.","og_description":"Az uszod\u00e1val kapcsolatos legfrissebb h\u00edreket a www.facebook.com\/bonyhaditanuszoda oldalon olvashatj\u00e1k. &nbsp; \u00a0 \u00a0 \u00a0 \u00a0\u00a0 &nbsp;","og_url":"http:\/\/bonycom.hu\/old\/dijaink\/tanuszoda\/","og_site_name":"Bonycom - Bonyh\u00e1di K\u00f6z\u00fczemi Nonprofit Kft.","article_modified_time":"2024-11-12T12:27:02+00:00","og_image":[{"url":"http:\/\/bonycom.hu\/wp-content\/uploads\/2017\/05\/nyitvatartas-237x300.jpg","type":"","width":"","height":""}],"schema":{"@context":"https:\/\/schema.org","@graph":[{"@type":"WebPage","@id":"http:\/\/bonycom.hu\/old\/dijaink\/tanuszoda\/","url":"http:\/\/bonycom.hu\/old\/dijaink\/tanuszoda\/","name":"Tanuszoda - Bonycom - Bonyh\u00e1di K\u00f6z\u00fczemi Nonprofit Kft.","isPartOf":{"@id":"https:\/\/bonycom.hu\/old\/#website"},"primaryImageOfPage":{"@id":"http:\/\/bonycom.hu\/old\/dijaink\/tanuszoda\/#primaryimage"},"image":{"@id":"http:\/\/bonycom.hu\/old\/dijaink\/tanuszoda\/#primaryimage"},"thumbnailUrl":"http:\/\/bonycom.hu\/wp-content\/uploads\/2017\/05\/nyitvatartas-237x300.jpg","datePublished":"2017-05-15T12:25:59+00:00","dateModified":"2024-11-12T12:27:02+00:00","breadcrumb":{"@id":"http:\/\/bonycom.hu\/old\/dijaink\/tanuszoda\/#breadcrumb"},"inLanguage":"hu","potentialAction":[{"@type":"ReadAction","target":["http:\/\/bonycom.hu\/old\/dijaink\/tanuszoda\/"]}]},{"@type":"ImageObject","inLanguage":"hu","@id":"http:\/\/bonycom.hu\/old\/dijaink\/tanuszoda\/#primaryimage","url":"http:\/\/bonycom.hu\/wp-content\/uploads\/2017\/05\/nyitvatartas-237x300.jpg","contentUrl":"http:\/\/bonycom.hu\/wp-content\/uploads\/2017\/05\/nyitvatartas-237x300.jpg"},{"@type":"BreadcrumbList","@id":"http:\/\/bonycom.hu\/old\/dijaink\/tanuszoda\/#breadcrumb","itemListElement":[{"@type":"ListItem","position":1,"name":"Home","item":"https:\/\/bonycom.hu\/old\/"},{"@type":"ListItem","position":2,"name":"D\u00edjaink","item":"http:\/\/bonycom.hu\/old\/dijaink\/"},{"@type":"ListItem","position":3,"name":"Tanuszoda"}]},{"@type":"WebSite","@id":"https:\/\/bonycom.hu\/old\/#website","url":"https:\/\/bonycom.hu\/old\/","name":"Bonycom - Bonyh\u00e1di K\u00f6z\u00fczemi Nonprofit Kft.","description":"","inLanguage":"hu"}]}},"_links":{"self":[{"href":"http:\/\/bonycom.hu\/old\/wp-json\/wp\/v2\/pages\/471","targetHints":{"allow":["GET"]}}],"collection":[{"href":"http:\/\/bonycom.hu\/old\/wp-json\/wp\/v2\/pages"}],"about":[{"href":"http:\/\/bonycom.hu\/old\/wp-json\/wp\/v2\/types\/page"}],"author":[{"embeddable":true,"href":"http:\/\/bonycom.hu\/old\/wp-json\/wp\/v2\/users\/4"}],"replies":[{"embeddable":true,"href":"http:\/\/bonycom.hu\/old\/wp-json\/wp\/v2\/comments?post=471"}],"version-history":[{"count":23,"href":"http:\/\/bonycom.hu\/old\/wp-json\/wp\/v2\/pages\/471\/revisions"}],"predecessor-version":[{"id":10346,"href":"http:\/\/bonycom.hu\/old\/wp-json\/wp\/v2\/pages\/471\/revisions\/10346"}],"up":[{"embeddable":true,"href":"http:\/\/bonycom.hu\/old\/wp-json\/wp\/v2\/pages\/140"}],"wp:attachment":[{"href":"http:\/\/bonycom.hu\/old\/wp-json\/wp\/v2\/media?parent=471"}],"curies":[{"name":"wp","href":"https:\/\/api.w.org\/{rel}","templated":true}]}}