	{"id":476,"date":"2013-03-18T10:08:11","date_gmt":"2013-03-18T09:08:11","guid":{"rendered":"http:\/\/bonycom.hu\/?page_id=476"},"modified":"2020-10-06T09:06:02","modified_gmt":"2020-10-06T07:06:02","slug":"temeto","status":"publish","type":"page","link":"http:\/\/bonycom.hu\/old\/dijaink\/temeto\/","title":{"rendered":"Temet\u0151"},"content":{"rendered":"<a href=\"http:\/\/bonycom.hu\/old\/?ddownload=5627\" title=\"S\u00edrgondoz\u00e1si Szolg\u00e1ltat\u00e1sok d\u00edja\" rel=\"nofollow\" class=\"ddownload-link id-5627 ext-docx\">S\u00edrgondoz\u00e1si Szolg\u00e1ltat\u00e1sok d\u00edja<\/a>\r\n<p>&nbsp;<\/p>\r\n<a href=\"http:\/\/bonycom.hu\/old\/?ddownload=10283\" title=\"Temet\u0151i d\u00edjszab\u00e1s\" rel=\"nofollow\" class=\"ddownload-button button-blue id-10283 ext-pdf\">Temet\u0151i d\u00edjszab\u00e1s<\/a>","protected":false},"excerpt":{"rendered":"&nbsp;","protected":false},"author":4,"featured_media":0,"parent":140,"menu_order":0,"comment_status":"closed","ping_status":"closed","template":"","meta":{"_monsterinsights_skip_tracking":false,"_monsterinsights_sitenote_active":false,"_monsterinsights_sitenote_note":"","_monsterinsights_sitenote_category":0,"footnotes":""},"class_list":["post-476","page","type-page","status-publish","hentry"],"yoast_head":"<!-- This site is optimized with the Yoast SEO plugin v26.6 - https:\/\/yoast.com\/wordpress\/plugins\/seo\/ -->\n<title>Temet\u0151 - Bonycom - Bonyh\u00e1di K\u00f6z\u00fczemi Nonprofit Kft.<\/title>\n<meta name=\"robots\" content=\"index, follow, max-snippet:-1, max-image-preview:large, max-video-preview:-1\" \/>\n<link rel=\"canonical\" href=\"https:\/\/bonycom.hu\/old\/dijaink\/temeto\/\" \/>\n<meta property=\"og:locale\" content=\"hu_HU\" \/>\n<meta property=\"og:type\" content=\"article\" \/>\n<meta property=\"og:title\" content=\"Temet\u0151 - Bonycom - Bonyh\u00e1di K\u00f6z\u00fczemi Nonprofit Kft.\" \/>\n<meta property=\"og:description\" content=\"&nbsp;\" \/>\n<meta property=\"og:url\" content=\"https:\/\/bonycom.hu\/old\/dijaink\/temeto\/\" \/>\n<meta property=\"og:site_name\" content=\"Bonycom - Bonyh\u00e1di K\u00f6z\u00fczemi Nonprofit Kft.\" \/>\n<meta property=\"article:modified_time\" content=\"2020-10-06T07:06:02+00:00\" \/>\n<!-- \/ Yoast SEO plugin. -->","yoast_head_json":{"title":"Temet\u0151 - Bonycom - Bonyh\u00e1di K\u00f6z\u00fczemi Nonprofit Kft.","robots":{"index":"index","follow":"follow","max-snippet":"max-snippet:-1","max-image-preview":"max-image-preview:large","max-video-preview":"max-video-preview:-1"},"canonical":"https:\/\/bonycom.hu\/old\/dijaink\/temeto\/","og_locale":"hu_HU","og_type":"article","og_title":"Temet\u0151 - Bonycom - Bonyh\u00e1di K\u00f6z\u00fczemi Nonprofit Kft.","og_description":"&nbsp;","og_url":"https:\/\/bonycom.hu\/old\/dijaink\/temeto\/","og_site_name":"Bonycom - Bonyh\u00e1di K\u00f6z\u00fczemi Nonprofit Kft.","article_modified_time":"2020-10-06T07:06:02+00:00","schema":{"@context":"https:\/\/schema.org","@graph":[{"@type":"WebPage","@id":"https:\/\/bonycom.hu\/old\/dijaink\/temeto\/","url":"https:\/\/bonycom.hu\/old\/dijaink\/temeto\/","name":"Temet\u0151 - Bonycom - Bonyh\u00e1di K\u00f6z\u00fczemi Nonprofit Kft.","isPartOf":{"@id":"https:\/\/bonycom.hu\/old\/#website"},"datePublished":"2013-03-18T09:08:11+00:00","dateModified":"2020-10-06T07:06:02+00:00","breadcrumb":{"@id":"https:\/\/bonycom.hu\/old\/dijaink\/temeto\/#breadcrumb"},"inLanguage":"hu","potentialAction":[{"@type":"ReadAction","target":["https:\/\/bonycom.hu\/old\/dijaink\/temeto\/"]}]},{"@type":"BreadcrumbList","@id":"https:\/\/bonycom.hu\/old\/dijaink\/temeto\/#breadcrumb","itemListElement":[{"@type":"ListItem","position":1,"name":"Home","item":"https:\/\/bonycom.hu\/old\/"},{"@type":"ListItem","position":2,"name":"D\u00edjaink","item":"http:\/\/bonycom.hu\/old\/dijaink\/"},{"@type":"ListItem","position":3,"name":"Temet\u0151"}]},{"@type":"WebSite","@id":"https:\/\/bonycom.hu\/old\/#website","url":"https:\/\/bonycom.hu\/old\/","name":"Bonycom - Bonyh\u00e1di K\u00f6z\u00fczemi Nonprofit Kft.","description":"","inLanguage":"hu"}]}},"_links":{"self":[{"href":"http:\/\/bonycom.hu\/old\/wp-json\/wp\/v2\/pages\/476","targetHints":{"allow":["GET"]}}],"collection":[{"href":"http:\/\/bonycom.hu\/old\/wp-json\/wp\/v2\/pages"}],"about":[{"href":"http:\/\/bonycom.hu\/old\/wp-json\/wp\/v2\/types\/page"}],"author":[{"embeddable":true,"href":"http:\/\/bonycom.hu\/old\/wp-json\/wp\/v2\/users\/4"}],"replies":[{"embeddable":true,"href":"http:\/\/bonycom.hu\/old\/wp-json\/wp\/v2\/comments?post=476"}],"version-history":[{"count":9,"href":"http:\/\/bonycom.hu\/old\/wp-json\/wp\/v2\/pages\/476\/revisions"}],"predecessor-version":[{"id":10285,"href":"http:\/\/bonycom.hu\/old\/wp-json\/wp\/v2\/pages\/476\/revisions\/10285"}],"up":[{"embeddable":true,"href":"http:\/\/bonycom.hu\/old\/wp-json\/wp\/v2\/pages\/140"}],"wp:attachment":[{"href":"http:\/\/bonycom.hu\/old\/wp-json\/wp\/v2\/media?parent=476"}],"curies":[{"name":"wp","href":"https:\/\/api.w.org\/{rel}","templated":true}]}}