	{"id":5258,"date":"2015-01-06T11:02:48","date_gmt":"2015-01-06T10:02:48","guid":{"rendered":"http:\/\/bonycom.hu\/?page_id=5258"},"modified":"2023-05-31T11:20:38","modified_gmt":"2023-05-31T09:20:38","slug":"fogyasztovedelmi-referens","status":"publish","type":"page","link":"http:\/\/bonycom.hu\/old\/bonycom-kft\/fogyasztovedelmi-referens\/","title":{"rendered":"Fogyaszt\u00f3v\u00e9delmi referens"},"content":{"rendered":"<p>T\u00e1rsas\u00e1gunkn\u00e1l a fogyaszt\u00f3v\u00e9delmi referensi feladatokat<\/p>\r\n<ul>\r\n\t<li><\/li>\r\n<\/ul>\r\n<p>l\u00e1tja el.<\/p>\r\n<p>Vizsga id\u0151pontja: 2014. november 29. Budapest.<\/p>","protected":false},"excerpt":{"rendered":"T\u00e1rsas\u00e1gunkn\u00e1l a fogyaszt\u00f3v\u00e9delmi referensi feladatokat l\u00e1tja el. Vizsga id\u0151pontja: 2014. november 29. Budapest.","protected":false},"author":4,"featured_media":0,"parent":9,"menu_order":0,"comment_status":"closed","ping_status":"closed","template":"","meta":{"_monsterinsights_skip_tracking":false,"_monsterinsights_sitenote_active":false,"_monsterinsights_sitenote_note":"","_monsterinsights_sitenote_category":0,"footnotes":""},"class_list":["post-5258","page","type-page","status-publish","hentry"],"yoast_head":"<!-- This site is optimized with the Yoast SEO plugin v26.6 - https:\/\/yoast.com\/wordpress\/plugins\/seo\/ -->\n<title>Fogyaszt\u00f3v\u00e9delmi referens - Bonycom - Bonyh\u00e1di K\u00f6z\u00fczemi Nonprofit Kft.<\/title>\n<meta name=\"robots\" content=\"index, follow, max-snippet:-1, max-image-preview:large, max-video-preview:-1\" \/>\n<link rel=\"canonical\" href=\"http:\/\/bonycom.hu\/old\/bonycom-kft\/fogyasztovedelmi-referens\/\" \/>\n<meta property=\"og:locale\" content=\"hu_HU\" \/>\n<meta property=\"og:type\" content=\"article\" \/>\n<meta property=\"og:title\" content=\"Fogyaszt\u00f3v\u00e9delmi referens - Bonycom - Bonyh\u00e1di K\u00f6z\u00fczemi Nonprofit Kft.\" \/>\n<meta property=\"og:description\" content=\"T\u00e1rsas\u00e1gunkn\u00e1l a fogyaszt\u00f3v\u00e9delmi referensi feladatokat l\u00e1tja el. Vizsga id\u0151pontja: 2014. november 29. Budapest.\" \/>\n<meta property=\"og:url\" content=\"http:\/\/bonycom.hu\/old\/bonycom-kft\/fogyasztovedelmi-referens\/\" \/>\n<meta property=\"og:site_name\" content=\"Bonycom - Bonyh\u00e1di K\u00f6z\u00fczemi Nonprofit Kft.\" \/>\n<meta property=\"article:modified_time\" content=\"2023-05-31T09:20:38+00:00\" \/>\n<!-- \/ Yoast SEO plugin. -->","yoast_head_json":{"title":"Fogyaszt\u00f3v\u00e9delmi referens - Bonycom - Bonyh\u00e1di K\u00f6z\u00fczemi Nonprofit Kft.","robots":{"index":"index","follow":"follow","max-snippet":"max-snippet:-1","max-image-preview":"max-image-preview:large","max-video-preview":"max-video-preview:-1"},"canonical":"http:\/\/bonycom.hu\/old\/bonycom-kft\/fogyasztovedelmi-referens\/","og_locale":"hu_HU","og_type":"article","og_title":"Fogyaszt\u00f3v\u00e9delmi referens - Bonycom - Bonyh\u00e1di K\u00f6z\u00fczemi Nonprofit Kft.","og_description":"T\u00e1rsas\u00e1gunkn\u00e1l a fogyaszt\u00f3v\u00e9delmi referensi feladatokat l\u00e1tja el. Vizsga id\u0151pontja: 2014. november 29. Budapest.","og_url":"http:\/\/bonycom.hu\/old\/bonycom-kft\/fogyasztovedelmi-referens\/","og_site_name":"Bonycom - Bonyh\u00e1di K\u00f6z\u00fczemi Nonprofit Kft.","article_modified_time":"2023-05-31T09:20:38+00:00","schema":{"@context":"https:\/\/schema.org","@graph":[{"@type":"WebPage","@id":"http:\/\/bonycom.hu\/old\/bonycom-kft\/fogyasztovedelmi-referens\/","url":"http:\/\/bonycom.hu\/old\/bonycom-kft\/fogyasztovedelmi-referens\/","name":"Fogyaszt\u00f3v\u00e9delmi referens - Bonycom - Bonyh\u00e1di K\u00f6z\u00fczemi Nonprofit Kft.","isPartOf":{"@id":"https:\/\/bonycom.hu\/old\/#website"},"datePublished":"2015-01-06T10:02:48+00:00","dateModified":"2023-05-31T09:20:38+00:00","breadcrumb":{"@id":"http:\/\/bonycom.hu\/old\/bonycom-kft\/fogyasztovedelmi-referens\/#breadcrumb"},"inLanguage":"hu","potentialAction":[{"@type":"ReadAction","target":["http:\/\/bonycom.hu\/old\/bonycom-kft\/fogyasztovedelmi-referens\/"]}]},{"@type":"BreadcrumbList","@id":"http:\/\/bonycom.hu\/old\/bonycom-kft\/fogyasztovedelmi-referens\/#breadcrumb","itemListElement":[{"@type":"ListItem","position":1,"name":"Home","item":"https:\/\/bonycom.hu\/old\/"},{"@type":"ListItem","position":2,"name":"Bonycom NKft","item":"https:\/\/bonycom.hu\/old\/bonycom-kft\/"},{"@type":"ListItem","position":3,"name":"Fogyaszt\u00f3v\u00e9delmi referens"}]},{"@type":"WebSite","@id":"https:\/\/bonycom.hu\/old\/#website","url":"https:\/\/bonycom.hu\/old\/","name":"Bonycom - Bonyh\u00e1di K\u00f6z\u00fczemi Nonprofit Kft.","description":"","inLanguage":"hu"}]}},"_links":{"self":[{"href":"http:\/\/bonycom.hu\/old\/wp-json\/wp\/v2\/pages\/5258","targetHints":{"allow":["GET"]}}],"collection":[{"href":"http:\/\/bonycom.hu\/old\/wp-json\/wp\/v2\/pages"}],"about":[{"href":"http:\/\/bonycom.hu\/old\/wp-json\/wp\/v2\/types\/page"}],"author":[{"embeddable":true,"href":"http:\/\/bonycom.hu\/old\/wp-json\/wp\/v2\/users\/4"}],"replies":[{"embeddable":true,"href":"http:\/\/bonycom.hu\/old\/wp-json\/wp\/v2\/comments?post=5258"}],"version-history":[{"count":8,"href":"http:\/\/bonycom.hu\/old\/wp-json\/wp\/v2\/pages\/5258\/revisions"}],"predecessor-version":[{"id":10330,"href":"http:\/\/bonycom.hu\/old\/wp-json\/wp\/v2\/pages\/5258\/revisions\/10330"}],"up":[{"embeddable":true,"href":"http:\/\/bonycom.hu\/old\/wp-json\/wp\/v2\/pages\/9"}],"wp:attachment":[{"href":"http:\/\/bonycom.hu\/old\/wp-json\/wp\/v2\/media?parent=5258"}],"curies":[{"name":"wp","href":"https:\/\/api.w.org\/{rel}","templated":true}]}}