	{"id":855,"date":"2017-06-04T11:15:50","date_gmt":"2017-06-04T09:15:50","guid":{"rendered":"http:\/\/bonycom.hu\/?page_id=855"},"modified":"2024-09-25T09:59:11","modified_gmt":"2024-09-25T07:59:11","slug":"termalfurdo","status":"publish","type":"page","link":"http:\/\/bonycom.hu\/old\/dijaink\/termalfurdo\/","title":{"rendered":"Term\u00e1lf\u00fcrd\u0151"},"content":{"rendered":"<p><span style=\"text-decoration: underline;\"><strong><span style=\"color: #3366ff; text-decoration: underline;\">A Term\u00e1lf\u00fcrd\u0151 \u00e9rv\u00e9nyes d\u00edjai:<\/span><\/strong><\/span><\/p>\r\n<p>&nbsp;<\/p>\r\n<p style=\"text-align: center;\"><a href=\"http:\/\/bonycom.hu\/wp-content\/uploads\/2017\/05\/strand_jegyarak_20240715_.jpg\"><img loading=\"lazy\" decoding=\"async\" alt=\"\" class=\"alignnone size-medium wp-image-10354\" height=\"300\" src=\"http:\/\/bonycom.hu\/wp-content\/uploads\/2017\/05\/strand_jegyarak_20240715_-222x300.jpg\" width=\"222\" srcset=\"http:\/\/bonycom.hu\/old\/wp-content\/uploads\/2017\/05\/strand_jegyarak_20240715_-222x300.jpg 222w, http:\/\/bonycom.hu\/old\/wp-content\/uploads\/2017\/05\/strand_jegyarak_20240715_-768x1038.jpg 768w, http:\/\/bonycom.hu\/old\/wp-content\/uploads\/2017\/05\/strand_jegyarak_20240715_-666x900.jpg 666w, http:\/\/bonycom.hu\/old\/wp-content\/uploads\/2017\/05\/strand_jegyarak_20240715_-148x200.jpg 148w, http:\/\/bonycom.hu\/old\/wp-content\/uploads\/2017\/05\/strand_jegyarak_20240715_-296x400.jpg 296w\" sizes=\"auto, (max-width: 222px) 100vw, 222px\" \/><\/a><br \/>\r\n <a href=\"http:\/\/bonycom.hu\/wp-content\/uploads\/2017\/06\/bonyhadi_termalfurdo_jegyarak.png\"><br \/>\r\n <\/a><\/p>","protected":false},"excerpt":{"rendered":"A Term\u00e1lf\u00fcrd\u0151 \u00e9rv\u00e9nyes d\u00edjai: &nbsp;","protected":false},"author":4,"featured_media":0,"parent":140,"menu_order":0,"comment_status":"closed","ping_status":"closed","template":"","meta":{"_monsterinsights_skip_tracking":false,"_monsterinsights_sitenote_active":false,"_monsterinsights_sitenote_note":"","_monsterinsights_sitenote_category":0,"footnotes":""},"class_list":["post-855","page","type-page","status-publish","hentry"],"yoast_head":"<!-- This site is optimized with the Yoast SEO plugin v26.6 - https:\/\/yoast.com\/wordpress\/plugins\/seo\/ -->\n<title>Term\u00e1lf\u00fcrd\u0151 - Bonycom - Bonyh\u00e1di K\u00f6z\u00fczemi Nonprofit Kft.<\/title>\n<meta name=\"robots\" content=\"index, follow, max-snippet:-1, max-image-preview:large, max-video-preview:-1\" \/>\n<link rel=\"canonical\" href=\"http:\/\/bonycom.hu\/old\/dijaink\/termalfurdo\/\" \/>\n<meta property=\"og:locale\" content=\"hu_HU\" \/>\n<meta property=\"og:type\" content=\"article\" \/>\n<meta property=\"og:title\" content=\"Term\u00e1lf\u00fcrd\u0151 - Bonycom - Bonyh\u00e1di K\u00f6z\u00fczemi Nonprofit Kft.\" \/>\n<meta property=\"og:description\" content=\"A Term\u00e1lf\u00fcrd\u0151 \u00e9rv\u00e9nyes d\u00edjai: &nbsp;\" \/>\n<meta property=\"og:url\" content=\"http:\/\/bonycom.hu\/old\/dijaink\/termalfurdo\/\" \/>\n<meta property=\"og:site_name\" content=\"Bonycom - Bonyh\u00e1di K\u00f6z\u00fczemi Nonprofit Kft.\" \/>\n<meta property=\"article:modified_time\" content=\"2024-09-25T07:59:11+00:00\" \/>\n<meta property=\"og:image\" content=\"http:\/\/bonycom.hu\/wp-content\/uploads\/2017\/05\/strand_jegyarak_20240715_-222x300.jpg\" \/>\n<!-- \/ Yoast SEO plugin. -->","yoast_head_json":{"title":"Term\u00e1lf\u00fcrd\u0151 - Bonycom - Bonyh\u00e1di K\u00f6z\u00fczemi Nonprofit Kft.","robots":{"index":"index","follow":"follow","max-snippet":"max-snippet:-1","max-image-preview":"max-image-preview:large","max-video-preview":"max-video-preview:-1"},"canonical":"http:\/\/bonycom.hu\/old\/dijaink\/termalfurdo\/","og_locale":"hu_HU","og_type":"article","og_title":"Term\u00e1lf\u00fcrd\u0151 - Bonycom - Bonyh\u00e1di K\u00f6z\u00fczemi Nonprofit Kft.","og_description":"A Term\u00e1lf\u00fcrd\u0151 \u00e9rv\u00e9nyes d\u00edjai: &nbsp;","og_url":"http:\/\/bonycom.hu\/old\/dijaink\/termalfurdo\/","og_site_name":"Bonycom - Bonyh\u00e1di K\u00f6z\u00fczemi Nonprofit Kft.","article_modified_time":"2024-09-25T07:59:11+00:00","og_image":[{"url":"http:\/\/bonycom.hu\/wp-content\/uploads\/2017\/05\/strand_jegyarak_20240715_-222x300.jpg","type":"","width":"","height":""}],"schema":{"@context":"https:\/\/schema.org","@graph":[{"@type":"WebPage","@id":"http:\/\/bonycom.hu\/old\/dijaink\/termalfurdo\/","url":"http:\/\/bonycom.hu\/old\/dijaink\/termalfurdo\/","name":"Term\u00e1lf\u00fcrd\u0151 - Bonycom - Bonyh\u00e1di K\u00f6z\u00fczemi Nonprofit Kft.","isPartOf":{"@id":"https:\/\/bonycom.hu\/old\/#website"},"primaryImageOfPage":{"@id":"http:\/\/bonycom.hu\/old\/dijaink\/termalfurdo\/#primaryimage"},"image":{"@id":"http:\/\/bonycom.hu\/old\/dijaink\/termalfurdo\/#primaryimage"},"thumbnailUrl":"http:\/\/bonycom.hu\/wp-content\/uploads\/2017\/05\/strand_jegyarak_20240715_-222x300.jpg","datePublished":"2017-06-04T09:15:50+00:00","dateModified":"2024-09-25T07:59:11+00:00","breadcrumb":{"@id":"http:\/\/bonycom.hu\/old\/dijaink\/termalfurdo\/#breadcrumb"},"inLanguage":"hu","potentialAction":[{"@type":"ReadAction","target":["http:\/\/bonycom.hu\/old\/dijaink\/termalfurdo\/"]}]},{"@type":"ImageObject","inLanguage":"hu","@id":"http:\/\/bonycom.hu\/old\/dijaink\/termalfurdo\/#primaryimage","url":"http:\/\/bonycom.hu\/wp-content\/uploads\/2017\/05\/strand_jegyarak_20240715_-222x300.jpg","contentUrl":"http:\/\/bonycom.hu\/wp-content\/uploads\/2017\/05\/strand_jegyarak_20240715_-222x300.jpg"},{"@type":"BreadcrumbList","@id":"http:\/\/bonycom.hu\/old\/dijaink\/termalfurdo\/#breadcrumb","itemListElement":[{"@type":"ListItem","position":1,"name":"Home","item":"https:\/\/bonycom.hu\/old\/"},{"@type":"ListItem","position":2,"name":"D\u00edjaink","item":"http:\/\/bonycom.hu\/old\/dijaink\/"},{"@type":"ListItem","position":3,"name":"Term\u00e1lf\u00fcrd\u0151"}]},{"@type":"WebSite","@id":"https:\/\/bonycom.hu\/old\/#website","url":"https:\/\/bonycom.hu\/old\/","name":"Bonycom - Bonyh\u00e1di K\u00f6z\u00fczemi Nonprofit Kft.","description":"","inLanguage":"hu"}]}},"_links":{"self":[{"href":"http:\/\/bonycom.hu\/old\/wp-json\/wp\/v2\/pages\/855","targetHints":{"allow":["GET"]}}],"collection":[{"href":"http:\/\/bonycom.hu\/old\/wp-json\/wp\/v2\/pages"}],"about":[{"href":"http:\/\/bonycom.hu\/old\/wp-json\/wp\/v2\/types\/page"}],"author":[{"embeddable":true,"href":"http:\/\/bonycom.hu\/old\/wp-json\/wp\/v2\/users\/4"}],"replies":[{"embeddable":true,"href":"http:\/\/bonycom.hu\/old\/wp-json\/wp\/v2\/comments?post=855"}],"version-history":[{"count":40,"href":"http:\/\/bonycom.hu\/old\/wp-json\/wp\/v2\/pages\/855\/revisions"}],"predecessor-version":[{"id":10357,"href":"http:\/\/bonycom.hu\/old\/wp-json\/wp\/v2\/pages\/855\/revisions\/10357"}],"up":[{"embeddable":true,"href":"http:\/\/bonycom.hu\/old\/wp-json\/wp\/v2\/pages\/140"}],"wp:attachment":[{"href":"http:\/\/bonycom.hu\/old\/wp-json\/wp\/v2\/media?parent=855"}],"curies":[{"name":"wp","href":"https:\/\/api.w.org\/{rel}","templated":true}]}}