	{"id":9,"date":"2013-01-15T21:25:55","date_gmt":"2013-01-15T20:25:55","guid":{"rendered":"http:\/\/bonycom.hu\/?page_id=9"},"modified":"2014-01-10T09:28:56","modified_gmt":"2014-01-10T08:28:56","slug":"bonycom-kft","status":"publish","type":"page","link":"http:\/\/bonycom.hu\/old\/bonycom-kft\/","title":{"rendered":"Bonycom NKft"},"content":{"rendered":"<ul>\r\n<li><a href=\"http:\/\/bonycom.hu\/bonycom-kft\/telephelyek\/\" title=\"Telephelyek\">Telephelyek<\/a><\/li>\r\n<li><a href=\"http:\/\/bonycom.hu\/bonycom-kft\/munkatarsak\/\" title=\"Munkat\u00e1rsak\">Munkat\u00e1rsak<\/a><\/li>\r\n<\/ul>","protected":false},"excerpt":{"rendered":"Telephelyek Munkat\u00e1rsak","protected":false},"author":3,"featured_media":0,"parent":0,"menu_order":0,"comment_status":"closed","ping_status":"closed","template":"","meta":{"_monsterinsights_skip_tracking":false,"_monsterinsights_sitenote_active":false,"_monsterinsights_sitenote_note":"","_monsterinsights_sitenote_category":0,"footnotes":""},"class_list":["post-9","page","type-page","status-publish","hentry"],"yoast_head":"<!-- This site is optimized with the Yoast SEO plugin v26.6 - https:\/\/yoast.com\/wordpress\/plugins\/seo\/ -->\n<title>Bonycom NKft - Bonycom - Bonyh\u00e1di K\u00f6z\u00fczemi Nonprofit Kft.<\/title>\n<meta name=\"robots\" content=\"index, follow, max-snippet:-1, max-image-preview:large, max-video-preview:-1\" \/>\n<link rel=\"canonical\" href=\"https:\/\/bonycom.hu\/old\/bonycom-kft\/\" \/>\n<meta property=\"og:locale\" content=\"hu_HU\" \/>\n<meta property=\"og:type\" content=\"article\" \/>\n<meta property=\"og:title\" content=\"Bonycom NKft - Bonycom - Bonyh\u00e1di K\u00f6z\u00fczemi Nonprofit Kft.\" \/>\n<meta property=\"og:description\" content=\"Telephelyek Munkat\u00e1rsak\" \/>\n<meta property=\"og:url\" content=\"https:\/\/bonycom.hu\/old\/bonycom-kft\/\" \/>\n<meta property=\"og:site_name\" content=\"Bonycom - Bonyh\u00e1di K\u00f6z\u00fczemi Nonprofit Kft.\" \/>\n<meta property=\"article:modified_time\" content=\"2014-01-10T08:28:56+00:00\" \/>\n<!-- \/ Yoast SEO plugin. -->","yoast_head_json":{"title":"Bonycom NKft - Bonycom - Bonyh\u00e1di K\u00f6z\u00fczemi Nonprofit Kft.","robots":{"index":"index","follow":"follow","max-snippet":"max-snippet:-1","max-image-preview":"max-image-preview:large","max-video-preview":"max-video-preview:-1"},"canonical":"https:\/\/bonycom.hu\/old\/bonycom-kft\/","og_locale":"hu_HU","og_type":"article","og_title":"Bonycom NKft - Bonycom - Bonyh\u00e1di K\u00f6z\u00fczemi Nonprofit Kft.","og_description":"Telephelyek Munkat\u00e1rsak","og_url":"https:\/\/bonycom.hu\/old\/bonycom-kft\/","og_site_name":"Bonycom - Bonyh\u00e1di K\u00f6z\u00fczemi Nonprofit Kft.","article_modified_time":"2014-01-10T08:28:56+00:00","schema":{"@context":"https:\/\/schema.org","@graph":[{"@type":"WebPage","@id":"https:\/\/bonycom.hu\/old\/bonycom-kft\/","url":"https:\/\/bonycom.hu\/old\/bonycom-kft\/","name":"Bonycom NKft - Bonycom - Bonyh\u00e1di K\u00f6z\u00fczemi Nonprofit Kft.","isPartOf":{"@id":"https:\/\/bonycom.hu\/old\/#website"},"datePublished":"2013-01-15T20:25:55+00:00","dateModified":"2014-01-10T08:28:56+00:00","breadcrumb":{"@id":"https:\/\/bonycom.hu\/old\/bonycom-kft\/#breadcrumb"},"inLanguage":"hu","potentialAction":[{"@type":"ReadAction","target":["https:\/\/bonycom.hu\/old\/bonycom-kft\/"]}]},{"@type":"BreadcrumbList","@id":"https:\/\/bonycom.hu\/old\/bonycom-kft\/#breadcrumb","itemListElement":[{"@type":"ListItem","position":1,"name":"Home","item":"https:\/\/bonycom.hu\/old\/"},{"@type":"ListItem","position":2,"name":"Bonycom NKft"}]},{"@type":"WebSite","@id":"https:\/\/bonycom.hu\/old\/#website","url":"https:\/\/bonycom.hu\/old\/","name":"Bonycom - Bonyh\u00e1di K\u00f6z\u00fczemi Nonprofit Kft.","description":"","inLanguage":"hu"}]}},"_links":{"self":[{"href":"http:\/\/bonycom.hu\/old\/wp-json\/wp\/v2\/pages\/9","targetHints":{"allow":["GET"]}}],"collection":[{"href":"http:\/\/bonycom.hu\/old\/wp-json\/wp\/v2\/pages"}],"about":[{"href":"http:\/\/bonycom.hu\/old\/wp-json\/wp\/v2\/types\/page"}],"author":[{"embeddable":true,"href":"http:\/\/bonycom.hu\/old\/wp-json\/wp\/v2\/users\/3"}],"replies":[{"embeddable":true,"href":"http:\/\/bonycom.hu\/old\/wp-json\/wp\/v2\/comments?post=9"}],"version-history":[{"count":22,"href":"http:\/\/bonycom.hu\/old\/wp-json\/wp\/v2\/pages\/9\/revisions"}],"predecessor-version":[{"id":2686,"href":"http:\/\/bonycom.hu\/old\/wp-json\/wp\/v2\/pages\/9\/revisions\/2686"}],"wp:attachment":[{"href":"http:\/\/bonycom.hu\/old\/wp-json\/wp\/v2\/media?parent=9"}],"curies":[{"name":"wp","href":"https:\/\/api.w.org\/{rel}","templated":true}]}}